{"id":4759,"date":"2018-04-07T19:55:51","date_gmt":"2018-04-07T19:55:51","guid":{"rendered":"http:\/\/ponistra.hr\/proizvodi\/pvc-profili\/"},"modified":"2025-04-14T09:39:35","modified_gmt":"2025-04-14T09:39:35","slug":"pvc-profile","status":"publish","type":"page","link":"https:\/\/ponistra.hr\/de\/produkte\/pvc-profile\/","title":{"rendered":"PVC Profile"},"content":{"rendered":"<div class=\"wpb-content-wrapper\"><p>[vc_row rt_row_background_width=&#8220;fullwidth&#8220; rt_row_content_width=&#8220;default&#8220; rt_row_style=&#8220;default-style&#8220; rt_row_height=&#8220;&#8220; rt_column_gaps=&#8220;&#8220; rt_row_shadows=&#8220;&#8220; rt_row_borders=&#8220;&#8220; rt_bg_effect=&#8220;classic&#8220; rt_bg_image_repeat=&#8220;repeat&#8220; rt_bg_size=&#8220;cover&#8220; rt_bg_position=&#8220;right top&#8220; rt_bg_attachment=&#8220;scroll&#8220; rt_bg_layer=&#8220;&#8220; rt_bg_video_format=&#8220;self-hosted&#8220;][vc_column width=&#8220;1\/2&#8243; rt_bg_effect=&#8220;classic&#8220; rt_bg_image_repeat=&#8220;repeat&#8220; rt_bg_size=&#8220;auto auto&#8220; rt_bg_position=&#8220;right top&#8220; rt_bg_attachment=&#8220;scroll&#8220;][vc_column_text css=&#8220;&#8220;]<\/p>\n<h3>Profil Gealan S9000<\/h3>\n<p>Profil Gealan S9000 verf\u00fcgt standardm\u00e4\u00dfig \u00fcber sechs Kammer Au\u00dfenabdichtungssystem (drei Dichtungen).<\/p>\n<p>Profilst\u00e4rke ist 83 mm.<\/p>\n<p><a class=\"ponistra-download-btn\" href=\"http:\/\/ponistra.hr\/wp-content\/uploads\/2018\/04\/GEALAN-S-9000-prozorski-sustav-3d.pdf\" target=\"_blank\" rel=\"noopener\">Mehr Infos \u00fcber Gealan S9000 Profil erfahren Sie hier.<\/a>[\/vc_column_text][\/vc_column][vc_column width=&#8220;1\/2&#8243; rt_bg_effect=&#8220;classic&#8220; rt_bg_image_repeat=&#8220;repeat&#8220; rt_bg_size=&#8220;auto auto&#8220; rt_bg_position=&#8220;right top&#8220; rt_bg_attachment=&#8220;scroll&#8220;][vc_single_image image=&#8220;4756&#8243; img_size=&#8220;full&#8220; onclick=&#8220;link_image&#8220;][\/vc_column][\/vc_row][vc_row rt_row_background_width=&#8220;fullwidth&#8220; rt_row_content_width=&#8220;default&#8220; rt_row_style=&#8220;default-style&#8220; rt_row_height=&#8220;&#8220; rt_column_gaps=&#8220;&#8220; rt_row_shadows=&#8220;&#8220; rt_row_borders=&#8220;&#8220; rt_bg_effect=&#8220;classic&#8220; rt_bg_image_repeat=&#8220;repeat&#8220; rt_bg_size=&#8220;cover&#8220; rt_bg_position=&#8220;right top&#8220; rt_bg_attachment=&#8220;scroll&#8220; rt_bg_layer=&#8220;&#8220; rt_bg_video_format=&#8220;self-hosted&#8220;][vc_column width=&#8220;1\/2&#8243; rt_bg_effect=&#8220;classic&#8220; rt_bg_image_repeat=&#8220;repeat&#8220; rt_bg_size=&#8220;auto auto&#8220; rt_bg_position=&#8220;right top&#8220; rt_bg_attachment=&#8220;scroll&#8220;][vc_column_text]<\/p>\n<h3>Profil PONISTRA Schiebefenster<\/h3>\n<p>Mehr Licht, mehr Luft, mehr Raum. Das Motto gilt f\u00fcr Schiebefenster, bei denen Fensterfl\u00fcgel niemals in Raum steht, sondern auch bei gro\u00dfen Elementen sicher und problemlos in die Seite verschoben wird.<\/p>\n<h3><a class=\"ponistra-download-btn\" style=\"font-size: 16px; font-weight: normal;\" href=\"http:\/\/ponistra.hr\/wp-content\/uploads\/2018\/04\/Schiebefenster-HR.pdf\" target=\"_blank\" rel=\"noopener\">Brosch\u00fcre f\u00fcr PONISTRA Schiebefenster \u00fcbernehmen.<\/a><\/h3>\n<p>[\/vc_column_text][\/vc_column][vc_column width=&#8220;1\/2&#8243; rt_bg_effect=&#8220;classic&#8220; rt_bg_image_repeat=&#8220;repeat&#8220; rt_bg_size=&#8220;auto auto&#8220; rt_bg_position=&#8220;right top&#8220; rt_bg_attachment=&#8220;scroll&#8220;][vc_single_image image=&#8220;4754&#8243; img_size=&#8220;full&#8220; onclick=&#8220;link_image&#8220;][\/vc_column][\/vc_row]<\/p>\n<\/div>","protected":false},"excerpt":{"rendered":"<p>[vc_row rt_row_background_width=&#8220;fullwidth&#8220; rt_row_content_width=&#8220;default&#8220; rt_row_style=&#8220;default-style&#8220; rt_row_height=&#8220;&#8220; rt_column_gaps=&#8220;&#8220; rt_row_shadows=&#8220;&#8220; rt_row_borders=&#8220;&#8220; rt_bg_effect=&#8220;classic&#8220; rt_bg_image_repeat=&#8220;repeat&#8220; rt_bg_size=&#8220;cover&#8220; rt_bg_position=&#8220;right top&#8220; rt_bg_attachment=&#8220;scroll&#8220; rt_bg_layer=&#8220;&#8220; rt_bg_video_format=&#8220;self-hosted&#8220;][vc_column width=&#8220;1\/2&#8243; rt_bg_effect=&#8220;classic&#8220; rt_bg_image_repeat=&#8220;repeat&#8220; rt_bg_size=&#8220;auto auto&#8220; rt_bg_position=&#8220;right top&#8220; rt_bg_attachment=&#8220;scroll&#8220;][vc_column_text css=&#8220;&#8220;] Profil Gealan S9000 Profil Gealan S9000 verf\u00fcgt standardm\u00e4\u00dfig \u00fcber sechs Kammer Au\u00dfenabdichtungssystem (drei Dichtungen). Profilst\u00e4rke ist 83 mm. Mehr Infos \u00fcber Gealan S9000 Profil erfahren Sie hier.[\/vc_column_text][\/vc_column][vc_column width=&#8220;1\/2&#8243; rt_bg_effect=&#8220;classic&#8220; rt_bg_image_repeat=&#8220;repeat&#8220; [&hellip;]<\/p>\n","protected":false},"author":1,"featured_media":8427,"parent":4705,"menu_order":0,"comment_status":"closed","ping_status":"closed","template":"","meta":{"footnotes":""},"class_list":["post-4759","page","type-page","status-publish","has-post-thumbnail","hentry"],"yoast_head":"<!-- This site is optimized with the Yoast SEO plugin v27.3 - https:\/\/yoast.com\/product\/yoast-seo-wordpress\/ -->\n<title>PVC Profile - Ponistra Biorine<\/title>\n<meta name=\"description\" content=\"Profil PONISTRA 2D verf\u00fcgt standardm\u00e4\u00dfig \u00fcber sechs Kammer und Au\u00dfenabdichtungssystem (zwei Dichtungen).P\" \/>\n<meta name=\"robots\" content=\"index, follow, max-snippet:-1, max-image-preview:large, max-video-preview:-1\" \/>\n<link rel=\"canonical\" href=\"https:\/\/ponistra.hr\/de\/produkte\/pvc-profile\/\" \/>\n<meta property=\"og:locale\" content=\"de_DE\" \/>\n<meta property=\"og:type\" content=\"article\" \/>\n<meta property=\"og:title\" content=\"PVC Profile - Ponistra Biorine\" \/>\n<meta property=\"og:description\" content=\"Profil PONISTRA 2D verf\u00fcgt standardm\u00e4\u00dfig \u00fcber sechs Kammer und Au\u00dfenabdichtungssystem (zwei Dichtungen).P\" \/>\n<meta property=\"og:url\" content=\"https:\/\/ponistra.hr\/de\/produkte\/pvc-profile\/\" \/>\n<meta property=\"og:site_name\" content=\"Ponistra Biorine\" \/>\n<meta property=\"article:modified_time\" content=\"2025-04-14T09:39:35+00:00\" \/>\n<meta property=\"og:image\" content=\"https:\/\/ponistra.hr\/wp-content\/uploads\/2018\/04\/Ponistra-2D.jpg\" \/>\n\t<meta property=\"og:image:width\" content=\"768\" \/>\n\t<meta property=\"og:image:height\" content=\"768\" \/>\n\t<meta property=\"og:image:type\" content=\"image\/jpeg\" \/>\n<meta name=\"twitter:card\" content=\"summary_large_image\" \/>\n<meta name=\"twitter:label1\" content=\"Gesch\u00e4tzte Lesezeit\" \/>\n\t<meta name=\"twitter:data1\" content=\"1\u00a0Minute\" \/>\n<script type=\"application\/ld+json\" class=\"yoast-schema-graph\">{\"@context\":\"https:\\\/\\\/schema.org\",\"@graph\":[{\"@type\":\"WebPage\",\"@id\":\"https:\\\/\\\/ponistra.hr\\\/de\\\/produkte\\\/pvc-profile\\\/\",\"url\":\"https:\\\/\\\/ponistra.hr\\\/de\\\/produkte\\\/pvc-profile\\\/\",\"name\":\"PVC Profile - Ponistra Biorine\",\"isPartOf\":{\"@id\":\"https:\\\/\\\/ponistra.hr\\\/#website\"},\"primaryImageOfPage\":{\"@id\":\"https:\\\/\\\/ponistra.hr\\\/de\\\/produkte\\\/pvc-profile\\\/#primaryimage\"},\"image\":{\"@id\":\"https:\\\/\\\/ponistra.hr\\\/de\\\/produkte\\\/pvc-profile\\\/#primaryimage\"},\"thumbnailUrl\":\"https:\\\/\\\/ponistra.hr\\\/wp-content\\\/uploads\\\/2018\\\/04\\\/Ponistra-2D.jpg\",\"datePublished\":\"2018-04-07T19:55:51+00:00\",\"dateModified\":\"2025-04-14T09:39:35+00:00\",\"description\":\"Profil PONISTRA 2D verf\u00fcgt standardm\u00e4\u00dfig \u00fcber sechs Kammer und Au\u00dfenabdichtungssystem (zwei Dichtungen).P\",\"breadcrumb\":{\"@id\":\"https:\\\/\\\/ponistra.hr\\\/de\\\/produkte\\\/pvc-profile\\\/#breadcrumb\"},\"inLanguage\":\"de\",\"potentialAction\":[{\"@type\":\"ReadAction\",\"target\":[\"https:\\\/\\\/ponistra.hr\\\/de\\\/produkte\\\/pvc-profile\\\/\"]}]},{\"@type\":\"ImageObject\",\"inLanguage\":\"de\",\"@id\":\"https:\\\/\\\/ponistra.hr\\\/de\\\/produkte\\\/pvc-profile\\\/#primaryimage\",\"url\":\"https:\\\/\\\/ponistra.hr\\\/wp-content\\\/uploads\\\/2018\\\/04\\\/Ponistra-2D.jpg\",\"contentUrl\":\"https:\\\/\\\/ponistra.hr\\\/wp-content\\\/uploads\\\/2018\\\/04\\\/Ponistra-2D.jpg\",\"width\":768,\"height\":768},{\"@type\":\"BreadcrumbList\",\"@id\":\"https:\\\/\\\/ponistra.hr\\\/de\\\/produkte\\\/pvc-profile\\\/#breadcrumb\",\"itemListElement\":[{\"@type\":\"ListItem\",\"position\":1,\"name\":\"Home\",\"item\":\"https:\\\/\\\/ponistra.hr\\\/de\\\/\"},{\"@type\":\"ListItem\",\"position\":2,\"name\":\"Produkte\",\"item\":\"https:\\\/\\\/ponistra.hr\\\/de\\\/produkte\\\/\"},{\"@type\":\"ListItem\",\"position\":3,\"name\":\"PVC Profile\"}]},{\"@type\":\"WebSite\",\"@id\":\"https:\\\/\\\/ponistra.hr\\\/#website\",\"url\":\"https:\\\/\\\/ponistra.hr\\\/\",\"name\":\"Ponistra Biorine\",\"description\":\"quality and innovation\",\"potentialAction\":[{\"@type\":\"SearchAction\",\"target\":{\"@type\":\"EntryPoint\",\"urlTemplate\":\"https:\\\/\\\/ponistra.hr\\\/?s={search_term_string}\"},\"query-input\":{\"@type\":\"PropertyValueSpecification\",\"valueRequired\":true,\"valueName\":\"search_term_string\"}}],\"inLanguage\":\"de\"}]}<\/script>\n<!-- \/ Yoast SEO plugin. -->","yoast_head_json":{"title":"PVC Profile - Ponistra Biorine","description":"Profil PONISTRA 2D verf\u00fcgt standardm\u00e4\u00dfig \u00fcber sechs Kammer und Au\u00dfenabdichtungssystem (zwei Dichtungen).P","robots":{"index":"index","follow":"follow","max-snippet":"max-snippet:-1","max-image-preview":"max-image-preview:large","max-video-preview":"max-video-preview:-1"},"canonical":"https:\/\/ponistra.hr\/de\/produkte\/pvc-profile\/","og_locale":"de_DE","og_type":"article","og_title":"PVC Profile - Ponistra Biorine","og_description":"Profil PONISTRA 2D verf\u00fcgt standardm\u00e4\u00dfig \u00fcber sechs Kammer und Au\u00dfenabdichtungssystem (zwei Dichtungen).P","og_url":"https:\/\/ponistra.hr\/de\/produkte\/pvc-profile\/","og_site_name":"Ponistra Biorine","article_modified_time":"2025-04-14T09:39:35+00:00","og_image":[{"width":768,"height":768,"url":"https:\/\/ponistra.hr\/wp-content\/uploads\/2018\/04\/Ponistra-2D.jpg","type":"image\/jpeg"}],"twitter_card":"summary_large_image","twitter_misc":{"Gesch\u00e4tzte Lesezeit":"1\u00a0Minute"},"schema":{"@context":"https:\/\/schema.org","@graph":[{"@type":"WebPage","@id":"https:\/\/ponistra.hr\/de\/produkte\/pvc-profile\/","url":"https:\/\/ponistra.hr\/de\/produkte\/pvc-profile\/","name":"PVC Profile - Ponistra Biorine","isPartOf":{"@id":"https:\/\/ponistra.hr\/#website"},"primaryImageOfPage":{"@id":"https:\/\/ponistra.hr\/de\/produkte\/pvc-profile\/#primaryimage"},"image":{"@id":"https:\/\/ponistra.hr\/de\/produkte\/pvc-profile\/#primaryimage"},"thumbnailUrl":"https:\/\/ponistra.hr\/wp-content\/uploads\/2018\/04\/Ponistra-2D.jpg","datePublished":"2018-04-07T19:55:51+00:00","dateModified":"2025-04-14T09:39:35+00:00","description":"Profil PONISTRA 2D verf\u00fcgt standardm\u00e4\u00dfig \u00fcber sechs Kammer und Au\u00dfenabdichtungssystem (zwei Dichtungen).P","breadcrumb":{"@id":"https:\/\/ponistra.hr\/de\/produkte\/pvc-profile\/#breadcrumb"},"inLanguage":"de","potentialAction":[{"@type":"ReadAction","target":["https:\/\/ponistra.hr\/de\/produkte\/pvc-profile\/"]}]},{"@type":"ImageObject","inLanguage":"de","@id":"https:\/\/ponistra.hr\/de\/produkte\/pvc-profile\/#primaryimage","url":"https:\/\/ponistra.hr\/wp-content\/uploads\/2018\/04\/Ponistra-2D.jpg","contentUrl":"https:\/\/ponistra.hr\/wp-content\/uploads\/2018\/04\/Ponistra-2D.jpg","width":768,"height":768},{"@type":"BreadcrumbList","@id":"https:\/\/ponistra.hr\/de\/produkte\/pvc-profile\/#breadcrumb","itemListElement":[{"@type":"ListItem","position":1,"name":"Home","item":"https:\/\/ponistra.hr\/de\/"},{"@type":"ListItem","position":2,"name":"Produkte","item":"https:\/\/ponistra.hr\/de\/produkte\/"},{"@type":"ListItem","position":3,"name":"PVC Profile"}]},{"@type":"WebSite","@id":"https:\/\/ponistra.hr\/#website","url":"https:\/\/ponistra.hr\/","name":"Ponistra Biorine","description":"quality and innovation","potentialAction":[{"@type":"SearchAction","target":{"@type":"EntryPoint","urlTemplate":"https:\/\/ponistra.hr\/?s={search_term_string}"},"query-input":{"@type":"PropertyValueSpecification","valueRequired":true,"valueName":"search_term_string"}}],"inLanguage":"de"}]}},"_links":{"self":[{"href":"https:\/\/ponistra.hr\/de\/wp-json\/wp\/v2\/pages\/4759","targetHints":{"allow":["GET"]}}],"collection":[{"href":"https:\/\/ponistra.hr\/de\/wp-json\/wp\/v2\/pages"}],"about":[{"href":"https:\/\/ponistra.hr\/de\/wp-json\/wp\/v2\/types\/page"}],"author":[{"embeddable":true,"href":"https:\/\/ponistra.hr\/de\/wp-json\/wp\/v2\/users\/1"}],"replies":[{"embeddable":true,"href":"https:\/\/ponistra.hr\/de\/wp-json\/wp\/v2\/comments?post=4759"}],"version-history":[{"count":4,"href":"https:\/\/ponistra.hr\/de\/wp-json\/wp\/v2\/pages\/4759\/revisions"}],"predecessor-version":[{"id":8928,"href":"https:\/\/ponistra.hr\/de\/wp-json\/wp\/v2\/pages\/4759\/revisions\/8928"}],"up":[{"embeddable":true,"href":"https:\/\/ponistra.hr\/de\/wp-json\/wp\/v2\/pages\/4705"}],"wp:featuredmedia":[{"embeddable":true,"href":"https:\/\/ponistra.hr\/de\/wp-json\/wp\/v2\/media\/8427"}],"wp:attachment":[{"href":"https:\/\/ponistra.hr\/de\/wp-json\/wp\/v2\/media?parent=4759"}],"curies":[{"name":"wp","href":"https:\/\/api.w.org\/{rel}","templated":true}]}}