{"id":4817,"date":"2018-04-08T18:53:53","date_gmt":"2018-04-08T18:53:53","guid":{"rendered":"http:\/\/ponistra.hr\/proizvodi\/pvc-prozori\/"},"modified":"2024-06-13T09:22:28","modified_gmt":"2024-06-13T09:22:28","slug":"pvc-fenster","status":"publish","type":"page","link":"https:\/\/ponistra.hr\/de\/produkte\/pvc-fenster\/","title":{"rendered":"PVC Fenster"},"content":{"rendered":"<div class=\"wpb-content-wrapper\"><p>[vc_row rt_row_background_width=&#8220;fullwidth&#8220; rt_row_content_width=&#8220;default&#8220; rt_row_style=&#8220;default-style&#8220; rt_row_height=&#8220;&#8220; rt_column_gaps=&#8220;&#8220; rt_row_shadows=&#8220;&#8220; rt_row_borders=&#8220;&#8220; rt_bg_effect=&#8220;classic&#8220; rt_bg_image_repeat=&#8220;repeat&#8220; rt_bg_size=&#8220;cover&#8220; rt_bg_position=&#8220;right top&#8220; rt_bg_attachment=&#8220;scroll&#8220; rt_bg_layer=&#8220;&#8220; rt_bg_video_format=&#8220;self-hosted&#8220;][vc_column rt_bg_effect=&#8220;classic&#8220; rt_bg_image_repeat=&#8220;repeat&#8220; rt_bg_size=&#8220;auto auto&#8220; rt_bg_position=&#8220;right top&#8220; rt_bg_attachment=&#8220;scroll&#8220;][vc_column_text]<strong>Fenster<\/strong>\u00a0sind heute ein wesentliches Element der Architektur. Einst hatten sie lediglich die Funktion, nicht aber das Aussehen. Nun bietet sich die M\u00f6glichkeit, dies auch zu \u00e4ndern.<\/p>\n<p><strong>PVC Fenster<\/strong>\u00a0werden in allen Gr\u00f6\u00dfen, Gestaltungen und Farben gefertigt, und sie k\u00f6nnen auf jede Weise ge\u00f6ffnet werden, sei es kippbar oder drehbar.<\/p>\n<p>Mit unseren\u00a0<strong>PVC Fenstern<\/strong>\u00a0erhalten Sie hohe Qualit\u00e4t, Funktionalit\u00e4t, W\u00e4rme- und Schalld\u00e4mmung sowie einfache Pflege. Und \u00fcber alles die M\u00f6glichkeit, Ihre W\u00fcnsche wie Freiheit bei Gestaltung, Farbenauswahl und \u00e4sthetischem Aussehen allgemein erf\u00fcllt zu haben.<\/p>\n<p>Unsere Fenster wurden durch Verwendung von Profilen des renommierten deutschen Herstellers\u00a0<strong>Gealan<\/strong>\u00a0gefertigt.[\/vc_column_text][\/vc_column][\/vc_row][vc_row rt_row_background_width=&#8220;fullwidth&#8220; rt_row_content_width=&#8220;default&#8220; rt_row_style=&#8220;default-style&#8220; rt_row_height=&#8220;&#8220; rt_column_gaps=&#8220;&#8220; rt_row_shadows=&#8220;&#8220; rt_row_borders=&#8220;&#8220; rt_bg_effect=&#8220;classic&#8220; rt_bg_image_repeat=&#8220;repeat&#8220; rt_bg_size=&#8220;cover&#8220; rt_bg_position=&#8220;right top&#8220; rt_bg_attachment=&#8220;scroll&#8220; rt_bg_layer=&#8220;&#8220; rt_bg_video_format=&#8220;self-hosted&#8220;][vc_column width=&#8220;3\/4&#8243; rt_bg_effect=&#8220;classic&#8220; rt_bg_image_repeat=&#8220;repeat&#8220; rt_bg_size=&#8220;auto auto&#8220; rt_bg_position=&#8220;right top&#8220; rt_bg_attachment=&#8220;scroll&#8220;][vc_column_text]<\/p>\n<h3>Einfl\u00fcgliges kipp-drehbares Fenster<\/h3>\n<p>Einfl\u00fcgliges\u00a0<strong>Fenster<\/strong>\u00a0ist einfachste Form der\u00a0<strong>Au\u00dfenfenster<\/strong>, die aus Rahmen, Fl\u00fcgel, Stahlverst\u00e4rkung, Beschl\u00e4gen und Iso-Glas besteht.<\/p>\n<p>Am meisten wird es an Wohnobjekten eingebaut, und sein gr\u00f6\u00dfter Vorteil ist je Bel\u00fcftung und Belichtung des jeweiligen Raums.[\/vc_column_text][\/vc_column][vc_column width=&#8220;1\/4&#8243; rt_bg_effect=&#8220;classic&#8220; rt_bg_image_repeat=&#8220;repeat&#8220; rt_bg_size=&#8220;auto auto&#8220; rt_bg_position=&#8220;right top&#8220; rt_bg_attachment=&#8220;scroll&#8220;][vc_single_image image=&#8220;4809&#8243; img_size=&#8220;full&#8220; onclick=&#8220;link_image&#8220;][\/vc_column][\/vc_row][vc_row rt_row_background_width=&#8220;fullwidth&#8220; rt_row_content_width=&#8220;default&#8220; rt_row_style=&#8220;default-style&#8220; rt_row_height=&#8220;&#8220; rt_column_gaps=&#8220;&#8220; rt_row_shadows=&#8220;&#8220; rt_row_borders=&#8220;&#8220; rt_bg_effect=&#8220;classic&#8220; rt_bg_image_repeat=&#8220;repeat&#8220; rt_bg_size=&#8220;cover&#8220; rt_bg_position=&#8220;right top&#8220; rt_bg_attachment=&#8220;scroll&#8220; rt_bg_layer=&#8220;&#8220; rt_bg_video_format=&#8220;self-hosted&#8220;][vc_column rt_bg_effect=&#8220;classic&#8220; rt_bg_image_repeat=&#8220;repeat&#8220; rt_bg_size=&#8220;auto auto&#8220; rt_bg_position=&#8220;right top&#8220; rt_bg_attachment=&#8220;scroll&#8220;][vc_column_text]<\/p>\n<h3>Zweifl\u00fcgliges kipp-drehbares Fenster<\/h3>\n<p>Zweifl\u00fcgliges\u00a0<strong>Fenster<\/strong>\u00a0kann in Ausf\u00fchrung mit fixem mittlerem Stegleisten oder ohne Stegleisten (Batude genannt) gefertigt werden.[\/vc_column_text][vc_single_image image=&#8220;4808&#8243; img_size=&#8220;full&#8220; alignment=&#8220;center&#8220; onclick=&#8220;link_image&#8220;][\/vc_column][\/vc_row][vc_row rt_row_background_width=&#8220;fullwidth&#8220; rt_row_content_width=&#8220;default&#8220; rt_row_style=&#8220;default-style&#8220; rt_row_height=&#8220;&#8220; rt_column_gaps=&#8220;&#8220; rt_row_shadows=&#8220;&#8220; rt_row_borders=&#8220;&#8220; rt_bg_effect=&#8220;classic&#8220; rt_bg_image_repeat=&#8220;repeat&#8220; rt_bg_size=&#8220;cover&#8220; rt_bg_position=&#8220;right top&#8220; rt_bg_attachment=&#8220;scroll&#8220; rt_bg_layer=&#8220;&#8220; rt_bg_video_format=&#8220;self-hosted&#8220;][vc_column rt_bg_effect=&#8220;classic&#8220; rt_bg_image_repeat=&#8220;repeat&#8220; rt_bg_size=&#8220;auto auto&#8220; rt_bg_position=&#8220;right top&#8220; rt_bg_attachment=&#8220;scroll&#8220;][vc_column_text]<\/p>\n<div class=\"vc_row wpb_row vc_row-fluid\">\n<div class=\"inner\">\n<div class=\"wpb_column vc_column_container vc_col-sm-12\">\n<div class=\"vc_column-inner \">\n<div class=\"wpb_wrapper\">\n<div class=\"wpb_text_column wpb_content_element \">\n<div class=\"wpb_wrapper\">\n<div class=\"vc_row wpb_row vc_row-fluid\">\n<div class=\"inner\">\n<div class=\"wpb_column vc_column_container vc_col-sm-12\">\n<div class=\"vc_column-inner \">\n<div class=\"wpb_wrapper\">\n<div class=\"wpb_text_column wpb_content_element \">\n<div class=\"wpb_wrapper\">\n<h3>Mehrteilige Fenster<\/h3>\n<p>Mehrteilige\u00a0<strong>Fenster<\/strong>\u00a0werden meistens zum Schlie\u00dfen von gr\u00f6\u00dferen \u00d6ffnungen verwendet.<\/p>\n<p>Fenster mit zwei und mehr Fl\u00fcgel haben M\u00f6glichkeit zum kipp-drehbares \u00d6ffnen. Rahmen und Fl\u00fcgel verf\u00fcgen \u00fcber innere Metallverst\u00e4rkungen.<\/p>\n<\/div>\n<\/div>\n<\/div>\n<\/div>\n<\/div>\n<\/div>\n<\/div>\n<div class=\"vc_row wpb_row vc_row-fluid\">\n<div class=\"inner\">\n<div class=\"wpb_column vc_column_container vc_col-sm-12\">\n<div class=\"vc_column-inner \">\n<div class=\"wpb_wrapper\">\n<div class=\"wpb_text_column wpb_content_element \">\n<div class=\"wpb_wrapper\">\n<h3>Stehelemente<\/h3>\n<p>Stehelemente werden z.B. f\u00fcr Verglasung von Treppengang und \u00c4hnliches verwendet.<\/p>\n<\/div>\n<\/div>\n<\/div>\n<\/div>\n<\/div>\n<\/div>\n<\/div>\n<div class=\"vc_row wpb_row vc_row-fluid\">\n<div class=\"inner\">\n<div class=\"wpb_column vc_column_container vc_col-sm-12\">\n<div class=\"vc_column-inner \">\n<div class=\"wpb_wrapper\">\n<div class=\"wpb_text_column wpb_content_element \">\n<div class=\"wpb_wrapper\">\n<h3>Verschiedene Formen<\/h3>\n<\/div>\n<\/div>\n<\/div>\n<\/div>\n<\/div>\n<\/div>\n<\/div>\n<\/div>\n<\/div>\n<\/div>\n<\/div>\n<\/div>\n<\/div>\n<\/div>\n<p>[\/vc_column_text][vc_media_grid element_width=&#8220;2&#8243; grid_id=&#8220;vc_gid:1523213852389-dfe55a2b-e70e-7&#8243; include=&#8220;4803,4810,4811,4805,4806,4804,4807&#8243;][\/vc_column][\/vc_row][vc_row rt_row_background_width=&#8220;fullwidth&#8220; rt_row_content_width=&#8220;default&#8220; rt_row_style=&#8220;default-style&#8220; rt_row_height=&#8220;&#8220; rt_column_gaps=&#8220;&#8220; rt_row_shadows=&#8220;&#8220; rt_row_borders=&#8220;&#8220; rt_bg_effect=&#8220;classic&#8220; rt_bg_image_repeat=&#8220;repeat&#8220; rt_bg_size=&#8220;cover&#8220; rt_bg_position=&#8220;right top&#8220; rt_bg_attachment=&#8220;scroll&#8220; rt_bg_layer=&#8220;&#8220; rt_bg_video_format=&#8220;self-hosted&#8220;][vc_column rt_bg_effect=&#8220;classic&#8220; rt_bg_image_repeat=&#8220;repeat&#8220; rt_bg_size=&#8220;auto auto&#8220; rt_bg_position=&#8220;right top&#8220; rt_bg_attachment=&#8220;scroll&#8220;][vc_column_text]W\u00e4hrend vergangener 40 Jahre haben die Fenster nur ihre Funktion erf\u00fcllt, jedoch hatten die meisten von ihnen keine Pers\u00f6nlichkeit.<\/p>\n<p>Nun haben Sie die M\u00f6glichkeit, dies zu \u00e4ndern. Profilauswahl bietet Ihnen volle Gestaltungsfreiheit. Das hei\u00dft, dass durch Verwendung von PVC Materialien fast jede Fenstergestaltung, wie bei alten, so auch bei modernen Bauten zu machen ist.<\/p>\n<p><strong>Von uns wird die M\u00f6glichkeit angeboten, Bogen f\u00fcr GEALAN Profile zu biegen!!<\/strong>[\/vc_column_text][\/vc_column][\/vc_row]<\/p>\n<\/div>","protected":false},"excerpt":{"rendered":"<p>[vc_row rt_row_background_width=&#8220;fullwidth&#8220; rt_row_content_width=&#8220;default&#8220; rt_row_style=&#8220;default-style&#8220; rt_row_height=&#8220;&#8220; rt_column_gaps=&#8220;&#8220; rt_row_shadows=&#8220;&#8220; rt_row_borders=&#8220;&#8220; rt_bg_effect=&#8220;classic&#8220; rt_bg_image_repeat=&#8220;repeat&#8220; rt_bg_size=&#8220;cover&#8220; rt_bg_position=&#8220;right top&#8220; rt_bg_attachment=&#8220;scroll&#8220; rt_bg_layer=&#8220;&#8220; rt_bg_video_format=&#8220;self-hosted&#8220;][vc_column rt_bg_effect=&#8220;classic&#8220; rt_bg_image_repeat=&#8220;repeat&#8220; rt_bg_size=&#8220;auto auto&#8220; rt_bg_position=&#8220;right top&#8220; rt_bg_attachment=&#8220;scroll&#8220;][vc_column_text]Fenster\u00a0sind heute ein wesentliches Element der Architektur. Einst hatten sie lediglich die Funktion, nicht aber das Aussehen. Nun bietet sich die M\u00f6glichkeit, dies auch zu \u00e4ndern. PVC Fenster\u00a0werden in allen Gr\u00f6\u00dfen, Gestaltungen und [&hellip;]<\/p>\n","protected":false},"author":1,"featured_media":4808,"parent":4705,"menu_order":0,"comment_status":"closed","ping_status":"closed","template":"","meta":{"footnotes":""},"class_list":["post-4817","page","type-page","status-publish","has-post-thumbnail","hentry"],"yoast_head":"<!-- This site is optimized with the Yoast SEO plugin v27.3 - https:\/\/yoast.com\/product\/yoast-seo-wordpress\/ -->\n<title>PVC Fenster - Ponistra Biorine<\/title>\n<meta name=\"description\" content=\"PVC Fenster werden in allen Gr\u00f6\u00dfen, Gestaltungen und Farben gefertigt, und sie k\u00f6nnen auf jede Weise ge\u00f6ffnet werden, sei es kippbar oder drehbar.\" \/>\n<meta name=\"robots\" content=\"index, follow, max-snippet:-1, max-image-preview:large, max-video-preview:-1\" \/>\n<link rel=\"canonical\" href=\"https:\/\/ponistra.hr\/de\/produkte\/pvc-fenster\/\" \/>\n<meta property=\"og:locale\" content=\"de_DE\" \/>\n<meta property=\"og:type\" content=\"article\" \/>\n<meta property=\"og:title\" content=\"PVC Fenster - Ponistra Biorine\" \/>\n<meta property=\"og:description\" content=\"PVC Fenster werden in allen Gr\u00f6\u00dfen, Gestaltungen und Farben gefertigt, und sie k\u00f6nnen auf jede Weise ge\u00f6ffnet werden, sei es kippbar oder drehbar.\" \/>\n<meta property=\"og:url\" content=\"https:\/\/ponistra.hr\/de\/produkte\/pvc-fenster\/\" \/>\n<meta property=\"og:site_name\" content=\"Ponistra Biorine\" \/>\n<meta property=\"article:modified_time\" content=\"2024-06-13T09:22:28+00:00\" \/>\n<meta property=\"og:image\" content=\"https:\/\/ponistra.hr\/wp-content\/uploads\/2018\/04\/prozor-dvokrilni.jpg\" \/>\n\t<meta property=\"og:image:width\" content=\"300\" \/>\n\t<meta property=\"og:image:height\" content=\"250\" \/>\n\t<meta property=\"og:image:type\" content=\"image\/jpeg\" \/>\n<meta name=\"twitter:card\" content=\"summary_large_image\" \/>\n<meta name=\"twitter:label1\" content=\"Gesch\u00e4tzte Lesezeit\" \/>\n\t<meta name=\"twitter:data1\" content=\"2\u00a0Minuten\" \/>\n<script type=\"application\/ld+json\" class=\"yoast-schema-graph\">{\"@context\":\"https:\\\/\\\/schema.org\",\"@graph\":[{\"@type\":\"WebPage\",\"@id\":\"https:\\\/\\\/ponistra.hr\\\/de\\\/produkte\\\/pvc-fenster\\\/\",\"url\":\"https:\\\/\\\/ponistra.hr\\\/de\\\/produkte\\\/pvc-fenster\\\/\",\"name\":\"PVC Fenster - Ponistra Biorine\",\"isPartOf\":{\"@id\":\"https:\\\/\\\/ponistra.hr\\\/#website\"},\"primaryImageOfPage\":{\"@id\":\"https:\\\/\\\/ponistra.hr\\\/de\\\/produkte\\\/pvc-fenster\\\/#primaryimage\"},\"image\":{\"@id\":\"https:\\\/\\\/ponistra.hr\\\/de\\\/produkte\\\/pvc-fenster\\\/#primaryimage\"},\"thumbnailUrl\":\"https:\\\/\\\/ponistra.hr\\\/wp-content\\\/uploads\\\/2018\\\/04\\\/prozor-dvokrilni.jpg\",\"datePublished\":\"2018-04-08T18:53:53+00:00\",\"dateModified\":\"2024-06-13T09:22:28+00:00\",\"description\":\"PVC Fenster werden in allen Gr\u00f6\u00dfen, Gestaltungen und Farben gefertigt, und sie k\u00f6nnen auf jede Weise ge\u00f6ffnet werden, sei es kippbar oder drehbar.\",\"breadcrumb\":{\"@id\":\"https:\\\/\\\/ponistra.hr\\\/de\\\/produkte\\\/pvc-fenster\\\/#breadcrumb\"},\"inLanguage\":\"de\",\"potentialAction\":[{\"@type\":\"ReadAction\",\"target\":[\"https:\\\/\\\/ponistra.hr\\\/de\\\/produkte\\\/pvc-fenster\\\/\"]}]},{\"@type\":\"ImageObject\",\"inLanguage\":\"de\",\"@id\":\"https:\\\/\\\/ponistra.hr\\\/de\\\/produkte\\\/pvc-fenster\\\/#primaryimage\",\"url\":\"https:\\\/\\\/ponistra.hr\\\/wp-content\\\/uploads\\\/2018\\\/04\\\/prozor-dvokrilni.jpg\",\"contentUrl\":\"https:\\\/\\\/ponistra.hr\\\/wp-content\\\/uploads\\\/2018\\\/04\\\/prozor-dvokrilni.jpg\",\"width\":300,\"height\":250,\"caption\":\"img\"},{\"@type\":\"BreadcrumbList\",\"@id\":\"https:\\\/\\\/ponistra.hr\\\/de\\\/produkte\\\/pvc-fenster\\\/#breadcrumb\",\"itemListElement\":[{\"@type\":\"ListItem\",\"position\":1,\"name\":\"Home\",\"item\":\"https:\\\/\\\/ponistra.hr\\\/de\\\/\"},{\"@type\":\"ListItem\",\"position\":2,\"name\":\"Produkte\",\"item\":\"https:\\\/\\\/ponistra.hr\\\/de\\\/produkte\\\/\"},{\"@type\":\"ListItem\",\"position\":3,\"name\":\"PVC Fenster\"}]},{\"@type\":\"WebSite\",\"@id\":\"https:\\\/\\\/ponistra.hr\\\/#website\",\"url\":\"https:\\\/\\\/ponistra.hr\\\/\",\"name\":\"Ponistra Biorine\",\"description\":\"quality and innovation\",\"potentialAction\":[{\"@type\":\"SearchAction\",\"target\":{\"@type\":\"EntryPoint\",\"urlTemplate\":\"https:\\\/\\\/ponistra.hr\\\/?s={search_term_string}\"},\"query-input\":{\"@type\":\"PropertyValueSpecification\",\"valueRequired\":true,\"valueName\":\"search_term_string\"}}],\"inLanguage\":\"de\"}]}<\/script>\n<!-- \/ Yoast SEO plugin. -->","yoast_head_json":{"title":"PVC Fenster - Ponistra Biorine","description":"PVC Fenster werden in allen Gr\u00f6\u00dfen, Gestaltungen und Farben gefertigt, und sie k\u00f6nnen auf jede Weise ge\u00f6ffnet werden, sei es kippbar oder drehbar.","robots":{"index":"index","follow":"follow","max-snippet":"max-snippet:-1","max-image-preview":"max-image-preview:large","max-video-preview":"max-video-preview:-1"},"canonical":"https:\/\/ponistra.hr\/de\/produkte\/pvc-fenster\/","og_locale":"de_DE","og_type":"article","og_title":"PVC Fenster - Ponistra Biorine","og_description":"PVC Fenster werden in allen Gr\u00f6\u00dfen, Gestaltungen und Farben gefertigt, und sie k\u00f6nnen auf jede Weise ge\u00f6ffnet werden, sei es kippbar oder drehbar.","og_url":"https:\/\/ponistra.hr\/de\/produkte\/pvc-fenster\/","og_site_name":"Ponistra Biorine","article_modified_time":"2024-06-13T09:22:28+00:00","og_image":[{"width":300,"height":250,"url":"https:\/\/ponistra.hr\/wp-content\/uploads\/2018\/04\/prozor-dvokrilni.jpg","type":"image\/jpeg"}],"twitter_card":"summary_large_image","twitter_misc":{"Gesch\u00e4tzte Lesezeit":"2\u00a0Minuten"},"schema":{"@context":"https:\/\/schema.org","@graph":[{"@type":"WebPage","@id":"https:\/\/ponistra.hr\/de\/produkte\/pvc-fenster\/","url":"https:\/\/ponistra.hr\/de\/produkte\/pvc-fenster\/","name":"PVC Fenster - Ponistra Biorine","isPartOf":{"@id":"https:\/\/ponistra.hr\/#website"},"primaryImageOfPage":{"@id":"https:\/\/ponistra.hr\/de\/produkte\/pvc-fenster\/#primaryimage"},"image":{"@id":"https:\/\/ponistra.hr\/de\/produkte\/pvc-fenster\/#primaryimage"},"thumbnailUrl":"https:\/\/ponistra.hr\/wp-content\/uploads\/2018\/04\/prozor-dvokrilni.jpg","datePublished":"2018-04-08T18:53:53+00:00","dateModified":"2024-06-13T09:22:28+00:00","description":"PVC Fenster werden in allen Gr\u00f6\u00dfen, Gestaltungen und Farben gefertigt, und sie k\u00f6nnen auf jede Weise ge\u00f6ffnet werden, sei es kippbar oder drehbar.","breadcrumb":{"@id":"https:\/\/ponistra.hr\/de\/produkte\/pvc-fenster\/#breadcrumb"},"inLanguage":"de","potentialAction":[{"@type":"ReadAction","target":["https:\/\/ponistra.hr\/de\/produkte\/pvc-fenster\/"]}]},{"@type":"ImageObject","inLanguage":"de","@id":"https:\/\/ponistra.hr\/de\/produkte\/pvc-fenster\/#primaryimage","url":"https:\/\/ponistra.hr\/wp-content\/uploads\/2018\/04\/prozor-dvokrilni.jpg","contentUrl":"https:\/\/ponistra.hr\/wp-content\/uploads\/2018\/04\/prozor-dvokrilni.jpg","width":300,"height":250,"caption":"img"},{"@type":"BreadcrumbList","@id":"https:\/\/ponistra.hr\/de\/produkte\/pvc-fenster\/#breadcrumb","itemListElement":[{"@type":"ListItem","position":1,"name":"Home","item":"https:\/\/ponistra.hr\/de\/"},{"@type":"ListItem","position":2,"name":"Produkte","item":"https:\/\/ponistra.hr\/de\/produkte\/"},{"@type":"ListItem","position":3,"name":"PVC Fenster"}]},{"@type":"WebSite","@id":"https:\/\/ponistra.hr\/#website","url":"https:\/\/ponistra.hr\/","name":"Ponistra Biorine","description":"quality and innovation","potentialAction":[{"@type":"SearchAction","target":{"@type":"EntryPoint","urlTemplate":"https:\/\/ponistra.hr\/?s={search_term_string}"},"query-input":{"@type":"PropertyValueSpecification","valueRequired":true,"valueName":"search_term_string"}}],"inLanguage":"de"}]}},"_links":{"self":[{"href":"https:\/\/ponistra.hr\/de\/wp-json\/wp\/v2\/pages\/4817","targetHints":{"allow":["GET"]}}],"collection":[{"href":"https:\/\/ponistra.hr\/de\/wp-json\/wp\/v2\/pages"}],"about":[{"href":"https:\/\/ponistra.hr\/de\/wp-json\/wp\/v2\/types\/page"}],"author":[{"embeddable":true,"href":"https:\/\/ponistra.hr\/de\/wp-json\/wp\/v2\/users\/1"}],"replies":[{"embeddable":true,"href":"https:\/\/ponistra.hr\/de\/wp-json\/wp\/v2\/comments?post=4817"}],"version-history":[{"count":2,"href":"https:\/\/ponistra.hr\/de\/wp-json\/wp\/v2\/pages\/4817\/revisions"}],"predecessor-version":[{"id":4821,"href":"https:\/\/ponistra.hr\/de\/wp-json\/wp\/v2\/pages\/4817\/revisions\/4821"}],"up":[{"embeddable":true,"href":"https:\/\/ponistra.hr\/de\/wp-json\/wp\/v2\/pages\/4705"}],"wp:featuredmedia":[{"embeddable":true,"href":"https:\/\/ponistra.hr\/de\/wp-json\/wp\/v2\/media\/4808"}],"wp:attachment":[{"href":"https:\/\/ponistra.hr\/de\/wp-json\/wp\/v2\/media?parent=4817"}],"curies":[{"name":"wp","href":"https:\/\/api.w.org\/{rel}","templated":true}]}}