{"id":4854,"date":"2018-04-08T21:19:13","date_gmt":"2018-04-08T21:19:13","guid":{"rendered":"http:\/\/ponistra.hr\/proizvodi\/rolete\/"},"modified":"2024-06-13T09:23:51","modified_gmt":"2024-06-13T09:23:51","slug":"rollokasten","status":"publish","type":"page","link":"https:\/\/ponistra.hr\/de\/produkte\/rollokasten\/","title":{"rendered":"Rollokasten"},"content":{"rendered":"<div class=\"wpb-content-wrapper\"><p>[vc_row rt_row_background_width=&#8220;fullwidth&#8220; rt_row_content_width=&#8220;default&#8220; rt_row_style=&#8220;default-style&#8220; rt_row_height=&#8220;&#8220; rt_column_gaps=&#8220;&#8220; rt_row_shadows=&#8220;&#8220; rt_row_borders=&#8220;&#8220; rt_bg_effect=&#8220;classic&#8220; rt_bg_image_repeat=&#8220;repeat&#8220; rt_bg_size=&#8220;cover&#8220; rt_bg_position=&#8220;right top&#8220; rt_bg_attachment=&#8220;scroll&#8220; rt_bg_layer=&#8220;&#8220; rt_bg_video_format=&#8220;self-hosted&#8220;][vc_column rt_bg_effect=&#8220;classic&#8220; rt_bg_image_repeat=&#8220;repeat&#8220; rt_bg_size=&#8220;auto auto&#8220; rt_bg_position=&#8220;right top&#8220; rt_bg_attachment=&#8220;scroll&#8220;][vc_column_text]<strong>Rolll\u00e4den<\/strong>\u00a0bieten Sonnenschutz, W\u00e4rmed\u00e4mmung, Schalld\u00e4mmung und gr\u00f6\u00dferen Sicherheitsschutz Ihres Heimes an.<\/p>\n<p><strong>Rolll\u00e4den<\/strong>\u00a0sind in Rollokasten oberhalb des Fensters untergebracht, dessen Ma\u00dfen 150 und 190 mm sind. Lamellen k\u00f6nnen aus PVC oder Aluminium in verschiedenen Farben ausgef\u00fchrt werden. Aufgrund ihrer Fertigungsweise erf\u00fcllen sie h\u00f6chste Forderungen hinsichtlich Wetterbedingungen, Pflege, D\u00e4mmung, Einfachheit und Bedienungsleichtigkeit.<\/p>\n<p>Durch Heben und Senken von\u00a0<strong>Rolll\u00e4den<\/strong>\u00a0wird Raumbeleuchtung sowie Schutz vor ungew\u00fcnschten Blicken und neugierigen Nachbarn erfolgreich reguliert.<\/p>\n<p>Unbeachtet der Gr\u00f6\u00dfe werden unsere\u00a0<strong>Rolll\u00e4den<\/strong>\u00a0dank der F\u00fchrungsschienenabdichtung vollst\u00e4ndig ger\u00e4uschlos bewegt.[\/vc_column_text][\/vc_column][\/vc_row][vc_row rt_row_background_width=&#8220;fullwidth&#8220; rt_row_content_width=&#8220;default&#8220; rt_row_style=&#8220;default-style&#8220; rt_row_height=&#8220;&#8220; rt_column_gaps=&#8220;&#8220; rt_row_shadows=&#8220;&#8220; rt_row_borders=&#8220;&#8220; rt_bg_effect=&#8220;classic&#8220; rt_bg_image_repeat=&#8220;repeat&#8220; rt_bg_size=&#8220;cover&#8220; rt_bg_position=&#8220;right top&#8220; rt_bg_attachment=&#8220;scroll&#8220; rt_bg_layer=&#8220;&#8220; rt_bg_video_format=&#8220;self-hosted&#8220;][vc_column rt_bg_effect=&#8220;classic&#8220; rt_bg_image_repeat=&#8220;repeat&#8220; rt_bg_size=&#8220;auto auto&#8220; rt_bg_position=&#8220;right top&#8220; rt_bg_attachment=&#8220;scroll&#8220;][vc_column_text]<\/p>\n<h3>Rollokasten mit Insektenschutz<\/h3>\n<p><strong>Rollokasten<\/strong>\u00a0mit Insektenschutz wird aus pflegeleichten Material gefertigt, der licht- und wetterbest\u00e4ndig ist. Hauptcharakteristik von Rollokasten mit Insektenschutz ist Schutz vor Insekten.[\/vc_column_text][\/vc_column][\/vc_row][vc_row rt_row_background_width=&#8220;fullwidth&#8220; rt_row_content_width=&#8220;default&#8220; rt_row_style=&#8220;default-style&#8220; rt_row_height=&#8220;&#8220; rt_column_gaps=&#8220;&#8220; rt_row_shadows=&#8220;&#8220; rt_row_borders=&#8220;&#8220; rt_bg_effect=&#8220;classic&#8220; rt_bg_image_repeat=&#8220;repeat&#8220; rt_bg_size=&#8220;cover&#8220; rt_bg_position=&#8220;right top&#8220; rt_bg_attachment=&#8220;scroll&#8220; rt_bg_layer=&#8220;&#8220; rt_bg_video_format=&#8220;self-hosted&#8220;][vc_column rt_bg_effect=&#8220;classic&#8220; rt_bg_image_repeat=&#8220;repeat&#8220; rt_bg_size=&#8220;auto auto&#8220; rt_bg_position=&#8220;right top&#8220; rt_bg_attachment=&#8220;scroll&#8220;][vc_media_grid element_width=&#8220;2&#8243; grid_id=&#8220;vc_gid:1523222682150-a6a1d2a4-529d-1&#8243; include=&#8220;4850,4848&#8243;][vc_column_text]<\/p>\n<h3>Rollokasten mit ausstellbaren F\u00fchrungsschienen<\/h3>\n<p>[\/vc_column_text][\/vc_column][\/vc_row][vc_row rt_row_background_width=&#8220;fullwidth&#8220; rt_row_content_width=&#8220;default&#8220; rt_row_style=&#8220;default-style&#8220; rt_row_height=&#8220;&#8220; rt_column_gaps=&#8220;&#8220; rt_row_shadows=&#8220;&#8220; rt_row_borders=&#8220;&#8220; rt_bg_effect=&#8220;classic&#8220; rt_bg_image_repeat=&#8220;repeat&#8220; rt_bg_size=&#8220;cover&#8220; rt_bg_position=&#8220;right top&#8220; rt_bg_attachment=&#8220;scroll&#8220; rt_bg_layer=&#8220;&#8220; rt_bg_video_format=&#8220;self-hosted&#8220;][vc_column width=&#8220;1\/4&#8243; rt_bg_effect=&#8220;classic&#8220; rt_bg_image_repeat=&#8220;repeat&#8220; rt_bg_size=&#8220;auto auto&#8220; rt_bg_position=&#8220;right top&#8220; rt_bg_attachment=&#8220;scroll&#8220;][vc_single_image image=&#8220;4849&#8243; img_size=&#8220;full&#8220; onclick=&#8220;link_image&#8220;][\/vc_column][vc_column width=&#8220;3\/4&#8243; rt_bg_effect=&#8220;classic&#8220; rt_bg_image_repeat=&#8220;repeat&#8220; rt_bg_size=&#8220;auto auto&#8220; rt_bg_position=&#8220;right top&#8220; rt_bg_attachment=&#8220;scroll&#8220;][vc_column_text]Ausstellbare Rolll\u00e4den haben die Aufgabe, Wohnkomfort in Sommermonaten zu erh\u00f6hen, womit viel mehr Luft hereinkommt, wenn die Rolll\u00e4den gesenkt sind, im Gegensatz zu Rolll\u00e4den ohne ausstellbaren F\u00fchrungsschienen. Dadurch bietet sich die M\u00f6glichkeit f\u00fcr Raumdurchl\u00fcftung mit gleichzeitigem Sonnenschutz.[\/vc_column_text][\/vc_column][\/vc_row]<\/p>\n<\/div>","protected":false},"excerpt":{"rendered":"<p>[vc_row rt_row_background_width=&#8220;fullwidth&#8220; rt_row_content_width=&#8220;default&#8220; rt_row_style=&#8220;default-style&#8220; rt_row_height=&#8220;&#8220; rt_column_gaps=&#8220;&#8220; rt_row_shadows=&#8220;&#8220; rt_row_borders=&#8220;&#8220; rt_bg_effect=&#8220;classic&#8220; rt_bg_image_repeat=&#8220;repeat&#8220; rt_bg_size=&#8220;cover&#8220; rt_bg_position=&#8220;right top&#8220; rt_bg_attachment=&#8220;scroll&#8220; rt_bg_layer=&#8220;&#8220; rt_bg_video_format=&#8220;self-hosted&#8220;][vc_column rt_bg_effect=&#8220;classic&#8220; rt_bg_image_repeat=&#8220;repeat&#8220; rt_bg_size=&#8220;auto auto&#8220; rt_bg_position=&#8220;right top&#8220; rt_bg_attachment=&#8220;scroll&#8220;][vc_column_text]Rolll\u00e4den\u00a0bieten Sonnenschutz, W\u00e4rmed\u00e4mmung, Schalld\u00e4mmung und gr\u00f6\u00dferen Sicherheitsschutz Ihres Heimes an. Rolll\u00e4den\u00a0sind in Rollokasten oberhalb des Fensters untergebracht, dessen Ma\u00dfen 150 und 190 mm sind. Lamellen k\u00f6nnen aus PVC oder Aluminium in verschiedenen Farben [&hellip;]<\/p>\n","protected":false},"author":1,"featured_media":4848,"parent":4705,"menu_order":0,"comment_status":"closed","ping_status":"closed","template":"","meta":{"footnotes":""},"class_list":["post-4854","page","type-page","status-publish","has-post-thumbnail","hentry"],"yoast_head":"<!-- This site is optimized with the Yoast SEO plugin v27.3 - https:\/\/yoast.com\/product\/yoast-seo-wordpress\/ -->\n<title>Rollokasten - Ponistra Biorine<\/title>\n<meta name=\"description\" content=\"Rolll\u00e4den bieten Sonnenschutz, W\u00e4rmed\u00e4mmung, Schalld\u00e4mmung und gr\u00f6\u00dferen Sicherheitsschutz Ihres Heimes an.\" \/>\n<meta name=\"robots\" content=\"index, follow, max-snippet:-1, max-image-preview:large, max-video-preview:-1\" \/>\n<link rel=\"canonical\" href=\"https:\/\/ponistra.hr\/de\/produkte\/rollokasten\/\" \/>\n<meta property=\"og:locale\" content=\"de_DE\" \/>\n<meta property=\"og:type\" content=\"article\" \/>\n<meta property=\"og:title\" content=\"Rollokasten - Ponistra Biorine\" \/>\n<meta property=\"og:description\" content=\"Rolll\u00e4den bieten Sonnenschutz, W\u00e4rmed\u00e4mmung, Schalld\u00e4mmung und gr\u00f6\u00dferen Sicherheitsschutz Ihres Heimes an.\" \/>\n<meta property=\"og:url\" content=\"https:\/\/ponistra.hr\/de\/produkte\/rollokasten\/\" \/>\n<meta property=\"og:site_name\" content=\"Ponistra Biorine\" \/>\n<meta property=\"article:modified_time\" content=\"2024-06-13T09:23:51+00:00\" \/>\n<meta property=\"og:image\" content=\"https:\/\/ponistra.hr\/wp-content\/uploads\/2018\/04\/kutija-rolete-s-komaricom.jpg\" \/>\n\t<meta property=\"og:image:width\" content=\"600\" \/>\n\t<meta property=\"og:image:height\" content=\"449\" \/>\n\t<meta property=\"og:image:type\" content=\"image\/jpeg\" \/>\n<meta name=\"twitter:card\" content=\"summary_large_image\" \/>\n<meta name=\"twitter:label1\" content=\"Gesch\u00e4tzte Lesezeit\" \/>\n\t<meta name=\"twitter:data1\" content=\"2\u00a0Minuten\" \/>\n<script type=\"application\/ld+json\" class=\"yoast-schema-graph\">{\"@context\":\"https:\\\/\\\/schema.org\",\"@graph\":[{\"@type\":\"WebPage\",\"@id\":\"https:\\\/\\\/ponistra.hr\\\/de\\\/produkte\\\/rollokasten\\\/\",\"url\":\"https:\\\/\\\/ponistra.hr\\\/de\\\/produkte\\\/rollokasten\\\/\",\"name\":\"Rollokasten - Ponistra Biorine\",\"isPartOf\":{\"@id\":\"https:\\\/\\\/ponistra.hr\\\/#website\"},\"primaryImageOfPage\":{\"@id\":\"https:\\\/\\\/ponistra.hr\\\/de\\\/produkte\\\/rollokasten\\\/#primaryimage\"},\"image\":{\"@id\":\"https:\\\/\\\/ponistra.hr\\\/de\\\/produkte\\\/rollokasten\\\/#primaryimage\"},\"thumbnailUrl\":\"https:\\\/\\\/ponistra.hr\\\/wp-content\\\/uploads\\\/2018\\\/04\\\/kutija-rolete-s-komaricom.jpg\",\"datePublished\":\"2018-04-08T21:19:13+00:00\",\"dateModified\":\"2024-06-13T09:23:51+00:00\",\"description\":\"Rolll\u00e4den bieten Sonnenschutz, W\u00e4rmed\u00e4mmung, Schalld\u00e4mmung und gr\u00f6\u00dferen Sicherheitsschutz Ihres Heimes an.\",\"breadcrumb\":{\"@id\":\"https:\\\/\\\/ponistra.hr\\\/de\\\/produkte\\\/rollokasten\\\/#breadcrumb\"},\"inLanguage\":\"de\",\"potentialAction\":[{\"@type\":\"ReadAction\",\"target\":[\"https:\\\/\\\/ponistra.hr\\\/de\\\/produkte\\\/rollokasten\\\/\"]}]},{\"@type\":\"ImageObject\",\"inLanguage\":\"de\",\"@id\":\"https:\\\/\\\/ponistra.hr\\\/de\\\/produkte\\\/rollokasten\\\/#primaryimage\",\"url\":\"https:\\\/\\\/ponistra.hr\\\/wp-content\\\/uploads\\\/2018\\\/04\\\/kutija-rolete-s-komaricom.jpg\",\"contentUrl\":\"https:\\\/\\\/ponistra.hr\\\/wp-content\\\/uploads\\\/2018\\\/04\\\/kutija-rolete-s-komaricom.jpg\",\"width\":600,\"height\":449,\"caption\":\"img\"},{\"@type\":\"BreadcrumbList\",\"@id\":\"https:\\\/\\\/ponistra.hr\\\/de\\\/produkte\\\/rollokasten\\\/#breadcrumb\",\"itemListElement\":[{\"@type\":\"ListItem\",\"position\":1,\"name\":\"Home\",\"item\":\"https:\\\/\\\/ponistra.hr\\\/de\\\/\"},{\"@type\":\"ListItem\",\"position\":2,\"name\":\"Produkte\",\"item\":\"https:\\\/\\\/ponistra.hr\\\/de\\\/produkte\\\/\"},{\"@type\":\"ListItem\",\"position\":3,\"name\":\"Rollokasten\"}]},{\"@type\":\"WebSite\",\"@id\":\"https:\\\/\\\/ponistra.hr\\\/#website\",\"url\":\"https:\\\/\\\/ponistra.hr\\\/\",\"name\":\"Ponistra Biorine\",\"description\":\"quality and innovation\",\"potentialAction\":[{\"@type\":\"SearchAction\",\"target\":{\"@type\":\"EntryPoint\",\"urlTemplate\":\"https:\\\/\\\/ponistra.hr\\\/?s={search_term_string}\"},\"query-input\":{\"@type\":\"PropertyValueSpecification\",\"valueRequired\":true,\"valueName\":\"search_term_string\"}}],\"inLanguage\":\"de\"}]}<\/script>\n<!-- \/ Yoast SEO plugin. -->","yoast_head_json":{"title":"Rollokasten - Ponistra Biorine","description":"Rolll\u00e4den bieten Sonnenschutz, W\u00e4rmed\u00e4mmung, Schalld\u00e4mmung und gr\u00f6\u00dferen Sicherheitsschutz Ihres Heimes an.","robots":{"index":"index","follow":"follow","max-snippet":"max-snippet:-1","max-image-preview":"max-image-preview:large","max-video-preview":"max-video-preview:-1"},"canonical":"https:\/\/ponistra.hr\/de\/produkte\/rollokasten\/","og_locale":"de_DE","og_type":"article","og_title":"Rollokasten - Ponistra Biorine","og_description":"Rolll\u00e4den bieten Sonnenschutz, W\u00e4rmed\u00e4mmung, Schalld\u00e4mmung und gr\u00f6\u00dferen Sicherheitsschutz Ihres Heimes an.","og_url":"https:\/\/ponistra.hr\/de\/produkte\/rollokasten\/","og_site_name":"Ponistra Biorine","article_modified_time":"2024-06-13T09:23:51+00:00","og_image":[{"width":600,"height":449,"url":"https:\/\/ponistra.hr\/wp-content\/uploads\/2018\/04\/kutija-rolete-s-komaricom.jpg","type":"image\/jpeg"}],"twitter_card":"summary_large_image","twitter_misc":{"Gesch\u00e4tzte Lesezeit":"2\u00a0Minuten"},"schema":{"@context":"https:\/\/schema.org","@graph":[{"@type":"WebPage","@id":"https:\/\/ponistra.hr\/de\/produkte\/rollokasten\/","url":"https:\/\/ponistra.hr\/de\/produkte\/rollokasten\/","name":"Rollokasten - Ponistra Biorine","isPartOf":{"@id":"https:\/\/ponistra.hr\/#website"},"primaryImageOfPage":{"@id":"https:\/\/ponistra.hr\/de\/produkte\/rollokasten\/#primaryimage"},"image":{"@id":"https:\/\/ponistra.hr\/de\/produkte\/rollokasten\/#primaryimage"},"thumbnailUrl":"https:\/\/ponistra.hr\/wp-content\/uploads\/2018\/04\/kutija-rolete-s-komaricom.jpg","datePublished":"2018-04-08T21:19:13+00:00","dateModified":"2024-06-13T09:23:51+00:00","description":"Rolll\u00e4den bieten Sonnenschutz, W\u00e4rmed\u00e4mmung, Schalld\u00e4mmung und gr\u00f6\u00dferen Sicherheitsschutz Ihres Heimes an.","breadcrumb":{"@id":"https:\/\/ponistra.hr\/de\/produkte\/rollokasten\/#breadcrumb"},"inLanguage":"de","potentialAction":[{"@type":"ReadAction","target":["https:\/\/ponistra.hr\/de\/produkte\/rollokasten\/"]}]},{"@type":"ImageObject","inLanguage":"de","@id":"https:\/\/ponistra.hr\/de\/produkte\/rollokasten\/#primaryimage","url":"https:\/\/ponistra.hr\/wp-content\/uploads\/2018\/04\/kutija-rolete-s-komaricom.jpg","contentUrl":"https:\/\/ponistra.hr\/wp-content\/uploads\/2018\/04\/kutija-rolete-s-komaricom.jpg","width":600,"height":449,"caption":"img"},{"@type":"BreadcrumbList","@id":"https:\/\/ponistra.hr\/de\/produkte\/rollokasten\/#breadcrumb","itemListElement":[{"@type":"ListItem","position":1,"name":"Home","item":"https:\/\/ponistra.hr\/de\/"},{"@type":"ListItem","position":2,"name":"Produkte","item":"https:\/\/ponistra.hr\/de\/produkte\/"},{"@type":"ListItem","position":3,"name":"Rollokasten"}]},{"@type":"WebSite","@id":"https:\/\/ponistra.hr\/#website","url":"https:\/\/ponistra.hr\/","name":"Ponistra Biorine","description":"quality and innovation","potentialAction":[{"@type":"SearchAction","target":{"@type":"EntryPoint","urlTemplate":"https:\/\/ponistra.hr\/?s={search_term_string}"},"query-input":{"@type":"PropertyValueSpecification","valueRequired":true,"valueName":"search_term_string"}}],"inLanguage":"de"}]}},"_links":{"self":[{"href":"https:\/\/ponistra.hr\/de\/wp-json\/wp\/v2\/pages\/4854","targetHints":{"allow":["GET"]}}],"collection":[{"href":"https:\/\/ponistra.hr\/de\/wp-json\/wp\/v2\/pages"}],"about":[{"href":"https:\/\/ponistra.hr\/de\/wp-json\/wp\/v2\/types\/page"}],"author":[{"embeddable":true,"href":"https:\/\/ponistra.hr\/de\/wp-json\/wp\/v2\/users\/1"}],"replies":[{"embeddable":true,"href":"https:\/\/ponistra.hr\/de\/wp-json\/wp\/v2\/comments?post=4854"}],"version-history":[{"count":2,"href":"https:\/\/ponistra.hr\/de\/wp-json\/wp\/v2\/pages\/4854\/revisions"}],"predecessor-version":[{"id":4858,"href":"https:\/\/ponistra.hr\/de\/wp-json\/wp\/v2\/pages\/4854\/revisions\/4858"}],"up":[{"embeddable":true,"href":"https:\/\/ponistra.hr\/de\/wp-json\/wp\/v2\/pages\/4705"}],"wp:featuredmedia":[{"embeddable":true,"href":"https:\/\/ponistra.hr\/de\/wp-json\/wp\/v2\/media\/4848"}],"wp:attachment":[{"href":"https:\/\/ponistra.hr\/de\/wp-json\/wp\/v2\/media?parent=4854"}],"curies":[{"name":"wp","href":"https:\/\/api.w.org\/{rel}","templated":true}]}}