{"id":4875,"date":"2018-04-08T21:57:11","date_gmt":"2018-04-08T21:57:11","guid":{"rendered":"http:\/\/ponistra.hr\/proizvodi\/oprema\/"},"modified":"2024-06-13T09:10:53","modified_gmt":"2024-06-13T09:10:53","slug":"zubehoer","status":"publish","type":"page","link":"https:\/\/ponistra.hr\/de\/produkte\/zubehoer\/","title":{"rendered":"Zubeh\u00f6r"},"content":{"rendered":"<div class=\"wpb-content-wrapper\"><p>[vc_row rt_row_background_width=&#8220;fullwidth&#8220; rt_row_content_width=&#8220;default&#8220; rt_row_style=&#8220;default-style&#8220; rt_row_height=&#8220;&#8220; rt_column_gaps=&#8220;&#8220; rt_row_shadows=&#8220;&#8220; rt_row_borders=&#8220;&#8220; rt_bg_effect=&#8220;classic&#8220; rt_bg_image_repeat=&#8220;repeat&#8220; rt_bg_size=&#8220;cover&#8220; rt_bg_position=&#8220;right top&#8220; rt_bg_attachment=&#8220;scroll&#8220; rt_bg_layer=&#8220;&#8220; rt_bg_video_format=&#8220;self-hosted&#8220;][vc_column width=&#8220;2\/3&#8243; rt_bg_effect=&#8220;classic&#8220; rt_bg_image_repeat=&#8220;repeat&#8220; rt_bg_size=&#8220;auto auto&#8220; rt_bg_position=&#8220;right top&#8220; rt_bg_attachment=&#8220;scroll&#8220;][vc_column_text]<\/p>\n<h3>Jalousien<\/h3>\n<p><strong>Jalousien<\/strong>\u00a0(Venezianer) sind d\u00fcnne horizontalen Lamellen, die um eine horizontale Achse gedreht oder nach oben gehoben werden, wobei diese in den Halter an oberer Fensterseite angesammelt werden, und heute gibt es die Ausf\u00fchrungen f\u00fcr fast jedes Fenster.<\/p>\n<p>Bewegt werden sie von Hand oder anhand von Elektromotor.<\/p>\n<p><strong>Jalousien<\/strong>\u00a0finden haupts\u00e4chlich die Anwendung als Tageslichtschutz, da dieses anhand von Jalousien, durch Lamellenneigung, einfach reguliert werden kann, und so k\u00f6nnen verschiedene Verdunkelungsstufen erreicht werden.[\/vc_column_text][\/vc_column][vc_column width=&#8220;1\/3&#8243; rt_bg_effect=&#8220;classic&#8220; rt_bg_image_repeat=&#8220;repeat&#8220; rt_bg_size=&#8220;auto auto&#8220; rt_bg_position=&#8220;right top&#8220; rt_bg_attachment=&#8220;scroll&#8220;][vc_single_image image=&#8220;4872&#8243; img_size=&#8220;full&#8220; onclick=&#8220;link_image&#8220;][\/vc_column][\/vc_row][vc_row rt_row_background_width=&#8220;fullwidth&#8220; rt_row_content_width=&#8220;default&#8220; rt_row_style=&#8220;default-style&#8220; rt_row_height=&#8220;&#8220; rt_column_gaps=&#8220;&#8220; rt_row_shadows=&#8220;&#8220; rt_row_borders=&#8220;&#8220; rt_bg_effect=&#8220;classic&#8220; rt_bg_image_repeat=&#8220;repeat&#8220; rt_bg_size=&#8220;cover&#8220; rt_bg_position=&#8220;right top&#8220; rt_bg_attachment=&#8220;scroll&#8220; rt_bg_layer=&#8220;&#8220; rt_bg_video_format=&#8220;self-hosted&#8220;][vc_column rt_bg_effect=&#8220;classic&#8220; rt_bg_image_repeat=&#8220;repeat&#8220; rt_bg_size=&#8220;auto auto&#8220; rt_bg_position=&#8220;right top&#8220; rt_bg_attachment=&#8220;scroll&#8220;][vc_column_text]<\/p>\n<h3>Dr\u00fccker (f\u00fcr Fenster und T\u00fcren) und Griffstangen<\/h3>\n<p>In unserem Angebot haben wir \u00fcberaus sch\u00f6ne\u00a0<strong>Dr\u00fcckermodells<\/strong>\u00a0f\u00fcr Fenster und T\u00fcren, sowie Griffstangen, in verschiedenen Farben- und Materialkombinationen.[\/vc_column_text][\/vc_column][\/vc_row][vc_row rt_row_background_width=&#8220;fullwidth&#8220; rt_row_content_width=&#8220;default&#8220; rt_row_style=&#8220;default-style&#8220; rt_row_height=&#8220;&#8220; rt_column_gaps=&#8220;&#8220; rt_row_shadows=&#8220;&#8220; rt_row_borders=&#8220;&#8220; rt_bg_effect=&#8220;classic&#8220; rt_bg_image_repeat=&#8220;repeat&#8220; rt_bg_size=&#8220;cover&#8220; rt_bg_position=&#8220;right top&#8220; rt_bg_attachment=&#8220;scroll&#8220; rt_bg_layer=&#8220;&#8220; rt_bg_video_format=&#8220;self-hosted&#8220;][vc_column rt_bg_effect=&#8220;classic&#8220; rt_bg_image_repeat=&#8220;repeat&#8220; rt_bg_size=&#8220;auto auto&#8220; rt_bg_position=&#8220;right top&#8220; rt_bg_attachment=&#8220;scroll&#8220;][vc_media_grid element_width=&#8220;2&#8243; grid_id=&#8220;vc_gid:1523224817324-44438f44-6672-5&#8243; include=&#8220;4863,4866,4867,4868,4869&#8243;][\/vc_column][\/vc_row][vc_row rt_row_background_width=&#8220;fullwidth&#8220; rt_row_content_width=&#8220;default&#8220; rt_row_style=&#8220;default-style&#8220; rt_row_height=&#8220;&#8220; rt_column_gaps=&#8220;&#8220; rt_row_shadows=&#8220;&#8220; rt_row_borders=&#8220;&#8220; rt_bg_effect=&#8220;classic&#8220; rt_bg_image_repeat=&#8220;repeat&#8220; rt_bg_size=&#8220;cover&#8220; rt_bg_position=&#8220;right top&#8220; rt_bg_attachment=&#8220;scroll&#8220; rt_bg_layer=&#8220;&#8220; rt_bg_video_format=&#8220;self-hosted&#8220;][vc_column rt_bg_effect=&#8220;classic&#8220; rt_bg_image_repeat=&#8220;repeat&#8220; rt_bg_size=&#8220;auto auto&#8220; rt_bg_position=&#8220;right top&#8220; rt_bg_attachment=&#8220;scroll&#8220;][vc_column_text]<\/p>\n<div class=\"vc_row wpb_row vc_row-fluid\">\n<div class=\"inner\">\n<div class=\"wpb_column vc_column_container vc_col-sm-12\">\n<div class=\"vc_column-inner \">\n<div class=\"wpb_wrapper\">\n<div class=\"wpb_text_column wpb_content_element \">\n<div class=\"wpb_wrapper\">\n<div class=\"vc_row wpb_row vc_row-fluid\">\n<div class=\"inner\">\n<div class=\"wpb_column vc_column_container vc_col-sm-12\">\n<div class=\"vc_column-inner \">\n<div class=\"wpb_wrapper\">\n<div class=\"wpb_text_column wpb_content_element \">\n<div class=\"wpb_wrapper\">\n<h3>Schlie\u00dfautomaten, Ventus<\/h3>\n<p>Ventus (Oberlicht\u00f6ffner) erm\u00f6glicht \u00d6ffnen von Kippfenster an einer besser erreichbaren Stelle.<\/p>\n<\/div>\n<\/div>\n<\/div>\n<\/div>\n<\/div>\n<\/div>\n<\/div>\n<div class=\"vc_row wpb_row vc_row-fluid\">\n<div class=\"inner\">\n<div class=\"wpb_column vc_column_container vc_col-sm-12\">\n<div class=\"vc_column-inner \">\n<div class=\"wpb_wrapper\">\n<div class=\"wpb_text_column wpb_content_element \">\n<div class=\"wpb_wrapper\">\n<h3>T\u00fcrklopfer, Guckl\u00f6cher, Briefdurchl\u00e4sse<\/h3>\n<p>In unserem Angebot haben wir breite Auswahl von T\u00fcrklopfer, Guckl\u00f6chern und Briefdurchl\u00e4ssen.<\/p>\n<\/div>\n<\/div>\n<\/div>\n<\/div>\n<\/div>\n<\/div>\n<\/div>\n<div class=\"vc_row wpb_row vc_row-fluid\">\n<div class=\"inner\">\n<div class=\"wpb_column vc_column_container vc_col-sm-12\">\n<div class=\"vc_column-inner \">\n<div class=\"wpb_wrapper\">\n<div class=\"wpb_text_column wpb_content_element \">\n<div class=\"wpb_wrapper\">\n<h3>Stegleisten f\u00fcr Fenster<\/h3>\n<p>Glasfl\u00e4chen k\u00f6nnen Sie mit Fensterzierleisten verzieren, die in Zwischenglasraum von ISO Glas eingebaut werden k\u00f6nnen. Zierleisten k\u00f6nnen rund oder flach, in Wei\u00df, goldfarbig, silber- oder messingfarben sein, und durch diese kann eigenwilliger Raster ausgef\u00fchrt werden.<\/p>\n<\/div>\n<\/div>\n<\/div>\n<\/div>\n<\/div>\n<\/div>\n<\/div>\n<\/div>\n<\/div>\n<\/div>\n<\/div>\n<\/div>\n<\/div>\n<\/div>\n<p>[\/vc_column_text][\/vc_column][\/vc_row][vc_row rt_row_background_width=&#8220;fullwidth&#8220; rt_row_content_width=&#8220;default&#8220; rt_row_style=&#8220;default-style&#8220; rt_row_height=&#8220;&#8220; rt_column_gaps=&#8220;&#8220; rt_row_shadows=&#8220;&#8220; rt_row_borders=&#8220;&#8220; rt_bg_effect=&#8220;classic&#8220; rt_bg_image_repeat=&#8220;repeat&#8220; rt_bg_size=&#8220;cover&#8220; rt_bg_position=&#8220;right top&#8220; rt_bg_attachment=&#8220;scroll&#8220; rt_bg_layer=&#8220;&#8220; rt_bg_video_format=&#8220;self-hosted&#8220;][vc_column rt_bg_effect=&#8220;classic&#8220; rt_bg_image_repeat=&#8220;repeat&#8220; rt_bg_size=&#8220;auto auto&#8220; rt_bg_position=&#8220;right top&#8220; rt_bg_attachment=&#8220;scroll&#8220;][vc_media_grid element_width=&#8220;2&#8243; grid_id=&#8220;vc_gid:1523224817332-d0f5941d-766c-0&#8243; include=&#8220;4870,4871&#8243;][\/vc_column][\/vc_row][vc_row rt_row_background_width=&#8220;fullwidth&#8220; rt_row_content_width=&#8220;default&#8220; rt_row_style=&#8220;default-style&#8220; rt_row_height=&#8220;&#8220; rt_column_gaps=&#8220;&#8220; rt_row_shadows=&#8220;&#8220; rt_row_borders=&#8220;&#8220; rt_bg_effect=&#8220;classic&#8220; rt_bg_image_repeat=&#8220;repeat&#8220; rt_bg_size=&#8220;cover&#8220; rt_bg_position=&#8220;right top&#8220; rt_bg_attachment=&#8220;scroll&#8220; rt_bg_layer=&#8220;&#8220; rt_bg_video_format=&#8220;self-hosted&#8220;][vc_column rt_bg_effect=&#8220;classic&#8220; rt_bg_image_repeat=&#8220;repeat&#8220; rt_bg_size=&#8220;auto auto&#8220; rt_bg_position=&#8220;right top&#8220; rt_bg_attachment=&#8220;scroll&#8220;][vc_column_text]<\/p>\n<h3>Wartungsset f\u00fcr PVC Fenster &amp; T\u00fcren<\/h3>\n<p>[\/vc_column_text][\/vc_column][\/vc_row][vc_row rt_row_background_width=&#8220;fullwidth&#8220; rt_row_content_width=&#8220;default&#8220; rt_row_style=&#8220;default-style&#8220; rt_row_height=&#8220;&#8220; rt_column_gaps=&#8220;&#8220; rt_row_shadows=&#8220;&#8220; rt_row_borders=&#8220;&#8220; rt_bg_effect=&#8220;classic&#8220; rt_bg_image_repeat=&#8220;repeat&#8220; rt_bg_size=&#8220;cover&#8220; rt_bg_position=&#8220;right top&#8220; rt_bg_attachment=&#8220;scroll&#8220; rt_bg_layer=&#8220;&#8220; rt_bg_video_format=&#8220;self-hosted&#8220;][vc_column rt_bg_effect=&#8220;classic&#8220; rt_bg_image_repeat=&#8220;repeat&#8220; rt_bg_size=&#8220;auto auto&#8220; rt_bg_position=&#8220;right top&#8220; rt_bg_attachment=&#8220;scroll&#8220;][vc_media_grid element_width=&#8220;2&#8243; grid_id=&#8220;vc_gid:1523224817334-ec58a1ef-8253-10&#8243; include=&#8220;4862,4864,4865&#8243;][\/vc_column][\/vc_row]<\/p>\n<\/div>","protected":false},"excerpt":{"rendered":"<p>[vc_row rt_row_background_width=&#8220;fullwidth&#8220; rt_row_content_width=&#8220;default&#8220; rt_row_style=&#8220;default-style&#8220; rt_row_height=&#8220;&#8220; rt_column_gaps=&#8220;&#8220; rt_row_shadows=&#8220;&#8220; rt_row_borders=&#8220;&#8220; rt_bg_effect=&#8220;classic&#8220; rt_bg_image_repeat=&#8220;repeat&#8220; rt_bg_size=&#8220;cover&#8220; rt_bg_position=&#8220;right top&#8220; rt_bg_attachment=&#8220;scroll&#8220; rt_bg_layer=&#8220;&#8220; rt_bg_video_format=&#8220;self-hosted&#8220;][vc_column width=&#8220;2\/3&#8243; rt_bg_effect=&#8220;classic&#8220; rt_bg_image_repeat=&#8220;repeat&#8220; rt_bg_size=&#8220;auto auto&#8220; rt_bg_position=&#8220;right top&#8220; rt_bg_attachment=&#8220;scroll&#8220;][vc_column_text] Jalousien Jalousien\u00a0(Venezianer) sind d\u00fcnne horizontalen Lamellen, die um eine horizontale Achse gedreht oder nach oben gehoben werden, wobei diese in den Halter an oberer Fensterseite angesammelt werden, und heute gibt es [&hellip;]<\/p>\n","protected":false},"author":1,"featured_media":4872,"parent":4705,"menu_order":0,"comment_status":"closed","ping_status":"closed","template":"","meta":{"footnotes":""},"class_list":["post-4875","page","type-page","status-publish","has-post-thumbnail","hentry"],"yoast_head":"<!-- This site is optimized with the Yoast SEO plugin v27.3 - https:\/\/yoast.com\/product\/yoast-seo-wordpress\/ -->\n<title>Zubeh\u00f6r - Ponistra Biorine<\/title>\n<meta name=\"description\" content=\"Jalousien (Venezianer) sind d\u00fcnne horizontalen Lamellen, die um eine horizontale Achse gedreht oder nach oben gehoben werden, wobei diese in den Halter an oberer Fensterseite angesammelt werden\" \/>\n<meta name=\"robots\" content=\"index, follow, max-snippet:-1, max-image-preview:large, max-video-preview:-1\" \/>\n<link rel=\"canonical\" href=\"https:\/\/ponistra.hr\/de\/produkte\/zubehoer\/\" \/>\n<meta property=\"og:locale\" content=\"de_DE\" \/>\n<meta property=\"og:type\" content=\"article\" \/>\n<meta property=\"og:title\" content=\"Zubeh\u00f6r - Ponistra Biorine\" \/>\n<meta property=\"og:description\" content=\"Jalousien (Venezianer) sind d\u00fcnne horizontalen Lamellen, die um eine horizontale Achse gedreht oder nach oben gehoben werden, wobei diese in den Halter an oberer Fensterseite angesammelt werden\" \/>\n<meta property=\"og:url\" content=\"https:\/\/ponistra.hr\/de\/produkte\/zubehoer\/\" \/>\n<meta property=\"og:site_name\" content=\"Ponistra Biorine\" \/>\n<meta property=\"article:modified_time\" content=\"2024-06-13T09:10:53+00:00\" \/>\n<meta property=\"og:image\" content=\"https:\/\/ponistra.hr\/wp-content\/uploads\/2018\/04\/oprema-zaluzine.jpg\" \/>\n\t<meta property=\"og:image:width\" content=\"230\" \/>\n\t<meta property=\"og:image:height\" content=\"250\" \/>\n\t<meta property=\"og:image:type\" content=\"image\/jpeg\" \/>\n<meta name=\"twitter:card\" content=\"summary_large_image\" \/>\n<meta name=\"twitter:label1\" content=\"Gesch\u00e4tzte Lesezeit\" \/>\n\t<meta name=\"twitter:data1\" content=\"2\u00a0Minuten\" \/>\n<script type=\"application\/ld+json\" class=\"yoast-schema-graph\">{\"@context\":\"https:\\\/\\\/schema.org\",\"@graph\":[{\"@type\":\"WebPage\",\"@id\":\"https:\\\/\\\/ponistra.hr\\\/de\\\/produkte\\\/zubehoer\\\/\",\"url\":\"https:\\\/\\\/ponistra.hr\\\/de\\\/produkte\\\/zubehoer\\\/\",\"name\":\"Zubeh\u00f6r - Ponistra Biorine\",\"isPartOf\":{\"@id\":\"https:\\\/\\\/ponistra.hr\\\/#website\"},\"primaryImageOfPage\":{\"@id\":\"https:\\\/\\\/ponistra.hr\\\/de\\\/produkte\\\/zubehoer\\\/#primaryimage\"},\"image\":{\"@id\":\"https:\\\/\\\/ponistra.hr\\\/de\\\/produkte\\\/zubehoer\\\/#primaryimage\"},\"thumbnailUrl\":\"https:\\\/\\\/ponistra.hr\\\/wp-content\\\/uploads\\\/2018\\\/04\\\/oprema-zaluzine.jpg\",\"datePublished\":\"2018-04-08T21:57:11+00:00\",\"dateModified\":\"2024-06-13T09:10:53+00:00\",\"description\":\"Jalousien (Venezianer) sind d\u00fcnne horizontalen Lamellen, die um eine horizontale Achse gedreht oder nach oben gehoben werden, wobei diese in den Halter an oberer Fensterseite angesammelt werden\",\"breadcrumb\":{\"@id\":\"https:\\\/\\\/ponistra.hr\\\/de\\\/produkte\\\/zubehoer\\\/#breadcrumb\"},\"inLanguage\":\"de\",\"potentialAction\":[{\"@type\":\"ReadAction\",\"target\":[\"https:\\\/\\\/ponistra.hr\\\/de\\\/produkte\\\/zubehoer\\\/\"]}]},{\"@type\":\"ImageObject\",\"inLanguage\":\"de\",\"@id\":\"https:\\\/\\\/ponistra.hr\\\/de\\\/produkte\\\/zubehoer\\\/#primaryimage\",\"url\":\"https:\\\/\\\/ponistra.hr\\\/wp-content\\\/uploads\\\/2018\\\/04\\\/oprema-zaluzine.jpg\",\"contentUrl\":\"https:\\\/\\\/ponistra.hr\\\/wp-content\\\/uploads\\\/2018\\\/04\\\/oprema-zaluzine.jpg\",\"width\":230,\"height\":250,\"caption\":\"img\"},{\"@type\":\"BreadcrumbList\",\"@id\":\"https:\\\/\\\/ponistra.hr\\\/de\\\/produkte\\\/zubehoer\\\/#breadcrumb\",\"itemListElement\":[{\"@type\":\"ListItem\",\"position\":1,\"name\":\"Home\",\"item\":\"https:\\\/\\\/ponistra.hr\\\/de\\\/\"},{\"@type\":\"ListItem\",\"position\":2,\"name\":\"Produkte\",\"item\":\"https:\\\/\\\/ponistra.hr\\\/de\\\/produkte\\\/\"},{\"@type\":\"ListItem\",\"position\":3,\"name\":\"Zubeh\u00f6r\"}]},{\"@type\":\"WebSite\",\"@id\":\"https:\\\/\\\/ponistra.hr\\\/#website\",\"url\":\"https:\\\/\\\/ponistra.hr\\\/\",\"name\":\"Ponistra Biorine\",\"description\":\"quality and innovation\",\"potentialAction\":[{\"@type\":\"SearchAction\",\"target\":{\"@type\":\"EntryPoint\",\"urlTemplate\":\"https:\\\/\\\/ponistra.hr\\\/?s={search_term_string}\"},\"query-input\":{\"@type\":\"PropertyValueSpecification\",\"valueRequired\":true,\"valueName\":\"search_term_string\"}}],\"inLanguage\":\"de\"}]}<\/script>\n<!-- \/ Yoast SEO plugin. -->","yoast_head_json":{"title":"Zubeh\u00f6r - Ponistra Biorine","description":"Jalousien (Venezianer) sind d\u00fcnne horizontalen Lamellen, die um eine horizontale Achse gedreht oder nach oben gehoben werden, wobei diese in den Halter an oberer Fensterseite angesammelt werden","robots":{"index":"index","follow":"follow","max-snippet":"max-snippet:-1","max-image-preview":"max-image-preview:large","max-video-preview":"max-video-preview:-1"},"canonical":"https:\/\/ponistra.hr\/de\/produkte\/zubehoer\/","og_locale":"de_DE","og_type":"article","og_title":"Zubeh\u00f6r - Ponistra Biorine","og_description":"Jalousien (Venezianer) sind d\u00fcnne horizontalen Lamellen, die um eine horizontale Achse gedreht oder nach oben gehoben werden, wobei diese in den Halter an oberer Fensterseite angesammelt werden","og_url":"https:\/\/ponistra.hr\/de\/produkte\/zubehoer\/","og_site_name":"Ponistra Biorine","article_modified_time":"2024-06-13T09:10:53+00:00","og_image":[{"width":230,"height":250,"url":"https:\/\/ponistra.hr\/wp-content\/uploads\/2018\/04\/oprema-zaluzine.jpg","type":"image\/jpeg"}],"twitter_card":"summary_large_image","twitter_misc":{"Gesch\u00e4tzte Lesezeit":"2\u00a0Minuten"},"schema":{"@context":"https:\/\/schema.org","@graph":[{"@type":"WebPage","@id":"https:\/\/ponistra.hr\/de\/produkte\/zubehoer\/","url":"https:\/\/ponistra.hr\/de\/produkte\/zubehoer\/","name":"Zubeh\u00f6r - Ponistra Biorine","isPartOf":{"@id":"https:\/\/ponistra.hr\/#website"},"primaryImageOfPage":{"@id":"https:\/\/ponistra.hr\/de\/produkte\/zubehoer\/#primaryimage"},"image":{"@id":"https:\/\/ponistra.hr\/de\/produkte\/zubehoer\/#primaryimage"},"thumbnailUrl":"https:\/\/ponistra.hr\/wp-content\/uploads\/2018\/04\/oprema-zaluzine.jpg","datePublished":"2018-04-08T21:57:11+00:00","dateModified":"2024-06-13T09:10:53+00:00","description":"Jalousien (Venezianer) sind d\u00fcnne horizontalen Lamellen, die um eine horizontale Achse gedreht oder nach oben gehoben werden, wobei diese in den Halter an oberer Fensterseite angesammelt werden","breadcrumb":{"@id":"https:\/\/ponistra.hr\/de\/produkte\/zubehoer\/#breadcrumb"},"inLanguage":"de","potentialAction":[{"@type":"ReadAction","target":["https:\/\/ponistra.hr\/de\/produkte\/zubehoer\/"]}]},{"@type":"ImageObject","inLanguage":"de","@id":"https:\/\/ponistra.hr\/de\/produkte\/zubehoer\/#primaryimage","url":"https:\/\/ponistra.hr\/wp-content\/uploads\/2018\/04\/oprema-zaluzine.jpg","contentUrl":"https:\/\/ponistra.hr\/wp-content\/uploads\/2018\/04\/oprema-zaluzine.jpg","width":230,"height":250,"caption":"img"},{"@type":"BreadcrumbList","@id":"https:\/\/ponistra.hr\/de\/produkte\/zubehoer\/#breadcrumb","itemListElement":[{"@type":"ListItem","position":1,"name":"Home","item":"https:\/\/ponistra.hr\/de\/"},{"@type":"ListItem","position":2,"name":"Produkte","item":"https:\/\/ponistra.hr\/de\/produkte\/"},{"@type":"ListItem","position":3,"name":"Zubeh\u00f6r"}]},{"@type":"WebSite","@id":"https:\/\/ponistra.hr\/#website","url":"https:\/\/ponistra.hr\/","name":"Ponistra Biorine","description":"quality and innovation","potentialAction":[{"@type":"SearchAction","target":{"@type":"EntryPoint","urlTemplate":"https:\/\/ponistra.hr\/?s={search_term_string}"},"query-input":{"@type":"PropertyValueSpecification","valueRequired":true,"valueName":"search_term_string"}}],"inLanguage":"de"}]}},"_links":{"self":[{"href":"https:\/\/ponistra.hr\/de\/wp-json\/wp\/v2\/pages\/4875","targetHints":{"allow":["GET"]}}],"collection":[{"href":"https:\/\/ponistra.hr\/de\/wp-json\/wp\/v2\/pages"}],"about":[{"href":"https:\/\/ponistra.hr\/de\/wp-json\/wp\/v2\/types\/page"}],"author":[{"embeddable":true,"href":"https:\/\/ponistra.hr\/de\/wp-json\/wp\/v2\/users\/1"}],"replies":[{"embeddable":true,"href":"https:\/\/ponistra.hr\/de\/wp-json\/wp\/v2\/comments?post=4875"}],"version-history":[{"count":2,"href":"https:\/\/ponistra.hr\/de\/wp-json\/wp\/v2\/pages\/4875\/revisions"}],"predecessor-version":[{"id":4880,"href":"https:\/\/ponistra.hr\/de\/wp-json\/wp\/v2\/pages\/4875\/revisions\/4880"}],"up":[{"embeddable":true,"href":"https:\/\/ponistra.hr\/de\/wp-json\/wp\/v2\/pages\/4705"}],"wp:featuredmedia":[{"embeddable":true,"href":"https:\/\/ponistra.hr\/de\/wp-json\/wp\/v2\/media\/4872"}],"wp:attachment":[{"href":"https:\/\/ponistra.hr\/de\/wp-json\/wp\/v2\/media?parent=4875"}],"curies":[{"name":"wp","href":"https:\/\/api.w.org\/{rel}","templated":true}]}}