{"id":4931,"date":"2018-04-08T22:47:19","date_gmt":"2018-04-08T22:47:19","guid":{"rendered":"http:\/\/ponistra.hr\/proizvodi\/paleta-boja\/"},"modified":"2024-06-13T09:14:50","modified_gmt":"2024-06-13T09:14:50","slug":"farbenpalette","status":"publish","type":"page","link":"https:\/\/ponistra.hr\/de\/produkte\/farbenpalette\/","title":{"rendered":"Farbenpalette"},"content":{"rendered":"<div class=\"wpb-content-wrapper\"><p>[vc_row rt_row_background_width=&#8220;fullwidth&#8220; rt_row_content_width=&#8220;default&#8220; rt_row_style=&#8220;default-style&#8220; rt_row_height=&#8220;&#8220; rt_column_gaps=&#8220;&#8220; rt_row_shadows=&#8220;&#8220; rt_row_borders=&#8220;&#8220; rt_bg_effect=&#8220;classic&#8220; rt_bg_image_repeat=&#8220;repeat&#8220; rt_bg_size=&#8220;cover&#8220; rt_bg_position=&#8220;right top&#8220; rt_bg_attachment=&#8220;scroll&#8220; rt_bg_layer=&#8220;&#8220; rt_bg_video_format=&#8220;self-hosted&#8220;][vc_column rt_bg_effect=&#8220;classic&#8220; rt_bg_image_repeat=&#8220;repeat&#8220; rt_bg_size=&#8220;auto auto&#8220; rt_bg_position=&#8220;right top&#8220; rt_bg_attachment=&#8220;scroll&#8220;][vc_column_text]<\/p>\n<h2>Holzimitation Farben<\/h2>\n<h3>Standardm\u00e4\u00dfige Folien<\/h3>\n<p>[\/vc_column_text][\/vc_column][\/vc_row][vc_row rt_row_background_width=&#8220;fullwidth&#8220; rt_row_content_width=&#8220;default&#8220; rt_row_style=&#8220;default-style&#8220; rt_row_height=&#8220;&#8220; rt_column_gaps=&#8220;&#8220; rt_row_shadows=&#8220;&#8220; rt_row_borders=&#8220;&#8220; rt_bg_effect=&#8220;classic&#8220; rt_bg_image_repeat=&#8220;repeat&#8220; rt_bg_size=&#8220;cover&#8220; rt_bg_position=&#8220;right top&#8220; rt_bg_attachment=&#8220;scroll&#8220; rt_bg_layer=&#8220;&#8220; rt_bg_video_format=&#8220;self-hosted&#8220;][vc_column rt_bg_effect=&#8220;classic&#8220; rt_bg_image_repeat=&#8220;repeat&#8220; rt_bg_size=&#8220;auto auto&#8220; rt_bg_position=&#8220;right top&#8220; rt_bg_attachment=&#8220;scroll&#8220;][vc_media_grid element_width=&#8220;2&#8243; grid_id=&#8220;vc_gid:1636457808999-6e5628b1-f0a2-4&#8243; include=&#8220;4884,4886,4887,4888,4885&#8243;][\/vc_column][\/vc_row][vc_row rt_row_background_width=&#8220;fullwidth&#8220; rt_row_content_width=&#8220;default&#8220; rt_row_style=&#8220;default-style&#8220; rt_row_height=&#8220;&#8220; rt_column_gaps=&#8220;&#8220; rt_row_shadows=&#8220;&#8220; rt_row_borders=&#8220;&#8220; rt_bg_effect=&#8220;classic&#8220; rt_bg_image_repeat=&#8220;repeat&#8220; rt_bg_size=&#8220;cover&#8220; rt_bg_position=&#8220;right top&#8220; rt_bg_attachment=&#8220;scroll&#8220; rt_bg_layer=&#8220;&#8220; rt_bg_video_format=&#8220;self-hosted&#8220;][vc_column rt_bg_effect=&#8220;classic&#8220; rt_bg_image_repeat=&#8220;repeat&#8220; rt_bg_size=&#8220;auto auto&#8220; rt_bg_position=&#8220;right top&#8220; rt_bg_attachment=&#8220;scroll&#8220;][vc_column_text]<\/p>\n<h3>Nichtstandardm\u00e4\u00dfige Folien<\/h3>\n<p>[\/vc_column_text][\/vc_column][\/vc_row][vc_row rt_row_background_width=&#8220;fullwidth&#8220; rt_row_content_width=&#8220;default&#8220; rt_row_style=&#8220;default-style&#8220; rt_row_height=&#8220;&#8220; rt_column_gaps=&#8220;&#8220; rt_row_shadows=&#8220;&#8220; rt_row_borders=&#8220;&#8220; rt_bg_effect=&#8220;classic&#8220; rt_bg_image_repeat=&#8220;repeat&#8220; rt_bg_size=&#8220;cover&#8220; rt_bg_position=&#8220;right top&#8220; rt_bg_attachment=&#8220;scroll&#8220; rt_bg_layer=&#8220;&#8220; rt_bg_video_format=&#8220;self-hosted&#8220;][vc_column rt_bg_effect=&#8220;classic&#8220; rt_bg_image_repeat=&#8220;repeat&#8220; rt_bg_size=&#8220;auto auto&#8220; rt_bg_position=&#8220;right top&#8220; rt_bg_attachment=&#8220;scroll&#8220;][vc_media_grid element_width=&#8220;2&#8243; grid_id=&#8220;vc_gid:1636457809013-dd570ce1-4fe4-7&#8243; include=&#8220;4889,4890,4891,4892,4893,4894,4895,4896,4897,4898,4899,4900,4901,4902,4903,4904,4905,4906,4907,4908,4909,4910,4911,4912,4913,4914,4915,4916&#8243;][\/vc_column][\/vc_row][vc_row rt_row_background_width=&#8220;fullwidth&#8220; rt_row_content_width=&#8220;default&#8220; rt_row_style=&#8220;default-style&#8220; rt_row_height=&#8220;&#8220; rt_column_gaps=&#8220;&#8220; rt_row_shadows=&#8220;&#8220; rt_row_borders=&#8220;&#8220; rt_bg_effect=&#8220;classic&#8220; rt_bg_image_repeat=&#8220;repeat&#8220; rt_bg_size=&#8220;cover&#8220; rt_bg_position=&#8220;right top&#8220; rt_bg_attachment=&#8220;scroll&#8220; rt_bg_layer=&#8220;&#8220; rt_bg_video_format=&#8220;self-hosted&#8220;][vc_column rt_bg_effect=&#8220;classic&#8220; rt_bg_image_repeat=&#8220;repeat&#8220; rt_bg_size=&#8220;auto auto&#8220; rt_bg_position=&#8220;right top&#8220; rt_bg_attachment=&#8220;scroll&#8220;][vc_column_text]<\/p>\n<h3><strong>Acrylfarben<\/strong><\/h3>\n<p>[\/vc_column_text][\/vc_column][\/vc_row][vc_row rt_row_background_width=&#8220;fullwidth&#8220; rt_row_content_width=&#8220;default&#8220; rt_row_style=&#8220;default-style&#8220; rt_row_height=&#8220;&#8220; rt_column_gaps=&#8220;&#8220; rt_row_shadows=&#8220;&#8220; rt_row_borders=&#8220;&#8220; rt_bg_effect=&#8220;classic&#8220; rt_bg_image_repeat=&#8220;repeat&#8220; rt_bg_size=&#8220;cover&#8220; rt_bg_position=&#8220;right top&#8220; rt_bg_attachment=&#8220;scroll&#8220; rt_bg_layer=&#8220;&#8220; rt_bg_video_format=&#8220;self-hosted&#8220;][vc_column rt_bg_effect=&#8220;classic&#8220; rt_bg_image_repeat=&#8220;repeat&#8220; rt_bg_size=&#8220;auto auto&#8220; rt_bg_position=&#8220;right top&#8220; rt_bg_attachment=&#8220;scroll&#8220;][vc_media_grid element_width=&#8220;2&#8243; grid_id=&#8220;vc_gid:1636457809066-fc4ae763-f8a2-5&#8243; include=&#8220;4918,4919,4926,4920,4922,4923,4924,4925,4921,4927,4917,4928&#8243;][\/vc_column][\/vc_row][vc_row rt_row_background_width=&#8220;fullwidth&#8220; rt_row_content_width=&#8220;default&#8220; rt_row_style=&#8220;default-style&#8220; rt_row_height=&#8220;&#8220; rt_column_gaps=&#8220;&#8220; rt_row_shadows=&#8220;&#8220; rt_row_borders=&#8220;&#8220; rt_bg_effect=&#8220;classic&#8220; rt_bg_image_repeat=&#8220;repeat&#8220; rt_bg_size=&#8220;cover&#8220; rt_bg_position=&#8220;right top&#8220; rt_bg_attachment=&#8220;scroll&#8220; rt_bg_layer=&#8220;&#8220; rt_bg_video_format=&#8220;self-hosted&#8220;][vc_column rt_bg_effect=&#8220;classic&#8220; rt_bg_image_repeat=&#8220;repeat&#8220; rt_bg_size=&#8220;auto auto&#8220; rt_bg_position=&#8220;right top&#8220; rt_bg_attachment=&#8220;scroll&#8220;][vc_column_text]<\/p>\n<div class=\"vc_row wpb_row vc_row-fluid\">\n<div class=\"inner\">\n<div class=\"wpb_column vc_column_container vc_col-sm-12\">\n<div class=\"vc_column-inner \">\n<div class=\"wpb_wrapper\">\n<div class=\"wpb_text_column wpb_content_element \">\n<div class=\"wpb_wrapper\">\n<h4><strong>FASZINIERENDE FARBEN<\/strong><\/h4>\n<p>Anspruchsvolle architektonische Projekte erhalten ihre \u00e4sthetische Pers\u00f6nlichkeit durch perfekte Farben, Gestaltungs- und Materialausgleichung. Den Architektenw\u00fcnschen nach harmonischem Abschluss von Fassadenelementen und Fensterformen stehen fast keine Grenzen vor. Gerade im Bereich \u00f6ffentlicher und Wohnobjekte geben farbige Profile eindrucksvolle Akzente und lassen Ihnen die M\u00f6glichkeit zu, Ihren eigenen, pers\u00f6nlichen Stil und individuellen Charakter auszudr\u00fccken.<\/p>\n<p>Acrylcolor Fenster System GEALAN bieten vielf\u00e4ltige M\u00f6glichkeiten im Bereich Kreativit\u00e4t, Fantasie und Experimentfreude an.<\/p>\n<\/div>\n<\/div>\n<\/div>\n<\/div>\n<\/div>\n<\/div>\n<\/div>\n<div class=\"vc_row wpb_row vc_row-fluid\">\n<div class=\"inner\">\n<div class=\"wpb_column vc_column_container vc_col-sm-12\">\n<div class=\"vc_column-inner \">\n<div class=\"wpb_wrapper\">\n<div class=\"wpb_text_column wpb_content_element \">\n<div class=\"wpb_wrapper\">\n<p>FARBEN REIZEN EMOTIONEN AN<\/p>\n<p>Acrylcolor Fensterprofile sind nach ihrem vollen Farbenton erkennbar. Standardprogramm umfasst 11 moderne Farben, es sind aber nach Wunsch und mengenabh\u00e4ngig auch Bestellungen in Sonderfarben m\u00f6glich. Sie f\u00fcgen sich je nach Architektenprojekt ein und verleihen so dem Geb\u00e4ude ihr charakteristisches Aussehen. Durch verschiedene Farben sind dabei auch verschiedene Eindr\u00fccke gegeben.<\/p>\n<p>Rot ist bedeutendste Signalfarbe und stellt Symbol f\u00fcr Kraft, Dynamik, Lebendigkeit und W\u00e4rme dar. Im Rot sind Details auff\u00e4llig eindrucksvoll und als Stimulationselement anwesend.<br \/>\nRot zieht magisch mit Kraft ihres Lichtes die Aufmerksamkeit des Betrachters an.<\/p>\n<p>Braune Farbe z\u00e4hlt zu warmen Erdent\u00f6ne. Sie verschafft Gef\u00fchl von Ruhe, Gemeinsamkeit und Festigkeit und wird unter anderem in Bezug mit rustikalen Materialien gebracht. Braun ist ewige, dauerhafte und best\u00e4ndigste Grundfarbe f\u00fcr alle anderen Farben.<\/p>\n<p>Grau und Gr\u00fcn widerspiegeln ruhige, dezente, zur\u00fcckhaltende und ausgeglichene Farbenklarheit. Gr\u00fcn ist die Farbe der Natur und der Frische. Grau ist real und neutral, und in Kombination mit Silberfarbe zeigt sie sich \u00fcberaus edel und repr\u00e4sentativ.<\/p>\n<p>Blau ist weitbeliebteste Farbe auf der Skale. Sie wirkt kalt und beruhigend, real und wesentlich, so verschafft sie den Eindruck von Klarheit.<br \/>\nKombination von blau, gr\u00fcn und wei\u00df wirkt als Symbol und Zeichen f\u00fcr Ausruhen und Erholung.<\/p>\n<\/div>\n<\/div>\n<\/div>\n<\/div>\n<\/div>\n<\/div>\n<\/div>\n<div class=\"vc_row wpb_row vc_row-fluid\">\n<div class=\"inner\">\n<div class=\"wpb_column vc_column_container vc_col-sm-12\">\n<div class=\"vc_column-inner \">\n<div class=\"wpb_wrapper\">\n<div class=\"wpb_text_column wpb_content_element \">\n<div class=\"wpb_wrapper\">\n<h4><strong>HARMONIE VON FASSADE UND FENSTERN<\/strong><\/h4>\n<p>Mit farbigen Fensterprofilen stellen Sie Akzente auf Fassadenaussicht. Auf diese Weise werden Wohngeb\u00e4uden sowie ihre Bewohner erkennbar, und die Gesch\u00e4ftsobjekte erhalten somit sehr attraktive Aussicht.<br \/>\nUnter 12 koextrudierten Acrylcolor Farben w\u00e4hlen Sie eine bestimmte Farbe, um an der Fassade elegante und monochromatischen Eindruck oder lebendigen und starke Kontraste zu bekommen.<br \/>\nDaneben k\u00f6nnen Sie mit Acrylcolor Farben, wie originell designierte Vorschl\u00e4ge, als auch typisch regionalen Farbennuancen ausdr\u00fccken. Bestimmte farbigen Profile stehen \u00fcberall dort zur Verf\u00fcgung, wo es darum geht, Bewegen der Menschen zu T\u00fcren und Eingangsr\u00e4umen in Objekten zu richten.<\/p>\n<\/div>\n<\/div>\n<\/div>\n<\/div>\n<\/div>\n<\/div>\n<\/div>\n<div class=\"vc_row wpb_row vc_row-fluid\">\n<div class=\"inner\">\n<div class=\"wpb_column vc_column_container vc_col-sm-12\">\n<div class=\"vc_column-inner \">\n<div class=\"wpb_wrapper\">\n<div class=\"wpb_text_column wpb_content_element \">\n<div class=\"wpb_wrapper\">\n<h4><strong>KOEXTRUSION: WAS IST DAS?<\/strong><\/h4>\n<p>Koextrusionsverfahren wird in GEALAN noch seit 1980 angewendet.<br \/>\nErfahrung und Qualit\u00e4t in diesem Bereich wird mit RAL-Zertifikat f\u00fcr Acrylcolor, als auch mit der Qualit\u00e4tsbest\u00e4tigung des S\u00fcddeutschen Instituts f\u00fcr Kunststoffe best\u00e4tigt.<br \/>\nIm Fertigungsprozess von farbigen Profilen wird das Acrylglas durch Koexstrusionsverfahren auf Profilgrundk\u00f6rper dh. auf wei\u00dfen PVC aufgetragen, wodurch untrennbare Verbindung der Umlage mit der Unterlage geschaffen wird.<br \/>\nW\u00e4hrend des gemeinsamen thermischen Verfahrens erh\u00e4lt man seidenmatte \u00e4u\u00dfere Profilumlage, die Einfluss von Sonne, Wind, Regen, K\u00e4lte und Temperaturunterschiede problemlos vertr\u00e4gt.<br \/>\nAcrylcolor Profil verl\u00e4sst zweifarbig die Koexstrusionsprofild\u00fcse.<\/p>\n<\/div>\n<\/div>\n<\/div>\n<\/div>\n<\/div>\n<\/div>\n<\/div>\n<div class=\"vc_row wpb_row vc_row-fluid\">\n<div class=\"inner\">\n<div class=\"wpb_column vc_column_container vc_col-sm-12\">\n<div class=\"vc_column-inner \">\n<div class=\"wpb_wrapper\">\n<div class=\"wpb_text_column wpb_content_element \">\n<div class=\"wpb_wrapper\">\n<h4><strong>FARBENBEST\u00c4NDIGKEIT!<\/strong><\/h4>\n<p>Zweifarbige Acrylcolor Profile (au\u00dfen farbig, innen wei\u00df) werden in Koexstrusionsverfahren gefertigt.\u00a0<strong>Dieses Verfahren garantiert starke Farbenbest\u00e4ndigkeit<\/strong>. Sogar bei sukzessiven bzw. Etappenaustausch von Fenstereinheiten in unterschiedlichen Zeitintervallen auf demselben Geb\u00e4ude sind keine Unterschiede zwischen den Fenstern sichtbar.<\/p>\n<\/div>\n<\/div>\n<\/div>\n<\/div>\n<\/div>\n<\/div>\n<\/div>\n<div class=\"vc_row wpb_row vc_row-fluid\">\n<div class=\"inner\">\n<div class=\"wpb_column vc_column_container vc_col-sm-12\">\n<div class=\"vc_column-inner \">\n<div class=\"wpb_wrapper\">\n<div class=\"wpb_text_column wpb_content_element \">\n<div class=\"wpb_wrapper\">\n<h4><strong>HOHE REFLEXION!<\/strong><\/h4>\n<p>Sonnenstrahle reflektieren sich mit gro\u00dfem Teil von der wei\u00dfen PVC Grundfarbe, \u00fcber die eine infrarote durchlassende Acrylschicht aufgetragen ist.<br \/>\nDadurch wird Profilerw\u00e4rmung deutlich reduziert. Die zwischen sehr dunklen und wei\u00dfen Fenster entstehende Temperaturunterschiede werden somit stark reduziert.<\/p>\n<\/div>\n<\/div>\n<\/div>\n<\/div>\n<\/div>\n<\/div>\n<\/div>\n<div class=\"vc_row wpb_row vc_row-fluid\">\n<div class=\"inner\">\n<div class=\"wpb_column vc_column_container vc_col-sm-12\">\n<div class=\"vc_column-inner \">\n<div class=\"wpb_wrapper\">\n<div class=\"wpb_text_column wpb_content_element \">\n<div class=\"wpb_wrapper\">\n<h4><strong>WIDERSTANDSF\u00c4HIG AUF KRATZER!<\/strong><\/h4>\n<p>Die Oberfl\u00e4che von Acrylcolor Profil ist seidenmatt, glatt und ohne Poren, und dank der Verschmelzung von PVC mit Acrylglas unter hohen Temperatur wird hohe Haltbarkeit und Best\u00e4ndigkeit erreicht.<br \/>\nAcrylcolor Profile sind nicht nur hoch widerstandsf\u00e4hig auf Kratzer, sondern auch staub- und schmutzbest\u00e4ndig.<\/p>\n<\/div>\n<\/div>\n<\/div>\n<\/div>\n<\/div>\n<\/div>\n<\/div>\n<div class=\"vc_row wpb_row vc_row-fluid\">\n<div class=\"inner\">\n<div class=\"wpb_column vc_column_container vc_col-sm-12\">\n<div class=\"vc_column-inner \">\n<div class=\"wpb_wrapper\">\n<div class=\"wpb_text_column wpb_content_element \">\n<div class=\"wpb_wrapper\">\n<h4><strong>WETTERBEST\u00c4NDIGKEIT!<\/strong><\/h4>\n<p>Acrylglas an Millionen von Automobillichtern beweisen schon jahrelang ihre Best\u00e4ndigkeit auf aggressiven Wettereinfl\u00fcsse. Haupts\u00e4chlich wird dasselbe Material, das Acrylglas, das bei Automobillichtern Verwendung findet, auch f\u00fcr die Oberschicht von GEALAN Acrylcolor Profil verwendet. Dadurch ist Widerstandsf\u00e4higkeit auf Wettereinfl\u00fcsse erh\u00f6ht, und die Fenster aus Acrylcolor Profil bleiben fest und robust, sogar bei extremen klimatischen \u00c4nderungen.<\/p>\n<\/div>\n<\/div>\n<\/div>\n<\/div>\n<\/div>\n<\/div>\n<\/div>\n<div class=\"vc_row wpb_row vc_row-fluid\">\n<div class=\"inner\">\n<div class=\"wpb_column vc_column_container vc_col-sm-12\">\n<div class=\"vc_column-inner \">\n<div class=\"wpb_wrapper\">\n<div class=\"wpb_text_column wpb_content_element \">\n<div class=\"wpb_wrapper\">\n<h4><strong>PFLEGELEICHT<\/strong><\/h4>\n<p>Acrylcolor Fenster sind auch ohne besondere Pflege pflegeleicht. Sie werden nicht abgeschuppt, brechen nicht auf und ist kein nachtr\u00e4gliches Streichen notwendig, so entstehen dadurch keine Zusatzkosten bei Fensterpflege.<br \/>\nDer Staub wird von Acrylcolor Fenstern auch leicht abgewischt, und eventueller Schmutz wird mit einfachem Pflegemittel leicht beseitigt.<br \/>\nDank sehr leichtem Umgang mit Acrylcolor Profilen in Fertigungsverfahren von Fenstern ist eine pr\u00e4zise Fertigung und hoher Qualit\u00e4tsstandard des Produktes, und damit auch einfache Montage m\u00f6glich.<\/p>\n<\/div>\n<\/div>\n<\/div>\n<\/div>\n<\/div>\n<\/div>\n<\/div>\n<div class=\"vc_row wpb_row vc_row-fluid\">\n<div class=\"inner\">\n<div class=\"wpb_column vc_column_container vc_col-sm-12\">\n<div class=\"vc_column-inner \">\n<div class=\"wpb_wrapper\">\n<div class=\"wpb_text_column wpb_content_element \">\n<div class=\"wpb_wrapper\">\n<h4><strong>100% WIEDERVERWERTBAR!<\/strong><\/h4>\n<p>Acrylcolor Fenster sind vollst\u00e4ndig wiederverwertbar. Genauso werden bei Profilbearbeitung in Werkstatt die abfallenden Teile \u2013 Reste in Fertigungsprozess von Neuprofilen wiederverwendet.<br \/>\nDie alten Fenster sind also regranulierbar und wieder verwendbar. Das Ergebnis ist qualit\u00e4tsvolles PVC Material, der f\u00fcr neue Produkte wieder verwendbar ist. Damit ist geschlossener Kreis von Materialproduktion sichergestellt, und daneben ist auch der Energieverbrauch in der Produktion auf Mindestma\u00df reduziert.<\/p>\n<\/div>\n<\/div>\n<\/div>\n<\/div>\n<\/div>\n<\/div>\n<\/div>\n<p>[\/vc_column_text][\/vc_column][\/vc_row]<\/p>\n<\/div>","protected":false},"excerpt":{"rendered":"<p>[vc_row rt_row_background_width=&#8220;fullwidth&#8220; rt_row_content_width=&#8220;default&#8220; rt_row_style=&#8220;default-style&#8220; rt_row_height=&#8220;&#8220; rt_column_gaps=&#8220;&#8220; rt_row_shadows=&#8220;&#8220; rt_row_borders=&#8220;&#8220; rt_bg_effect=&#8220;classic&#8220; rt_bg_image_repeat=&#8220;repeat&#8220; rt_bg_size=&#8220;cover&#8220; rt_bg_position=&#8220;right top&#8220; rt_bg_attachment=&#8220;scroll&#8220; rt_bg_layer=&#8220;&#8220; rt_bg_video_format=&#8220;self-hosted&#8220;][vc_column rt_bg_effect=&#8220;classic&#8220; rt_bg_image_repeat=&#8220;repeat&#8220; rt_bg_size=&#8220;auto auto&#8220; rt_bg_position=&#8220;right top&#8220; rt_bg_attachment=&#8220;scroll&#8220;][vc_column_text] Holzimitation Farben Standardm\u00e4\u00dfige Folien [\/vc_column_text][\/vc_column][\/vc_row][vc_row rt_row_background_width=&#8220;fullwidth&#8220; rt_row_content_width=&#8220;default&#8220; rt_row_style=&#8220;default-style&#8220; rt_row_height=&#8220;&#8220; rt_column_gaps=&#8220;&#8220; rt_row_shadows=&#8220;&#8220; rt_row_borders=&#8220;&#8220; rt_bg_effect=&#8220;classic&#8220; rt_bg_image_repeat=&#8220;repeat&#8220; rt_bg_size=&#8220;cover&#8220; rt_bg_position=&#8220;right top&#8220; rt_bg_attachment=&#8220;scroll&#8220; rt_bg_layer=&#8220;&#8220; rt_bg_video_format=&#8220;self-hosted&#8220;][vc_column rt_bg_effect=&#8220;classic&#8220; rt_bg_image_repeat=&#8220;repeat&#8220; rt_bg_size=&#8220;auto auto&#8220; rt_bg_position=&#8220;right top&#8220; rt_bg_attachment=&#8220;scroll&#8220;][vc_media_grid element_width=&#8220;2&#8243; grid_id=&#8220;vc_gid:1636457808999-6e5628b1-f0a2-4&#8243; include=&#8220;4884,4886,4887,4888,4885&#8243;][\/vc_column][\/vc_row][vc_row rt_row_background_width=&#8220;fullwidth&#8220; rt_row_content_width=&#8220;default&#8220; [&hellip;]<\/p>\n","protected":false},"author":1,"featured_media":4883,"parent":4705,"menu_order":0,"comment_status":"closed","ping_status":"closed","template":"","meta":{"footnotes":""},"class_list":["post-4931","page","type-page","status-publish","has-post-thumbnail","hentry"],"yoast_head":"<!-- This site is optimized with the Yoast SEO plugin v27.3 - https:\/\/yoast.com\/product\/yoast-seo-wordpress\/ -->\n<title>Farbenpalette - Ponistra Biorine<\/title>\n<meta name=\"description\" content=\"Acrylcolor Fenster System GEALAN bieten vielf\u00e4ltige M\u00f6glichkeiten im Bereich Kreativit\u00e4t, Fantasie und Experimentfreude an.\" \/>\n<meta name=\"robots\" content=\"index, follow, max-snippet:-1, max-image-preview:large, max-video-preview:-1\" \/>\n<link rel=\"canonical\" href=\"https:\/\/ponistra.hr\/de\/produkte\/farbenpalette\/\" \/>\n<meta property=\"og:locale\" content=\"de_DE\" \/>\n<meta property=\"og:type\" content=\"article\" \/>\n<meta property=\"og:title\" content=\"Farbenpalette - Ponistra Biorine\" \/>\n<meta property=\"og:description\" content=\"Acrylcolor Fenster System GEALAN bieten vielf\u00e4ltige M\u00f6glichkeiten im Bereich Kreativit\u00e4t, Fantasie und Experimentfreude an.\" \/>\n<meta property=\"og:url\" content=\"https:\/\/ponistra.hr\/de\/produkte\/farbenpalette\/\" \/>\n<meta property=\"og:site_name\" content=\"Ponistra Biorine\" \/>\n<meta property=\"article:modified_time\" content=\"2024-06-13T09:14:50+00:00\" \/>\n<meta property=\"og:image\" content=\"https:\/\/ponistra.hr\/wp-content\/uploads\/2018\/04\/meni-12.jpg\" \/>\n\t<meta property=\"og:image:width\" content=\"170\" \/>\n\t<meta property=\"og:image:height\" content=\"170\" \/>\n\t<meta property=\"og:image:type\" content=\"image\/jpeg\" \/>\n<meta name=\"twitter:card\" content=\"summary_large_image\" \/>\n<meta name=\"twitter:label1\" content=\"Gesch\u00e4tzte Lesezeit\" \/>\n\t<meta name=\"twitter:data1\" content=\"5\u00a0Minuten\" \/>\n<script type=\"application\/ld+json\" class=\"yoast-schema-graph\">{\"@context\":\"https:\\\/\\\/schema.org\",\"@graph\":[{\"@type\":\"WebPage\",\"@id\":\"https:\\\/\\\/ponistra.hr\\\/de\\\/produkte\\\/farbenpalette\\\/\",\"url\":\"https:\\\/\\\/ponistra.hr\\\/de\\\/produkte\\\/farbenpalette\\\/\",\"name\":\"Farbenpalette - Ponistra Biorine\",\"isPartOf\":{\"@id\":\"https:\\\/\\\/ponistra.hr\\\/#website\"},\"primaryImageOfPage\":{\"@id\":\"https:\\\/\\\/ponistra.hr\\\/de\\\/produkte\\\/farbenpalette\\\/#primaryimage\"},\"image\":{\"@id\":\"https:\\\/\\\/ponistra.hr\\\/de\\\/produkte\\\/farbenpalette\\\/#primaryimage\"},\"thumbnailUrl\":\"https:\\\/\\\/ponistra.hr\\\/wp-content\\\/uploads\\\/2018\\\/04\\\/meni-12.jpg\",\"datePublished\":\"2018-04-08T22:47:19+00:00\",\"dateModified\":\"2024-06-13T09:14:50+00:00\",\"description\":\"Acrylcolor Fenster System GEALAN bieten vielf\u00e4ltige M\u00f6glichkeiten im Bereich Kreativit\u00e4t, Fantasie und Experimentfreude an.\",\"breadcrumb\":{\"@id\":\"https:\\\/\\\/ponistra.hr\\\/de\\\/produkte\\\/farbenpalette\\\/#breadcrumb\"},\"inLanguage\":\"de\",\"potentialAction\":[{\"@type\":\"ReadAction\",\"target\":[\"https:\\\/\\\/ponistra.hr\\\/de\\\/produkte\\\/farbenpalette\\\/\"]}]},{\"@type\":\"ImageObject\",\"inLanguage\":\"de\",\"@id\":\"https:\\\/\\\/ponistra.hr\\\/de\\\/produkte\\\/farbenpalette\\\/#primaryimage\",\"url\":\"https:\\\/\\\/ponistra.hr\\\/wp-content\\\/uploads\\\/2018\\\/04\\\/meni-12.jpg\",\"contentUrl\":\"https:\\\/\\\/ponistra.hr\\\/wp-content\\\/uploads\\\/2018\\\/04\\\/meni-12.jpg\",\"width\":170,\"height\":170,\"caption\":\"img\"},{\"@type\":\"BreadcrumbList\",\"@id\":\"https:\\\/\\\/ponistra.hr\\\/de\\\/produkte\\\/farbenpalette\\\/#breadcrumb\",\"itemListElement\":[{\"@type\":\"ListItem\",\"position\":1,\"name\":\"Home\",\"item\":\"https:\\\/\\\/ponistra.hr\\\/de\\\/\"},{\"@type\":\"ListItem\",\"position\":2,\"name\":\"Produkte\",\"item\":\"https:\\\/\\\/ponistra.hr\\\/de\\\/produkte\\\/\"},{\"@type\":\"ListItem\",\"position\":3,\"name\":\"Farbenpalette\"}]},{\"@type\":\"WebSite\",\"@id\":\"https:\\\/\\\/ponistra.hr\\\/#website\",\"url\":\"https:\\\/\\\/ponistra.hr\\\/\",\"name\":\"Ponistra Biorine\",\"description\":\"quality and innovation\",\"potentialAction\":[{\"@type\":\"SearchAction\",\"target\":{\"@type\":\"EntryPoint\",\"urlTemplate\":\"https:\\\/\\\/ponistra.hr\\\/?s={search_term_string}\"},\"query-input\":{\"@type\":\"PropertyValueSpecification\",\"valueRequired\":true,\"valueName\":\"search_term_string\"}}],\"inLanguage\":\"de\"}]}<\/script>\n<!-- \/ Yoast SEO plugin. -->","yoast_head_json":{"title":"Farbenpalette - Ponistra Biorine","description":"Acrylcolor Fenster System GEALAN bieten vielf\u00e4ltige M\u00f6glichkeiten im Bereich Kreativit\u00e4t, Fantasie und Experimentfreude an.","robots":{"index":"index","follow":"follow","max-snippet":"max-snippet:-1","max-image-preview":"max-image-preview:large","max-video-preview":"max-video-preview:-1"},"canonical":"https:\/\/ponistra.hr\/de\/produkte\/farbenpalette\/","og_locale":"de_DE","og_type":"article","og_title":"Farbenpalette - Ponistra Biorine","og_description":"Acrylcolor Fenster System GEALAN bieten vielf\u00e4ltige M\u00f6glichkeiten im Bereich Kreativit\u00e4t, Fantasie und Experimentfreude an.","og_url":"https:\/\/ponistra.hr\/de\/produkte\/farbenpalette\/","og_site_name":"Ponistra Biorine","article_modified_time":"2024-06-13T09:14:50+00:00","og_image":[{"width":170,"height":170,"url":"https:\/\/ponistra.hr\/wp-content\/uploads\/2018\/04\/meni-12.jpg","type":"image\/jpeg"}],"twitter_card":"summary_large_image","twitter_misc":{"Gesch\u00e4tzte Lesezeit":"5\u00a0Minuten"},"schema":{"@context":"https:\/\/schema.org","@graph":[{"@type":"WebPage","@id":"https:\/\/ponistra.hr\/de\/produkte\/farbenpalette\/","url":"https:\/\/ponistra.hr\/de\/produkte\/farbenpalette\/","name":"Farbenpalette - Ponistra Biorine","isPartOf":{"@id":"https:\/\/ponistra.hr\/#website"},"primaryImageOfPage":{"@id":"https:\/\/ponistra.hr\/de\/produkte\/farbenpalette\/#primaryimage"},"image":{"@id":"https:\/\/ponistra.hr\/de\/produkte\/farbenpalette\/#primaryimage"},"thumbnailUrl":"https:\/\/ponistra.hr\/wp-content\/uploads\/2018\/04\/meni-12.jpg","datePublished":"2018-04-08T22:47:19+00:00","dateModified":"2024-06-13T09:14:50+00:00","description":"Acrylcolor Fenster System GEALAN bieten vielf\u00e4ltige M\u00f6glichkeiten im Bereich Kreativit\u00e4t, Fantasie und Experimentfreude an.","breadcrumb":{"@id":"https:\/\/ponistra.hr\/de\/produkte\/farbenpalette\/#breadcrumb"},"inLanguage":"de","potentialAction":[{"@type":"ReadAction","target":["https:\/\/ponistra.hr\/de\/produkte\/farbenpalette\/"]}]},{"@type":"ImageObject","inLanguage":"de","@id":"https:\/\/ponistra.hr\/de\/produkte\/farbenpalette\/#primaryimage","url":"https:\/\/ponistra.hr\/wp-content\/uploads\/2018\/04\/meni-12.jpg","contentUrl":"https:\/\/ponistra.hr\/wp-content\/uploads\/2018\/04\/meni-12.jpg","width":170,"height":170,"caption":"img"},{"@type":"BreadcrumbList","@id":"https:\/\/ponistra.hr\/de\/produkte\/farbenpalette\/#breadcrumb","itemListElement":[{"@type":"ListItem","position":1,"name":"Home","item":"https:\/\/ponistra.hr\/de\/"},{"@type":"ListItem","position":2,"name":"Produkte","item":"https:\/\/ponistra.hr\/de\/produkte\/"},{"@type":"ListItem","position":3,"name":"Farbenpalette"}]},{"@type":"WebSite","@id":"https:\/\/ponistra.hr\/#website","url":"https:\/\/ponistra.hr\/","name":"Ponistra Biorine","description":"quality and innovation","potentialAction":[{"@type":"SearchAction","target":{"@type":"EntryPoint","urlTemplate":"https:\/\/ponistra.hr\/?s={search_term_string}"},"query-input":{"@type":"PropertyValueSpecification","valueRequired":true,"valueName":"search_term_string"}}],"inLanguage":"de"}]}},"_links":{"self":[{"href":"https:\/\/ponistra.hr\/de\/wp-json\/wp\/v2\/pages\/4931","targetHints":{"allow":["GET"]}}],"collection":[{"href":"https:\/\/ponistra.hr\/de\/wp-json\/wp\/v2\/pages"}],"about":[{"href":"https:\/\/ponistra.hr\/de\/wp-json\/wp\/v2\/types\/page"}],"author":[{"embeddable":true,"href":"https:\/\/ponistra.hr\/de\/wp-json\/wp\/v2\/users\/1"}],"replies":[{"embeddable":true,"href":"https:\/\/ponistra.hr\/de\/wp-json\/wp\/v2\/comments?post=4931"}],"version-history":[{"count":3,"href":"https:\/\/ponistra.hr\/de\/wp-json\/wp\/v2\/pages\/4931\/revisions"}],"predecessor-version":[{"id":8067,"href":"https:\/\/ponistra.hr\/de\/wp-json\/wp\/v2\/pages\/4931\/revisions\/8067"}],"up":[{"embeddable":true,"href":"https:\/\/ponistra.hr\/de\/wp-json\/wp\/v2\/pages\/4705"}],"wp:featuredmedia":[{"embeddable":true,"href":"https:\/\/ponistra.hr\/de\/wp-json\/wp\/v2\/media\/4883"}],"wp:attachment":[{"href":"https:\/\/ponistra.hr\/de\/wp-json\/wp\/v2\/media?parent=4931"}],"curies":[{"name":"wp","href":"https:\/\/api.w.org\/{rel}","templated":true}]}}