{"id":4940,"date":"2018-04-09T04:50:50","date_gmt":"2018-04-09T04:50:50","guid":{"rendered":"http:\/\/ponistra.hr\/proizvodi\/ulazna-vrata\/"},"modified":"2024-06-13T09:27:08","modified_gmt":"2024-06-13T09:27:08","slug":"haustuer","status":"publish","type":"page","link":"https:\/\/ponistra.hr\/de\/produkte\/haustuer\/","title":{"rendered":"Haust\u00fcr"},"content":{"rendered":"<div class=\"wpb-content-wrapper\"><p>[vc_row rt_row_background_width=&#8220;fullwidth&#8220; rt_row_content_width=&#8220;default&#8220; rt_row_style=&#8220;default-style&#8220; rt_row_height=&#8220;&#8220; rt_column_gaps=&#8220;&#8220; rt_row_shadows=&#8220;&#8220; rt_row_borders=&#8220;&#8220; rt_bg_effect=&#8220;classic&#8220; rt_bg_image_repeat=&#8220;repeat&#8220; rt_bg_size=&#8220;cover&#8220; rt_bg_position=&#8220;right top&#8220; rt_bg_attachment=&#8220;scroll&#8220; rt_bg_layer=&#8220;&#8220; rt_bg_video_format=&#8220;self-hosted&#8220;][vc_column rt_bg_effect=&#8220;classic&#8220; rt_bg_image_repeat=&#8220;repeat&#8220; rt_bg_size=&#8220;auto auto&#8220; rt_bg_position=&#8220;right top&#8220; rt_bg_attachment=&#8220;scroll&#8220;][vc_column_text]<em>Die Haust\u00fcr ist eines der wichtigsten Elemente, die jedes Wohngeb\u00e4ude schm\u00fccken. Sie sind der Haupteingang zu Ihrem Haus, daher ist es notwendig, sie vor Einbrechern und unerw\u00fcnschten G\u00e4sten sowie vor widrigen Wetterbedingungen zu sch\u00fctzen. Dar\u00fcber hinaus kann die T\u00fcr neben ihrer Funktionalit\u00e4t und Sicherheit auch \u00e4sthetisch attraktiv sein und Ihren W\u00fcnschen entsprechen. Sie k\u00f6nnen zwischen wei\u00dfen oder farbigen T\u00fcren, PVC oder ALU, T\u00fcren mit dekorativer Platte oder T\u00fcren mit Stangen w\u00e4hlen. Es ist deine Entscheidung!<\/em>[\/vc_column_text][vc_empty_space][\/vc_column][\/vc_row][vc_row rt_row_background_width=&#8220;fullwidth&#8220; rt_row_content_width=&#8220;default&#8220; rt_row_style=&#8220;default-style&#8220; rt_row_height=&#8220;&#8220; rt_column_gaps=&#8220;&#8220; rt_row_shadows=&#8220;&#8220; rt_row_borders=&#8220;&#8220; rt_bg_effect=&#8220;classic&#8220; rt_bg_image_repeat=&#8220;repeat&#8220; rt_bg_size=&#8220;cover&#8220; rt_bg_position=&#8220;right top&#8220; rt_bg_attachment=&#8220;scroll&#8220; rt_bg_layer=&#8220;&#8220; rt_bg_video_format=&#8220;self-hosted&#8220;][vc_column width=&#8220;1\/3&#8243; rt_bg_effect=&#8220;classic&#8220; rt_bg_image_repeat=&#8220;repeat&#8220; rt_bg_size=&#8220;auto auto&#8220; rt_bg_position=&#8220;right top&#8220; rt_bg_attachment=&#8220;scroll&#8220;][vc_single_image image=&#8220;5056&#8243; img_size=&#8220;200&#215;300&#8243; alignment=&#8220;center&#8220; onclick=&#8220;custom_link&#8220; img_link_target=&#8220;_blank&#8220; link=&#8220;https:\/\/grad-export.hr\/proizvodi&#8220;][vc_column_text]<\/p>\n<p style=\"text-align: center;\">Haust\u00fcr mit Dekorpaneels GRAD EXPORT<\/p>\n<p>[\/vc_column_text][\/vc_column][vc_column width=&#8220;1\/3&#8243; rt_bg_effect=&#8220;classic&#8220; rt_bg_image_repeat=&#8220;repeat&#8220; rt_bg_size=&#8220;auto auto&#8220; rt_bg_position=&#8220;right top&#8220; rt_bg_attachment=&#8220;scroll&#8220;][vc_single_image image=&#8220;4960&#8243; img_size=&#8220;200&#215;300&#8243; alignment=&#8220;center&#8220; onclick=&#8220;custom_link&#8220; link=&#8220;\/de\/produkte\/haustuer\/haustueren-mit-einfachen-querbalken\/&#8220;][vc_column_text]<\/p>\n<p style=\"text-align: center;\">Haust\u00fcren mit einfachen Querbalken<\/p>\n<p>[\/vc_column_text][\/vc_column][vc_column width=&#8220;1\/3&#8243; rt_bg_effect=&#8220;classic&#8220; rt_bg_image_repeat=&#8220;repeat&#8220; rt_bg_size=&#8220;auto auto&#8220; rt_bg_position=&#8220;right top&#8220; rt_bg_attachment=&#8220;scroll&#8220;][vc_single_image image=&#8220;7087&#8243; img_size=&#8220;200&#215;300&#8243; alignment=&#8220;center&#8220; onclick=&#8220;custom_link&#8220; img_link_target=&#8220;_blank&#8220; link=&#8220;http:\/\/www.makedoors.com\/?q=ponistra&#8220;][vc_column_text]<\/p>\n<p style=\"text-align: center;\">ALU Haust\u00fcren mit Dekorplatten<\/p>\n<p>[\/vc_column_text][\/vc_column][\/vc_row]<\/p>\n<\/div>","protected":false},"excerpt":{"rendered":"<p>[vc_row rt_row_background_width=&#8220;fullwidth&#8220; rt_row_content_width=&#8220;default&#8220; rt_row_style=&#8220;default-style&#8220; rt_row_height=&#8220;&#8220; rt_column_gaps=&#8220;&#8220; rt_row_shadows=&#8220;&#8220; rt_row_borders=&#8220;&#8220; rt_bg_effect=&#8220;classic&#8220; rt_bg_image_repeat=&#8220;repeat&#8220; rt_bg_size=&#8220;cover&#8220; rt_bg_position=&#8220;right top&#8220; rt_bg_attachment=&#8220;scroll&#8220; rt_bg_layer=&#8220;&#8220; rt_bg_video_format=&#8220;self-hosted&#8220;][vc_column rt_bg_effect=&#8220;classic&#8220; rt_bg_image_repeat=&#8220;repeat&#8220; rt_bg_size=&#8220;auto auto&#8220; rt_bg_position=&#8220;right top&#8220; rt_bg_attachment=&#8220;scroll&#8220;][vc_column_text]Die Haust\u00fcr ist eines der wichtigsten Elemente, die jedes Wohngeb\u00e4ude schm\u00fccken. Sie sind der Haupteingang zu Ihrem Haus, daher ist es notwendig, sie vor Einbrechern und unerw\u00fcnschten G\u00e4sten sowie vor widrigen Wetterbedingungen zu [&hellip;]<\/p>\n","protected":false},"author":1,"featured_media":4937,"parent":4705,"menu_order":0,"comment_status":"closed","ping_status":"closed","template":"","meta":{"footnotes":""},"class_list":["post-4940","page","type-page","status-publish","has-post-thumbnail","hentry"],"yoast_head":"<!-- This site is optimized with the Yoast SEO plugin v27.3 - https:\/\/yoast.com\/product\/yoast-seo-wordpress\/ -->\n<title>Haust\u00fcr - Ponistra Biorine<\/title>\n<meta name=\"description\" content=\"Die Haust\u00fcr ist eines der wichtigsten Elemente, die jedes Wohngeb\u00e4ude schm\u00fccken. Sie sind der Haupteingang zu Ihrem Haus, daher ist es notwendig, sie vor Einbrechern und unerw\u00fcnschten G\u00e4sten sowie vor widrigen Wetterbedingungen zu sch\u00fctzen.\" \/>\n<meta name=\"robots\" content=\"index, follow, max-snippet:-1, max-image-preview:large, max-video-preview:-1\" \/>\n<link rel=\"canonical\" href=\"https:\/\/ponistra.hr\/de\/produkte\/haustuer\/\" \/>\n<meta property=\"og:locale\" content=\"de_DE\" \/>\n<meta property=\"og:type\" content=\"article\" \/>\n<meta property=\"og:title\" content=\"Haust\u00fcr - Ponistra Biorine\" \/>\n<meta property=\"og:description\" content=\"Die Haust\u00fcr ist eines der wichtigsten Elemente, die jedes Wohngeb\u00e4ude schm\u00fccken. Sie sind der Haupteingang zu Ihrem Haus, daher ist es notwendig, sie vor Einbrechern und unerw\u00fcnschten G\u00e4sten sowie vor widrigen Wetterbedingungen zu sch\u00fctzen.\" \/>\n<meta property=\"og:url\" content=\"https:\/\/ponistra.hr\/de\/produkte\/haustuer\/\" \/>\n<meta property=\"og:site_name\" content=\"Ponistra Biorine\" \/>\n<meta property=\"article:modified_time\" content=\"2024-06-13T09:27:08+00:00\" \/>\n<meta property=\"og:image\" content=\"https:\/\/ponistra.hr\/wp-content\/uploads\/2018\/04\/gradexport-lea-06.jpg\" \/>\n\t<meta property=\"og:image:width\" content=\"221\" \/>\n\t<meta property=\"og:image:height\" content=\"460\" \/>\n\t<meta property=\"og:image:type\" content=\"image\/jpeg\" \/>\n<meta name=\"twitter:card\" content=\"summary_large_image\" \/>\n<meta name=\"twitter:label1\" content=\"Gesch\u00e4tzte Lesezeit\" \/>\n\t<meta name=\"twitter:data1\" content=\"1\u00a0Minute\" \/>\n<script type=\"application\/ld+json\" class=\"yoast-schema-graph\">{\"@context\":\"https:\\\/\\\/schema.org\",\"@graph\":[{\"@type\":\"WebPage\",\"@id\":\"https:\\\/\\\/ponistra.hr\\\/de\\\/produkte\\\/haustuer\\\/\",\"url\":\"https:\\\/\\\/ponistra.hr\\\/de\\\/produkte\\\/haustuer\\\/\",\"name\":\"Haust\u00fcr - Ponistra Biorine\",\"isPartOf\":{\"@id\":\"https:\\\/\\\/ponistra.hr\\\/#website\"},\"primaryImageOfPage\":{\"@id\":\"https:\\\/\\\/ponistra.hr\\\/de\\\/produkte\\\/haustuer\\\/#primaryimage\"},\"image\":{\"@id\":\"https:\\\/\\\/ponistra.hr\\\/de\\\/produkte\\\/haustuer\\\/#primaryimage\"},\"thumbnailUrl\":\"https:\\\/\\\/ponistra.hr\\\/wp-content\\\/uploads\\\/2018\\\/04\\\/gradexport-lea-06.jpg\",\"datePublished\":\"2018-04-09T04:50:50+00:00\",\"dateModified\":\"2024-06-13T09:27:08+00:00\",\"description\":\"Die Haust\u00fcr ist eines der wichtigsten Elemente, die jedes Wohngeb\u00e4ude schm\u00fccken. Sie sind der Haupteingang zu Ihrem Haus, daher ist es notwendig, sie vor Einbrechern und unerw\u00fcnschten G\u00e4sten sowie vor widrigen Wetterbedingungen zu sch\u00fctzen.\",\"breadcrumb\":{\"@id\":\"https:\\\/\\\/ponistra.hr\\\/de\\\/produkte\\\/haustuer\\\/#breadcrumb\"},\"inLanguage\":\"de\",\"potentialAction\":[{\"@type\":\"ReadAction\",\"target\":[\"https:\\\/\\\/ponistra.hr\\\/de\\\/produkte\\\/haustuer\\\/\"]}]},{\"@type\":\"ImageObject\",\"inLanguage\":\"de\",\"@id\":\"https:\\\/\\\/ponistra.hr\\\/de\\\/produkte\\\/haustuer\\\/#primaryimage\",\"url\":\"https:\\\/\\\/ponistra.hr\\\/wp-content\\\/uploads\\\/2018\\\/04\\\/gradexport-lea-06.jpg\",\"contentUrl\":\"https:\\\/\\\/ponistra.hr\\\/wp-content\\\/uploads\\\/2018\\\/04\\\/gradexport-lea-06.jpg\",\"width\":221,\"height\":460,\"caption\":\"img\"},{\"@type\":\"BreadcrumbList\",\"@id\":\"https:\\\/\\\/ponistra.hr\\\/de\\\/produkte\\\/haustuer\\\/#breadcrumb\",\"itemListElement\":[{\"@type\":\"ListItem\",\"position\":1,\"name\":\"Home\",\"item\":\"https:\\\/\\\/ponistra.hr\\\/de\\\/\"},{\"@type\":\"ListItem\",\"position\":2,\"name\":\"Produkte\",\"item\":\"https:\\\/\\\/ponistra.hr\\\/de\\\/produkte\\\/\"},{\"@type\":\"ListItem\",\"position\":3,\"name\":\"Haust\u00fcr\"}]},{\"@type\":\"WebSite\",\"@id\":\"https:\\\/\\\/ponistra.hr\\\/#website\",\"url\":\"https:\\\/\\\/ponistra.hr\\\/\",\"name\":\"Ponistra Biorine\",\"description\":\"quality and innovation\",\"potentialAction\":[{\"@type\":\"SearchAction\",\"target\":{\"@type\":\"EntryPoint\",\"urlTemplate\":\"https:\\\/\\\/ponistra.hr\\\/?s={search_term_string}\"},\"query-input\":{\"@type\":\"PropertyValueSpecification\",\"valueRequired\":true,\"valueName\":\"search_term_string\"}}],\"inLanguage\":\"de\"}]}<\/script>\n<!-- \/ Yoast SEO plugin. -->","yoast_head_json":{"title":"Haust\u00fcr - Ponistra Biorine","description":"Die Haust\u00fcr ist eines der wichtigsten Elemente, die jedes Wohngeb\u00e4ude schm\u00fccken. Sie sind der Haupteingang zu Ihrem Haus, daher ist es notwendig, sie vor Einbrechern und unerw\u00fcnschten G\u00e4sten sowie vor widrigen Wetterbedingungen zu sch\u00fctzen.","robots":{"index":"index","follow":"follow","max-snippet":"max-snippet:-1","max-image-preview":"max-image-preview:large","max-video-preview":"max-video-preview:-1"},"canonical":"https:\/\/ponistra.hr\/de\/produkte\/haustuer\/","og_locale":"de_DE","og_type":"article","og_title":"Haust\u00fcr - Ponistra Biorine","og_description":"Die Haust\u00fcr ist eines der wichtigsten Elemente, die jedes Wohngeb\u00e4ude schm\u00fccken. Sie sind der Haupteingang zu Ihrem Haus, daher ist es notwendig, sie vor Einbrechern und unerw\u00fcnschten G\u00e4sten sowie vor widrigen Wetterbedingungen zu sch\u00fctzen.","og_url":"https:\/\/ponistra.hr\/de\/produkte\/haustuer\/","og_site_name":"Ponistra Biorine","article_modified_time":"2024-06-13T09:27:08+00:00","og_image":[{"width":221,"height":460,"url":"https:\/\/ponistra.hr\/wp-content\/uploads\/2018\/04\/gradexport-lea-06.jpg","type":"image\/jpeg"}],"twitter_card":"summary_large_image","twitter_misc":{"Gesch\u00e4tzte Lesezeit":"1\u00a0Minute"},"schema":{"@context":"https:\/\/schema.org","@graph":[{"@type":"WebPage","@id":"https:\/\/ponistra.hr\/de\/produkte\/haustuer\/","url":"https:\/\/ponistra.hr\/de\/produkte\/haustuer\/","name":"Haust\u00fcr - Ponistra Biorine","isPartOf":{"@id":"https:\/\/ponistra.hr\/#website"},"primaryImageOfPage":{"@id":"https:\/\/ponistra.hr\/de\/produkte\/haustuer\/#primaryimage"},"image":{"@id":"https:\/\/ponistra.hr\/de\/produkte\/haustuer\/#primaryimage"},"thumbnailUrl":"https:\/\/ponistra.hr\/wp-content\/uploads\/2018\/04\/gradexport-lea-06.jpg","datePublished":"2018-04-09T04:50:50+00:00","dateModified":"2024-06-13T09:27:08+00:00","description":"Die Haust\u00fcr ist eines der wichtigsten Elemente, die jedes Wohngeb\u00e4ude schm\u00fccken. Sie sind der Haupteingang zu Ihrem Haus, daher ist es notwendig, sie vor Einbrechern und unerw\u00fcnschten G\u00e4sten sowie vor widrigen Wetterbedingungen zu sch\u00fctzen.","breadcrumb":{"@id":"https:\/\/ponistra.hr\/de\/produkte\/haustuer\/#breadcrumb"},"inLanguage":"de","potentialAction":[{"@type":"ReadAction","target":["https:\/\/ponistra.hr\/de\/produkte\/haustuer\/"]}]},{"@type":"ImageObject","inLanguage":"de","@id":"https:\/\/ponistra.hr\/de\/produkte\/haustuer\/#primaryimage","url":"https:\/\/ponistra.hr\/wp-content\/uploads\/2018\/04\/gradexport-lea-06.jpg","contentUrl":"https:\/\/ponistra.hr\/wp-content\/uploads\/2018\/04\/gradexport-lea-06.jpg","width":221,"height":460,"caption":"img"},{"@type":"BreadcrumbList","@id":"https:\/\/ponistra.hr\/de\/produkte\/haustuer\/#breadcrumb","itemListElement":[{"@type":"ListItem","position":1,"name":"Home","item":"https:\/\/ponistra.hr\/de\/"},{"@type":"ListItem","position":2,"name":"Produkte","item":"https:\/\/ponistra.hr\/de\/produkte\/"},{"@type":"ListItem","position":3,"name":"Haust\u00fcr"}]},{"@type":"WebSite","@id":"https:\/\/ponistra.hr\/#website","url":"https:\/\/ponistra.hr\/","name":"Ponistra Biorine","description":"quality and innovation","potentialAction":[{"@type":"SearchAction","target":{"@type":"EntryPoint","urlTemplate":"https:\/\/ponistra.hr\/?s={search_term_string}"},"query-input":{"@type":"PropertyValueSpecification","valueRequired":true,"valueName":"search_term_string"}}],"inLanguage":"de"}]}},"_links":{"self":[{"href":"https:\/\/ponistra.hr\/de\/wp-json\/wp\/v2\/pages\/4940","targetHints":{"allow":["GET"]}}],"collection":[{"href":"https:\/\/ponistra.hr\/de\/wp-json\/wp\/v2\/pages"}],"about":[{"href":"https:\/\/ponistra.hr\/de\/wp-json\/wp\/v2\/types\/page"}],"author":[{"embeddable":true,"href":"https:\/\/ponistra.hr\/de\/wp-json\/wp\/v2\/users\/1"}],"replies":[{"embeddable":true,"href":"https:\/\/ponistra.hr\/de\/wp-json\/wp\/v2\/comments?post=4940"}],"version-history":[{"count":9,"href":"https:\/\/ponistra.hr\/de\/wp-json\/wp\/v2\/pages\/4940\/revisions"}],"predecessor-version":[{"id":7092,"href":"https:\/\/ponistra.hr\/de\/wp-json\/wp\/v2\/pages\/4940\/revisions\/7092"}],"up":[{"embeddable":true,"href":"https:\/\/ponistra.hr\/de\/wp-json\/wp\/v2\/pages\/4705"}],"wp:featuredmedia":[{"embeddable":true,"href":"https:\/\/ponistra.hr\/de\/wp-json\/wp\/v2\/media\/4937"}],"wp:attachment":[{"href":"https:\/\/ponistra.hr\/de\/wp-json\/wp\/v2\/media?parent=4940"}],"curies":[{"name":"wp","href":"https:\/\/api.w.org\/{rel}","templated":true}]}}