{"id":4968,"date":"2018-04-09T05:05:58","date_gmt":"2018-04-09T05:05:58","guid":{"rendered":"http:\/\/ponistra.hr\/proizvodi\/ulazna-vrata\/ulazna-vrata-s-preckama\/"},"modified":"2024-06-13T09:33:57","modified_gmt":"2024-06-13T09:33:57","slug":"haustueren-mit-einfachen-querbalken","status":"publish","type":"page","link":"https:\/\/ponistra.hr\/de\/produkte\/haustuer\/haustueren-mit-einfachen-querbalken\/","title":{"rendered":"Haust\u00fcren mit einfachen Querbalken"},"content":{"rendered":"<div class=\"wpb-content-wrapper\"><p>[vc_row rt_row_background_width=&#8220;fullwidth&#8220; rt_row_content_width=&#8220;default&#8220; rt_row_style=&#8220;default-style&#8220; rt_row_height=&#8220;&#8220; rt_column_gaps=&#8220;&#8220; rt_row_shadows=&#8220;&#8220; rt_row_borders=&#8220;&#8220; rt_bg_effect=&#8220;classic&#8220; rt_bg_image_repeat=&#8220;repeat&#8220; rt_bg_size=&#8220;cover&#8220; rt_bg_position=&#8220;right top&#8220; rt_bg_attachment=&#8220;scroll&#8220; rt_bg_layer=&#8220;&#8220; rt_bg_video_format=&#8220;self-hosted&#8220;][vc_column rt_bg_effect=&#8220;classic&#8220; rt_bg_image_repeat=&#8220;repeat&#8220; rt_bg_size=&#8220;auto auto&#8220; rt_bg_position=&#8220;right top&#8220; rt_bg_attachment=&#8220;scroll&#8220;][vc_column_text]Gestalten Sie <strong>Haust\u00fcr<\/strong> nach Ihrem eigenem Geschmack. W\u00e4hlen Sie unter einfl\u00fcgligen und zweifl\u00fcgligen T\u00fcren.<\/p>\n<p>Haust\u00fcr wird in maximaler Breite bis 115 cm und in der H\u00f6he von 180 bis 220 cm (Au\u00dfenma\u00df) gefertigt.<\/p>\n<p><strong>Haust\u00fcre<\/strong> zeichnen sich mit gro\u00dfer Sicherheit aus, da wir M\u00f6glichkeit zum T\u00fcrschlie\u00dfen an 5 Stellen (Beschlag <strong>WINK HAUS<\/strong>) nutzen.<\/p>\n<p><strong>Verleihen Sie Ihrer T\u00fcr die Pers\u00f6nlichkeit!<\/strong>[\/vc_column_text][\/vc_column][\/vc_row][vc_row rt_row_background_width=&#8220;fullwidth&#8220; rt_row_content_width=&#8220;default&#8220; rt_row_style=&#8220;default-style&#8220; rt_row_height=&#8220;&#8220; rt_column_gaps=&#8220;&#8220; rt_row_shadows=&#8220;&#8220; rt_row_borders=&#8220;&#8220; rt_bg_effect=&#8220;classic&#8220; rt_bg_image_repeat=&#8220;repeat&#8220; rt_bg_size=&#8220;cover&#8220; rt_bg_position=&#8220;right top&#8220; rt_bg_attachment=&#8220;scroll&#8220; rt_bg_layer=&#8220;&#8220; rt_bg_video_format=&#8220;self-hosted&#8220;][vc_column rt_bg_effect=&#8220;classic&#8220; rt_bg_image_repeat=&#8220;repeat&#8220; rt_bg_size=&#8220;auto auto&#8220; rt_bg_position=&#8220;right top&#8220; rt_bg_attachment=&#8220;scroll&#8220;][vc_media_grid element_width=&#8220;2&#8243; grid_id=&#8220;vc_gid:1579544014144-0c9e175b-3cf1-1&#8243; include=&#8220;4949,4952,4953,4954,4955,4956,4957,4958,4959,4960,4961,4962,4963,4964,4965,4950,4951,4946,4948,4947,4945&#8243;][\/vc_column][\/vc_row]<\/p>\n<\/div>","protected":false},"excerpt":{"rendered":"<p>[vc_row rt_row_background_width=&#8220;fullwidth&#8220; rt_row_content_width=&#8220;default&#8220; rt_row_style=&#8220;default-style&#8220; rt_row_height=&#8220;&#8220; rt_column_gaps=&#8220;&#8220; rt_row_shadows=&#8220;&#8220; rt_row_borders=&#8220;&#8220; rt_bg_effect=&#8220;classic&#8220; rt_bg_image_repeat=&#8220;repeat&#8220; rt_bg_size=&#8220;cover&#8220; rt_bg_position=&#8220;right top&#8220; rt_bg_attachment=&#8220;scroll&#8220; rt_bg_layer=&#8220;&#8220; rt_bg_video_format=&#8220;self-hosted&#8220;][vc_column rt_bg_effect=&#8220;classic&#8220; rt_bg_image_repeat=&#8220;repeat&#8220; rt_bg_size=&#8220;auto auto&#8220; rt_bg_position=&#8220;right top&#8220; rt_bg_attachment=&#8220;scroll&#8220;][vc_column_text]Gestalten Sie Haust\u00fcr nach Ihrem eigenem Geschmack. W\u00e4hlen Sie unter einfl\u00fcgligen und zweifl\u00fcgligen T\u00fcren. Haust\u00fcr wird in maximaler Breite bis 115 cm und in der H\u00f6he von 180 bis 220 cm (Au\u00dfenma\u00df) gefertigt. [&hellip;]<\/p>\n","protected":false},"author":1,"featured_media":4960,"parent":4940,"menu_order":0,"comment_status":"closed","ping_status":"closed","template":"","meta":{"footnotes":""},"class_list":["post-4968","page","type-page","status-publish","has-post-thumbnail","hentry"],"yoast_head":"<!-- This site is optimized with the Yoast SEO plugin v27.3 - https:\/\/yoast.com\/product\/yoast-seo-wordpress\/ -->\n<title>Haust\u00fcren mit einfachen Querbalken - Ponistra Biorine<\/title>\n<meta name=\"description\" content=\"Gestalten Sie Haust\u00fcr nach Ihrem eigenem Geschmack. W\u00e4hlen Sie unter einfl\u00fcgligen und zweifl\u00fcgligen T\u00fcren.\" \/>\n<meta name=\"robots\" content=\"index, follow, max-snippet:-1, max-image-preview:large, max-video-preview:-1\" \/>\n<link rel=\"canonical\" href=\"https:\/\/ponistra.hr\/de\/produkte\/haustuer\/haustueren-mit-einfachen-querbalken\/\" \/>\n<meta property=\"og:locale\" content=\"de_DE\" \/>\n<meta property=\"og:type\" content=\"article\" \/>\n<meta property=\"og:title\" content=\"Haust\u00fcren mit einfachen Querbalken - Ponistra Biorine\" \/>\n<meta property=\"og:description\" content=\"Gestalten Sie Haust\u00fcr nach Ihrem eigenem Geschmack. W\u00e4hlen Sie unter einfl\u00fcgligen und zweifl\u00fcgligen T\u00fcren.\" \/>\n<meta property=\"og:url\" content=\"https:\/\/ponistra.hr\/de\/produkte\/haustuer\/haustueren-mit-einfachen-querbalken\/\" \/>\n<meta property=\"og:site_name\" content=\"Ponistra Biorine\" \/>\n<meta property=\"article:modified_time\" content=\"2024-06-13T09:33:57+00:00\" \/>\n<meta property=\"og:image\" content=\"https:\/\/ponistra.hr\/wp-content\/uploads\/2018\/04\/vrata-precke-8.jpg\" \/>\n\t<meta property=\"og:image:width\" content=\"200\" \/>\n\t<meta property=\"og:image:height\" content=\"400\" \/>\n\t<meta property=\"og:image:type\" content=\"image\/jpeg\" \/>\n<meta name=\"twitter:card\" content=\"summary_large_image\" \/>\n<meta name=\"twitter:label1\" content=\"Gesch\u00e4tzte Lesezeit\" \/>\n\t<meta name=\"twitter:data1\" content=\"1\u00a0Minute\" \/>\n<script type=\"application\/ld+json\" class=\"yoast-schema-graph\">{\"@context\":\"https:\\\/\\\/schema.org\",\"@graph\":[{\"@type\":\"WebPage\",\"@id\":\"https:\\\/\\\/ponistra.hr\\\/de\\\/produkte\\\/haustuer\\\/haustueren-mit-einfachen-querbalken\\\/\",\"url\":\"https:\\\/\\\/ponistra.hr\\\/de\\\/produkte\\\/haustuer\\\/haustueren-mit-einfachen-querbalken\\\/\",\"name\":\"Haust\u00fcren mit einfachen Querbalken - Ponistra Biorine\",\"isPartOf\":{\"@id\":\"https:\\\/\\\/ponistra.hr\\\/#website\"},\"primaryImageOfPage\":{\"@id\":\"https:\\\/\\\/ponistra.hr\\\/de\\\/produkte\\\/haustuer\\\/haustueren-mit-einfachen-querbalken\\\/#primaryimage\"},\"image\":{\"@id\":\"https:\\\/\\\/ponistra.hr\\\/de\\\/produkte\\\/haustuer\\\/haustueren-mit-einfachen-querbalken\\\/#primaryimage\"},\"thumbnailUrl\":\"https:\\\/\\\/ponistra.hr\\\/wp-content\\\/uploads\\\/2018\\\/04\\\/vrata-precke-8.jpg\",\"datePublished\":\"2018-04-09T05:05:58+00:00\",\"dateModified\":\"2024-06-13T09:33:57+00:00\",\"description\":\"Gestalten Sie Haust\u00fcr nach Ihrem eigenem Geschmack. W\u00e4hlen Sie unter einfl\u00fcgligen und zweifl\u00fcgligen T\u00fcren.\",\"breadcrumb\":{\"@id\":\"https:\\\/\\\/ponistra.hr\\\/de\\\/produkte\\\/haustuer\\\/haustueren-mit-einfachen-querbalken\\\/#breadcrumb\"},\"inLanguage\":\"de\",\"potentialAction\":[{\"@type\":\"ReadAction\",\"target\":[\"https:\\\/\\\/ponistra.hr\\\/de\\\/produkte\\\/haustuer\\\/haustueren-mit-einfachen-querbalken\\\/\"]}]},{\"@type\":\"ImageObject\",\"inLanguage\":\"de\",\"@id\":\"https:\\\/\\\/ponistra.hr\\\/de\\\/produkte\\\/haustuer\\\/haustueren-mit-einfachen-querbalken\\\/#primaryimage\",\"url\":\"https:\\\/\\\/ponistra.hr\\\/wp-content\\\/uploads\\\/2018\\\/04\\\/vrata-precke-8.jpg\",\"contentUrl\":\"https:\\\/\\\/ponistra.hr\\\/wp-content\\\/uploads\\\/2018\\\/04\\\/vrata-precke-8.jpg\",\"width\":200,\"height\":400,\"caption\":\"img\"},{\"@type\":\"BreadcrumbList\",\"@id\":\"https:\\\/\\\/ponistra.hr\\\/de\\\/produkte\\\/haustuer\\\/haustueren-mit-einfachen-querbalken\\\/#breadcrumb\",\"itemListElement\":[{\"@type\":\"ListItem\",\"position\":1,\"name\":\"Home\",\"item\":\"https:\\\/\\\/ponistra.hr\\\/de\\\/\"},{\"@type\":\"ListItem\",\"position\":2,\"name\":\"Produkte\",\"item\":\"https:\\\/\\\/ponistra.hr\\\/de\\\/produkte\\\/\"},{\"@type\":\"ListItem\",\"position\":3,\"name\":\"Haust\u00fcr\",\"item\":\"https:\\\/\\\/ponistra.hr\\\/de\\\/produkte\\\/haustuer\\\/\"},{\"@type\":\"ListItem\",\"position\":4,\"name\":\"Haust\u00fcren mit einfachen Querbalken\"}]},{\"@type\":\"WebSite\",\"@id\":\"https:\\\/\\\/ponistra.hr\\\/#website\",\"url\":\"https:\\\/\\\/ponistra.hr\\\/\",\"name\":\"Ponistra Biorine\",\"description\":\"quality and innovation\",\"potentialAction\":[{\"@type\":\"SearchAction\",\"target\":{\"@type\":\"EntryPoint\",\"urlTemplate\":\"https:\\\/\\\/ponistra.hr\\\/?s={search_term_string}\"},\"query-input\":{\"@type\":\"PropertyValueSpecification\",\"valueRequired\":true,\"valueName\":\"search_term_string\"}}],\"inLanguage\":\"de\"}]}<\/script>\n<!-- \/ Yoast SEO plugin. -->","yoast_head_json":{"title":"Haust\u00fcren mit einfachen Querbalken - Ponistra Biorine","description":"Gestalten Sie Haust\u00fcr nach Ihrem eigenem Geschmack. W\u00e4hlen Sie unter einfl\u00fcgligen und zweifl\u00fcgligen T\u00fcren.","robots":{"index":"index","follow":"follow","max-snippet":"max-snippet:-1","max-image-preview":"max-image-preview:large","max-video-preview":"max-video-preview:-1"},"canonical":"https:\/\/ponistra.hr\/de\/produkte\/haustuer\/haustueren-mit-einfachen-querbalken\/","og_locale":"de_DE","og_type":"article","og_title":"Haust\u00fcren mit einfachen Querbalken - Ponistra Biorine","og_description":"Gestalten Sie Haust\u00fcr nach Ihrem eigenem Geschmack. W\u00e4hlen Sie unter einfl\u00fcgligen und zweifl\u00fcgligen T\u00fcren.","og_url":"https:\/\/ponistra.hr\/de\/produkte\/haustuer\/haustueren-mit-einfachen-querbalken\/","og_site_name":"Ponistra Biorine","article_modified_time":"2024-06-13T09:33:57+00:00","og_image":[{"width":200,"height":400,"url":"https:\/\/ponistra.hr\/wp-content\/uploads\/2018\/04\/vrata-precke-8.jpg","type":"image\/jpeg"}],"twitter_card":"summary_large_image","twitter_misc":{"Gesch\u00e4tzte Lesezeit":"1\u00a0Minute"},"schema":{"@context":"https:\/\/schema.org","@graph":[{"@type":"WebPage","@id":"https:\/\/ponistra.hr\/de\/produkte\/haustuer\/haustueren-mit-einfachen-querbalken\/","url":"https:\/\/ponistra.hr\/de\/produkte\/haustuer\/haustueren-mit-einfachen-querbalken\/","name":"Haust\u00fcren mit einfachen Querbalken - Ponistra Biorine","isPartOf":{"@id":"https:\/\/ponistra.hr\/#website"},"primaryImageOfPage":{"@id":"https:\/\/ponistra.hr\/de\/produkte\/haustuer\/haustueren-mit-einfachen-querbalken\/#primaryimage"},"image":{"@id":"https:\/\/ponistra.hr\/de\/produkte\/haustuer\/haustueren-mit-einfachen-querbalken\/#primaryimage"},"thumbnailUrl":"https:\/\/ponistra.hr\/wp-content\/uploads\/2018\/04\/vrata-precke-8.jpg","datePublished":"2018-04-09T05:05:58+00:00","dateModified":"2024-06-13T09:33:57+00:00","description":"Gestalten Sie Haust\u00fcr nach Ihrem eigenem Geschmack. W\u00e4hlen Sie unter einfl\u00fcgligen und zweifl\u00fcgligen T\u00fcren.","breadcrumb":{"@id":"https:\/\/ponistra.hr\/de\/produkte\/haustuer\/haustueren-mit-einfachen-querbalken\/#breadcrumb"},"inLanguage":"de","potentialAction":[{"@type":"ReadAction","target":["https:\/\/ponistra.hr\/de\/produkte\/haustuer\/haustueren-mit-einfachen-querbalken\/"]}]},{"@type":"ImageObject","inLanguage":"de","@id":"https:\/\/ponistra.hr\/de\/produkte\/haustuer\/haustueren-mit-einfachen-querbalken\/#primaryimage","url":"https:\/\/ponistra.hr\/wp-content\/uploads\/2018\/04\/vrata-precke-8.jpg","contentUrl":"https:\/\/ponistra.hr\/wp-content\/uploads\/2018\/04\/vrata-precke-8.jpg","width":200,"height":400,"caption":"img"},{"@type":"BreadcrumbList","@id":"https:\/\/ponistra.hr\/de\/produkte\/haustuer\/haustueren-mit-einfachen-querbalken\/#breadcrumb","itemListElement":[{"@type":"ListItem","position":1,"name":"Home","item":"https:\/\/ponistra.hr\/de\/"},{"@type":"ListItem","position":2,"name":"Produkte","item":"https:\/\/ponistra.hr\/de\/produkte\/"},{"@type":"ListItem","position":3,"name":"Haust\u00fcr","item":"https:\/\/ponistra.hr\/de\/produkte\/haustuer\/"},{"@type":"ListItem","position":4,"name":"Haust\u00fcren mit einfachen Querbalken"}]},{"@type":"WebSite","@id":"https:\/\/ponistra.hr\/#website","url":"https:\/\/ponistra.hr\/","name":"Ponistra Biorine","description":"quality and innovation","potentialAction":[{"@type":"SearchAction","target":{"@type":"EntryPoint","urlTemplate":"https:\/\/ponistra.hr\/?s={search_term_string}"},"query-input":{"@type":"PropertyValueSpecification","valueRequired":true,"valueName":"search_term_string"}}],"inLanguage":"de"}]}},"_links":{"self":[{"href":"https:\/\/ponistra.hr\/de\/wp-json\/wp\/v2\/pages\/4968","targetHints":{"allow":["GET"]}}],"collection":[{"href":"https:\/\/ponistra.hr\/de\/wp-json\/wp\/v2\/pages"}],"about":[{"href":"https:\/\/ponistra.hr\/de\/wp-json\/wp\/v2\/types\/page"}],"author":[{"embeddable":true,"href":"https:\/\/ponistra.hr\/de\/wp-json\/wp\/v2\/users\/1"}],"replies":[{"embeddable":true,"href":"https:\/\/ponistra.hr\/de\/wp-json\/wp\/v2\/comments?post=4968"}],"version-history":[{"count":5,"href":"https:\/\/ponistra.hr\/de\/wp-json\/wp\/v2\/pages\/4968\/revisions"}],"predecessor-version":[{"id":6682,"href":"https:\/\/ponistra.hr\/de\/wp-json\/wp\/v2\/pages\/4968\/revisions\/6682"}],"up":[{"embeddable":true,"href":"https:\/\/ponistra.hr\/de\/wp-json\/wp\/v2\/pages\/4940"}],"wp:featuredmedia":[{"embeddable":true,"href":"https:\/\/ponistra.hr\/de\/wp-json\/wp\/v2\/media\/4960"}],"wp:attachment":[{"href":"https:\/\/ponistra.hr\/de\/wp-json\/wp\/v2\/media?parent=4968"}],"curies":[{"name":"wp","href":"https:\/\/api.w.org\/{rel}","templated":true}]}}