{"id":5801,"date":"2018-04-25T00:19:51","date_gmt":"2018-04-25T00:19:51","guid":{"rendered":"http:\/\/ponistra.hr\/proizvodi\/komarice\/"},"modified":"2024-06-13T09:07:36","modified_gmt":"2024-06-13T09:07:36","slug":"insektenschutz-fuer-fenster","status":"publish","type":"page","link":"https:\/\/ponistra.hr\/de\/produkte\/insektenschutz-fuer-fenster\/","title":{"rendered":"Insektenschutz f\u00fcr Fenster"},"content":{"rendered":"<div class=\"wpb-content-wrapper\"><p>[vc_row rt_row_background_width=&#8220;fullwidth&#8220; rt_row_content_width=&#8220;default&#8220; rt_row_style=&#8220;default-style&#8220; rt_row_height=&#8220;&#8220; rt_column_gaps=&#8220;&#8220; rt_row_shadows=&#8220;&#8220; rt_row_borders=&#8220;&#8220; rt_bg_effect=&#8220;classic&#8220; rt_bg_image_repeat=&#8220;repeat&#8220; rt_bg_size=&#8220;cover&#8220; rt_bg_position=&#8220;right top&#8220; rt_bg_attachment=&#8220;scroll&#8220; rt_bg_layer=&#8220;&#8220; rt_bg_video_format=&#8220;self-hosted&#8220;][vc_column rt_bg_effect=&#8220;classic&#8220; rt_bg_image_repeat=&#8220;repeat&#8220; rt_bg_size=&#8220;auto auto&#8220; rt_bg_position=&#8220;right top&#8220; rt_bg_attachment=&#8220;scroll&#8220;][vc_column_text]Insektenschutz besteht aus Alurahmen mit luftdurchl\u00e4ssigem Schutznetz, der jedoch keine Insekten durchl\u00e4sst. \u00dcblich werden sie von Fensterau\u00dfenseite montiert.<\/p>\n<p>In unserem Assortiment werden rollbarer, feststehender und vertikaler Insektenschutz angeboten.[\/vc_column_text][\/vc_column][\/vc_row][vc_row rt_row_background_width=&#8220;fullwidth&#8220; rt_row_content_width=&#8220;default&#8220; rt_row_style=&#8220;default-style&#8220; rt_row_height=&#8220;&#8220; rt_column_gaps=&#8220;&#8220; rt_row_shadows=&#8220;&#8220; rt_row_borders=&#8220;&#8220; rt_bg_effect=&#8220;classic&#8220; rt_bg_image_repeat=&#8220;repeat&#8220; rt_bg_size=&#8220;cover&#8220; rt_bg_position=&#8220;right top&#8220; rt_bg_attachment=&#8220;scroll&#8220; rt_bg_layer=&#8220;&#8220; rt_bg_video_format=&#8220;self-hosted&#8220;][vc_column width=&#8220;1\/3&#8243; rt_bg_effect=&#8220;classic&#8220; rt_bg_image_repeat=&#8220;repeat&#8220; rt_bg_size=&#8220;auto auto&#8220; rt_bg_position=&#8220;right top&#8220; rt_bg_attachment=&#8220;scroll&#8220;][vc_column_text]<\/p>\n<h3>Rollbarer Insektenschutz<\/h3>\n<p>[\/vc_column_text][vc_media_grid element_width=&#8220;2&#8243; grid_id=&#8220;vc_gid:1524615701946-3fff4c29-a4cd-2&#8243; include=&#8220;5791,5792,5793&#8243;][\/vc_column][vc_column width=&#8220;1\/3&#8243; rt_bg_effect=&#8220;classic&#8220; rt_bg_image_repeat=&#8220;repeat&#8220; rt_bg_size=&#8220;auto auto&#8220; rt_bg_position=&#8220;right top&#8220; rt_bg_attachment=&#8220;scroll&#8220;][vc_column_text]<\/p>\n<h3>Feststehender Insektenschutz<\/h3>\n<p>[\/vc_column_text][vc_media_grid element_width=&#8220;2&#8243; grid_id=&#8220;vc_gid:1524615701956-5f40a742-bbfd-7&#8243; include=&#8220;5789,5790&#8243;][\/vc_column][vc_column width=&#8220;1\/3&#8243; rt_bg_effect=&#8220;classic&#8220; rt_bg_image_repeat=&#8220;repeat&#8220; rt_bg_size=&#8220;auto auto&#8220; rt_bg_position=&#8220;right top&#8220; rt_bg_attachment=&#8220;scroll&#8220;][vc_column_text]<\/p>\n<h3>Vertikaler Insektenschutz<\/h3>\n<p>[\/vc_column_text][vc_single_image image=&#8220;5788&#8243; img_size=&#8220;full&#8220; alignment=&#8220;center&#8220; onclick=&#8220;link_image&#8220;][\/vc_column][\/vc_row][vc_row rt_row_background_width=&#8220;fullwidth&#8220; rt_row_content_width=&#8220;default&#8220; rt_row_style=&#8220;default-style&#8220; rt_row_height=&#8220;&#8220; rt_column_gaps=&#8220;&#8220; rt_row_shadows=&#8220;&#8220; rt_row_borders=&#8220;&#8220; rt_bg_effect=&#8220;classic&#8220; rt_bg_image_repeat=&#8220;repeat&#8220; rt_bg_size=&#8220;cover&#8220; rt_bg_position=&#8220;right top&#8220; rt_bg_attachment=&#8220;scroll&#8220; rt_bg_layer=&#8220;&#8220; rt_bg_video_format=&#8220;self-hosted&#8220;][vc_column rt_bg_effect=&#8220;classic&#8220; rt_bg_image_repeat=&#8220;repeat&#8220; rt_bg_size=&#8220;auto auto&#8220; rt_bg_position=&#8220;right top&#8220; rt_bg_attachment=&#8220;scroll&#8220;][vc_column_text]<strong>Pietta<\/strong>[\/vc_column_text][\/vc_column][\/vc_row][vc_row rt_row_background_width=&#8220;fullwidth&#8220; rt_row_content_width=&#8220;default&#8220; rt_row_style=&#8220;default-style&#8220; rt_row_height=&#8220;&#8220; rt_column_gaps=&#8220;&#8220; rt_row_shadows=&#8220;&#8220; rt_row_borders=&#8220;&#8220; rt_bg_effect=&#8220;classic&#8220; rt_bg_image_repeat=&#8220;repeat&#8220; rt_bg_size=&#8220;cover&#8220; rt_bg_position=&#8220;right top&#8220; rt_bg_attachment=&#8220;scroll&#8220; rt_bg_layer=&#8220;&#8220; rt_bg_video_format=&#8220;self-hosted&#8220;][vc_column rt_bg_effect=&#8220;classic&#8220; rt_bg_image_repeat=&#8220;repeat&#8220; rt_bg_size=&#8220;auto auto&#8220; rt_bg_position=&#8220;right top&#8220; rt_bg_attachment=&#8220;scroll&#8220;][vc_media_grid element_width=&#8220;2&#8243; grid_id=&#8220;vc_gid:1524615701965-846c0fc7-0a69-10&#8243; include=&#8220;5794,5795,5796,5797,5798&#8243;][\/vc_column][\/vc_row]<\/p>\n<\/div>","protected":false},"excerpt":{"rendered":"<p>[vc_row rt_row_background_width=&#8220;fullwidth&#8220; rt_row_content_width=&#8220;default&#8220; rt_row_style=&#8220;default-style&#8220; rt_row_height=&#8220;&#8220; rt_column_gaps=&#8220;&#8220; rt_row_shadows=&#8220;&#8220; rt_row_borders=&#8220;&#8220; rt_bg_effect=&#8220;classic&#8220; rt_bg_image_repeat=&#8220;repeat&#8220; rt_bg_size=&#8220;cover&#8220; rt_bg_position=&#8220;right top&#8220; rt_bg_attachment=&#8220;scroll&#8220; rt_bg_layer=&#8220;&#8220; rt_bg_video_format=&#8220;self-hosted&#8220;][vc_column rt_bg_effect=&#8220;classic&#8220; rt_bg_image_repeat=&#8220;repeat&#8220; rt_bg_size=&#8220;auto auto&#8220; rt_bg_position=&#8220;right top&#8220; rt_bg_attachment=&#8220;scroll&#8220;][vc_column_text]Insektenschutz besteht aus Alurahmen mit luftdurchl\u00e4ssigem Schutznetz, der jedoch keine Insekten durchl\u00e4sst. \u00dcblich werden sie von Fensterau\u00dfenseite montiert. In unserem Assortiment werden rollbarer, feststehender und vertikaler Insektenschutz angeboten.[\/vc_column_text][\/vc_column][\/vc_row][vc_row rt_row_background_width=&#8220;fullwidth&#8220; rt_row_content_width=&#8220;default&#8220; rt_row_style=&#8220;default-style&#8220; rt_row_height=&#8220;&#8220; rt_column_gaps=&#8220;&#8220; [&hellip;]<\/p>\n","protected":false},"author":1,"featured_media":5788,"parent":4705,"menu_order":0,"comment_status":"closed","ping_status":"closed","template":"","meta":{"footnotes":""},"class_list":["post-5801","page","type-page","status-publish","has-post-thumbnail","hentry"],"yoast_head":"<!-- This site is optimized with the Yoast SEO plugin v27.3 - https:\/\/yoast.com\/product\/yoast-seo-wordpress\/ -->\n<title>Insektenschutz f\u00fcr Fenster - Ponistra Biorine<\/title>\n<meta name=\"description\" content=\"Insektenschutz besteht aus Alurahmen mit luftdurchl\u00e4ssigem Schutznetz, der jedoch keine Insekten durchl\u00e4sst. \u00dcblich werden sie von Fensterau\u00dfenseite montiert.\" \/>\n<meta name=\"robots\" content=\"index, follow, max-snippet:-1, max-image-preview:large, max-video-preview:-1\" \/>\n<link rel=\"canonical\" href=\"https:\/\/ponistra.hr\/de\/produkte\/insektenschutz-fuer-fenster\/\" \/>\n<meta property=\"og:locale\" content=\"de_DE\" \/>\n<meta property=\"og:type\" content=\"article\" \/>\n<meta property=\"og:title\" content=\"Insektenschutz f\u00fcr Fenster - Ponistra Biorine\" \/>\n<meta property=\"og:description\" content=\"Insektenschutz besteht aus Alurahmen mit luftdurchl\u00e4ssigem Schutznetz, der jedoch keine Insekten durchl\u00e4sst. \u00dcblich werden sie von Fensterau\u00dfenseite montiert.\" \/>\n<meta property=\"og:url\" content=\"https:\/\/ponistra.hr\/de\/produkte\/insektenschutz-fuer-fenster\/\" \/>\n<meta property=\"og:site_name\" content=\"Ponistra Biorine\" \/>\n<meta property=\"article:modified_time\" content=\"2024-06-13T09:07:36+00:00\" \/>\n<meta property=\"og:image\" content=\"https:\/\/ponistra.hr\/wp-content\/uploads\/2018\/04\/komarica-5.jpg\" \/>\n\t<meta property=\"og:image:width\" content=\"509\" \/>\n\t<meta property=\"og:image:height\" content=\"450\" \/>\n\t<meta property=\"og:image:type\" content=\"image\/jpeg\" \/>\n<meta name=\"twitter:card\" content=\"summary_large_image\" \/>\n<meta name=\"twitter:label1\" content=\"Gesch\u00e4tzte Lesezeit\" \/>\n\t<meta name=\"twitter:data1\" content=\"1\u00a0Minute\" \/>\n<script type=\"application\/ld+json\" class=\"yoast-schema-graph\">{\"@context\":\"https:\\\/\\\/schema.org\",\"@graph\":[{\"@type\":\"WebPage\",\"@id\":\"https:\\\/\\\/ponistra.hr\\\/de\\\/produkte\\\/insektenschutz-fuer-fenster\\\/\",\"url\":\"https:\\\/\\\/ponistra.hr\\\/de\\\/produkte\\\/insektenschutz-fuer-fenster\\\/\",\"name\":\"Insektenschutz f\u00fcr Fenster - Ponistra Biorine\",\"isPartOf\":{\"@id\":\"https:\\\/\\\/ponistra.hr\\\/#website\"},\"primaryImageOfPage\":{\"@id\":\"https:\\\/\\\/ponistra.hr\\\/de\\\/produkte\\\/insektenschutz-fuer-fenster\\\/#primaryimage\"},\"image\":{\"@id\":\"https:\\\/\\\/ponistra.hr\\\/de\\\/produkte\\\/insektenschutz-fuer-fenster\\\/#primaryimage\"},\"thumbnailUrl\":\"https:\\\/\\\/ponistra.hr\\\/wp-content\\\/uploads\\\/2018\\\/04\\\/komarica-5.jpg\",\"datePublished\":\"2018-04-25T00:19:51+00:00\",\"dateModified\":\"2024-06-13T09:07:36+00:00\",\"description\":\"Insektenschutz besteht aus Alurahmen mit luftdurchl\u00e4ssigem Schutznetz, der jedoch keine Insekten durchl\u00e4sst. \u00dcblich werden sie von Fensterau\u00dfenseite montiert.\",\"breadcrumb\":{\"@id\":\"https:\\\/\\\/ponistra.hr\\\/de\\\/produkte\\\/insektenschutz-fuer-fenster\\\/#breadcrumb\"},\"inLanguage\":\"de\",\"potentialAction\":[{\"@type\":\"ReadAction\",\"target\":[\"https:\\\/\\\/ponistra.hr\\\/de\\\/produkte\\\/insektenschutz-fuer-fenster\\\/\"]}]},{\"@type\":\"ImageObject\",\"inLanguage\":\"de\",\"@id\":\"https:\\\/\\\/ponistra.hr\\\/de\\\/produkte\\\/insektenschutz-fuer-fenster\\\/#primaryimage\",\"url\":\"https:\\\/\\\/ponistra.hr\\\/wp-content\\\/uploads\\\/2018\\\/04\\\/komarica-5.jpg\",\"contentUrl\":\"https:\\\/\\\/ponistra.hr\\\/wp-content\\\/uploads\\\/2018\\\/04\\\/komarica-5.jpg\",\"width\":509,\"height\":450,\"caption\":\"Ponistra Biorine\"},{\"@type\":\"BreadcrumbList\",\"@id\":\"https:\\\/\\\/ponistra.hr\\\/de\\\/produkte\\\/insektenschutz-fuer-fenster\\\/#breadcrumb\",\"itemListElement\":[{\"@type\":\"ListItem\",\"position\":1,\"name\":\"Home\",\"item\":\"https:\\\/\\\/ponistra.hr\\\/de\\\/\"},{\"@type\":\"ListItem\",\"position\":2,\"name\":\"Produkte\",\"item\":\"https:\\\/\\\/ponistra.hr\\\/de\\\/produkte\\\/\"},{\"@type\":\"ListItem\",\"position\":3,\"name\":\"Insektenschutz f\u00fcr Fenster\"}]},{\"@type\":\"WebSite\",\"@id\":\"https:\\\/\\\/ponistra.hr\\\/#website\",\"url\":\"https:\\\/\\\/ponistra.hr\\\/\",\"name\":\"Ponistra Biorine\",\"description\":\"quality and innovation\",\"potentialAction\":[{\"@type\":\"SearchAction\",\"target\":{\"@type\":\"EntryPoint\",\"urlTemplate\":\"https:\\\/\\\/ponistra.hr\\\/?s={search_term_string}\"},\"query-input\":{\"@type\":\"PropertyValueSpecification\",\"valueRequired\":true,\"valueName\":\"search_term_string\"}}],\"inLanguage\":\"de\"}]}<\/script>\n<!-- \/ Yoast SEO plugin. -->","yoast_head_json":{"title":"Insektenschutz f\u00fcr Fenster - Ponistra Biorine","description":"Insektenschutz besteht aus Alurahmen mit luftdurchl\u00e4ssigem Schutznetz, der jedoch keine Insekten durchl\u00e4sst. \u00dcblich werden sie von Fensterau\u00dfenseite montiert.","robots":{"index":"index","follow":"follow","max-snippet":"max-snippet:-1","max-image-preview":"max-image-preview:large","max-video-preview":"max-video-preview:-1"},"canonical":"https:\/\/ponistra.hr\/de\/produkte\/insektenschutz-fuer-fenster\/","og_locale":"de_DE","og_type":"article","og_title":"Insektenschutz f\u00fcr Fenster - Ponistra Biorine","og_description":"Insektenschutz besteht aus Alurahmen mit luftdurchl\u00e4ssigem Schutznetz, der jedoch keine Insekten durchl\u00e4sst. \u00dcblich werden sie von Fensterau\u00dfenseite montiert.","og_url":"https:\/\/ponistra.hr\/de\/produkte\/insektenschutz-fuer-fenster\/","og_site_name":"Ponistra Biorine","article_modified_time":"2024-06-13T09:07:36+00:00","og_image":[{"width":509,"height":450,"url":"https:\/\/ponistra.hr\/wp-content\/uploads\/2018\/04\/komarica-5.jpg","type":"image\/jpeg"}],"twitter_card":"summary_large_image","twitter_misc":{"Gesch\u00e4tzte Lesezeit":"1\u00a0Minute"},"schema":{"@context":"https:\/\/schema.org","@graph":[{"@type":"WebPage","@id":"https:\/\/ponistra.hr\/de\/produkte\/insektenschutz-fuer-fenster\/","url":"https:\/\/ponistra.hr\/de\/produkte\/insektenschutz-fuer-fenster\/","name":"Insektenschutz f\u00fcr Fenster - Ponistra Biorine","isPartOf":{"@id":"https:\/\/ponistra.hr\/#website"},"primaryImageOfPage":{"@id":"https:\/\/ponistra.hr\/de\/produkte\/insektenschutz-fuer-fenster\/#primaryimage"},"image":{"@id":"https:\/\/ponistra.hr\/de\/produkte\/insektenschutz-fuer-fenster\/#primaryimage"},"thumbnailUrl":"https:\/\/ponistra.hr\/wp-content\/uploads\/2018\/04\/komarica-5.jpg","datePublished":"2018-04-25T00:19:51+00:00","dateModified":"2024-06-13T09:07:36+00:00","description":"Insektenschutz besteht aus Alurahmen mit luftdurchl\u00e4ssigem Schutznetz, der jedoch keine Insekten durchl\u00e4sst. \u00dcblich werden sie von Fensterau\u00dfenseite montiert.","breadcrumb":{"@id":"https:\/\/ponistra.hr\/de\/produkte\/insektenschutz-fuer-fenster\/#breadcrumb"},"inLanguage":"de","potentialAction":[{"@type":"ReadAction","target":["https:\/\/ponistra.hr\/de\/produkte\/insektenschutz-fuer-fenster\/"]}]},{"@type":"ImageObject","inLanguage":"de","@id":"https:\/\/ponistra.hr\/de\/produkte\/insektenschutz-fuer-fenster\/#primaryimage","url":"https:\/\/ponistra.hr\/wp-content\/uploads\/2018\/04\/komarica-5.jpg","contentUrl":"https:\/\/ponistra.hr\/wp-content\/uploads\/2018\/04\/komarica-5.jpg","width":509,"height":450,"caption":"Ponistra Biorine"},{"@type":"BreadcrumbList","@id":"https:\/\/ponistra.hr\/de\/produkte\/insektenschutz-fuer-fenster\/#breadcrumb","itemListElement":[{"@type":"ListItem","position":1,"name":"Home","item":"https:\/\/ponistra.hr\/de\/"},{"@type":"ListItem","position":2,"name":"Produkte","item":"https:\/\/ponistra.hr\/de\/produkte\/"},{"@type":"ListItem","position":3,"name":"Insektenschutz f\u00fcr Fenster"}]},{"@type":"WebSite","@id":"https:\/\/ponistra.hr\/#website","url":"https:\/\/ponistra.hr\/","name":"Ponistra Biorine","description":"quality and innovation","potentialAction":[{"@type":"SearchAction","target":{"@type":"EntryPoint","urlTemplate":"https:\/\/ponistra.hr\/?s={search_term_string}"},"query-input":{"@type":"PropertyValueSpecification","valueRequired":true,"valueName":"search_term_string"}}],"inLanguage":"de"}]}},"_links":{"self":[{"href":"https:\/\/ponistra.hr\/de\/wp-json\/wp\/v2\/pages\/5801","targetHints":{"allow":["GET"]}}],"collection":[{"href":"https:\/\/ponistra.hr\/de\/wp-json\/wp\/v2\/pages"}],"about":[{"href":"https:\/\/ponistra.hr\/de\/wp-json\/wp\/v2\/types\/page"}],"author":[{"embeddable":true,"href":"https:\/\/ponistra.hr\/de\/wp-json\/wp\/v2\/users\/1"}],"replies":[{"embeddable":true,"href":"https:\/\/ponistra.hr\/de\/wp-json\/wp\/v2\/comments?post=5801"}],"version-history":[{"count":2,"href":"https:\/\/ponistra.hr\/de\/wp-json\/wp\/v2\/pages\/5801\/revisions"}],"predecessor-version":[{"id":5806,"href":"https:\/\/ponistra.hr\/de\/wp-json\/wp\/v2\/pages\/5801\/revisions\/5806"}],"up":[{"embeddable":true,"href":"https:\/\/ponistra.hr\/de\/wp-json\/wp\/v2\/pages\/4705"}],"wp:featuredmedia":[{"embeddable":true,"href":"https:\/\/ponistra.hr\/de\/wp-json\/wp\/v2\/media\/5788"}],"wp:attachment":[{"href":"https:\/\/ponistra.hr\/de\/wp-json\/wp\/v2\/media?parent=5801"}],"curies":[{"name":"wp","href":"https:\/\/api.w.org\/{rel}","templated":true}]}}