{"id":5864,"date":"2018-04-25T02:00:44","date_gmt":"2018-04-25T02:00:44","guid":{"rendered":"http:\/\/ponistra.hr\/proizvodi\/grilje\/alu-grilje\/"},"modified":"2024-06-11T16:44:48","modified_gmt":"2024-06-11T16:44:48","slug":"alufensterlaeden","status":"publish","type":"page","link":"https:\/\/ponistra.hr\/de\/alufensterlaeden\/","title":{"rendered":"Alufensterl\u00e4den"},"content":{"rendered":"<div class=\"wpb-content-wrapper\"><p>[vc_row rt_row_background_width=&#8220;fullwidth&#8220; rt_row_content_width=&#8220;default&#8220; rt_row_style=&#8220;default-style&#8220; rt_row_height=&#8220;&#8220; rt_column_gaps=&#8220;&#8220; rt_row_shadows=&#8220;&#8220; rt_row_borders=&#8220;&#8220; rt_bg_effect=&#8220;classic&#8220; rt_bg_image_repeat=&#8220;repeat&#8220; rt_bg_size=&#8220;cover&#8220; rt_bg_position=&#8220;right top&#8220; rt_bg_attachment=&#8220;scroll&#8220; rt_bg_layer=&#8220;&#8220; rt_bg_video_format=&#8220;self-hosted&#8220;][vc_column rt_bg_effect=&#8220;classic&#8220; rt_bg_image_repeat=&#8220;repeat&#8220; rt_bg_size=&#8220;auto auto&#8220; rt_bg_position=&#8220;right top&#8220; rt_bg_attachment=&#8220;scroll&#8220;][vc_column_text]<\/p>\n<div class=\"vc_row wpb_row vc_row-fluid\">\n<div class=\"inner\">\n<div class=\"wpb_column vc_column_container vc_col-sm-12\">\n<div class=\"vc_column-inner \">\n<div class=\"wpb_wrapper\">\n<div class=\"wpb_text_column wpb_content_element \">\n<div class=\"wpb_wrapper\">\n<div class=\"vc_row wpb_row vc_row-fluid\">\n<div class=\"inner\">\n<div class=\"wpb_column vc_column_container vc_col-sm-12\">\n<div class=\"vc_column-inner \">\n<div class=\"wpb_wrapper\">\n<div class=\"wpb_text_column wpb_content_element \">\n<div class=\"wpb_wrapper\">\n<p>Fensterl\u00e4den k\u00f6nnen ein Zierzusatz dem \u00e4u\u00dferen Aussehen des Objektes sein, und dazu bieten sie effektive Raumverdunkelung und gro\u00dfen Schutz vor Unwetter.<\/p>\n<p><strong>Alufensterl\u00e4den<\/strong>\u00a0k\u00f6nnen mit bewegenden und feststehenden Lamellen, in\u00a0<strong>einer Farbe nach Ihrer Wahl<\/strong>\u00a0gefertigt werden. Bewegende Lamellen erm\u00f6glichen Lichtdurchlass und Raumbel\u00fcftung.<\/p>\n<p>Alufensterl\u00e4den haben sich als\u00a0<strong>sehr guter Sonnenschutz<\/strong>\u00a0bew\u00e4hrt, an der Adriak\u00fcste, als auch in kontinentalem Kroatien.<\/p>\n<\/div>\n<\/div>\n<\/div>\n<\/div>\n<\/div>\n<\/div>\n<\/div>\n<\/div>\n<\/div>\n<\/div>\n<\/div>\n<\/div>\n<\/div>\n<\/div>\n<p>[\/vc_column_text][\/vc_column][\/vc_row][vc_row rt_row_background_width=&#8220;fullwidth&#8220; rt_row_content_width=&#8220;default&#8220; rt_row_style=&#8220;default-style&#8220; rt_row_height=&#8220;&#8220; rt_column_gaps=&#8220;&#8220; rt_row_shadows=&#8220;&#8220; rt_row_borders=&#8220;&#8220; rt_bg_effect=&#8220;classic&#8220; rt_bg_image_repeat=&#8220;repeat&#8220; rt_bg_size=&#8220;cover&#8220; rt_bg_position=&#8220;right top&#8220; rt_bg_attachment=&#8220;scroll&#8220; rt_bg_layer=&#8220;&#8220; rt_bg_video_format=&#8220;self-hosted&#8220;][vc_column width=&#8220;1\/3&#8243; rt_bg_effect=&#8220;classic&#8220; rt_bg_image_repeat=&#8220;repeat&#8220; rt_bg_size=&#8220;auto auto&#8220; rt_bg_position=&#8220;right top&#8220; rt_bg_attachment=&#8220;scroll&#8220;][vc_gallery interval=&#8220;0&#8243; images=&#8220;5829,5830,5831&#8243; img_size=&#8220;300&#215;300&#8243; el_class=&#8220;gallery_override&#8220;][vc_custom_heading text=&#8220;ALU Schiebefensterl\u00e4den&#8220; font_container=&#8220;tag:h3|text_align:center&#8220; use_theme_fonts=&#8220;yes&#8220;][\/vc_column][vc_column width=&#8220;1\/3&#8243; rt_bg_effect=&#8220;classic&#8220; rt_bg_image_repeat=&#8220;repeat&#8220; rt_bg_size=&#8220;auto auto&#8220; rt_bg_position=&#8220;right top&#8220; rt_bg_attachment=&#8220;scroll&#8220;][vc_gallery interval=&#8220;3&#8243; images=&#8220;5827,5826,5825,5824&#8243; el_class=&#8220;gallery_override&#8220;][vc_custom_heading text=&#8220;ALU Faltfensterl\u00e4den&#8220; font_container=&#8220;tag:h3|text_align:center&#8220; use_theme_fonts=&#8220;yes&#8220;][\/vc_column][vc_column width=&#8220;1\/3&#8243; rt_bg_effect=&#8220;classic&#8220; rt_bg_image_repeat=&#8220;repeat&#8220; rt_bg_size=&#8220;auto auto&#8220; rt_bg_position=&#8220;right top&#8220; rt_bg_attachment=&#8220;scroll&#8220;][vc_gallery interval=&#8220;3&#8243; images=&#8220;6286,6285,6284&#8243;][vc_custom_heading text=&#8220;Schiebefensterl\u00e4den ohne Rahmen&#8220; font_container=&#8220;tag:h3|text_align:center&#8220; use_theme_fonts=&#8220;yes&#8220;][\/vc_column][\/vc_row][vc_row rt_row_background_width=&#8220;fullwidth&#8220; rt_row_content_width=&#8220;default&#8220; rt_row_style=&#8220;default-style&#8220; rt_row_height=&#8220;&#8220; rt_column_gaps=&#8220;&#8220; rt_row_shadows=&#8220;&#8220; rt_row_borders=&#8220;&#8220; rt_bg_effect=&#8220;classic&#8220; rt_bg_image_repeat=&#8220;repeat&#8220; rt_bg_size=&#8220;cover&#8220; rt_bg_position=&#8220;right top&#8220; rt_bg_attachment=&#8220;scroll&#8220; rt_bg_layer=&#8220;&#8220; rt_bg_video_format=&#8220;self-hosted&#8220;][vc_column width=&#8220;1\/3&#8243; rt_bg_effect=&#8220;classic&#8220; rt_bg_image_repeat=&#8220;repeat&#8220; rt_bg_size=&#8220;auto auto&#8220; rt_bg_position=&#8220;right top&#8220; rt_bg_attachment=&#8220;scroll&#8220;][vc_gallery interval=&#8220;3&#8243; images=&#8220;5820,5819,5818&#8243;][vc_custom_heading text=&#8220;BRAUN (RAL 8017) \u2013 \u201cchocolate\u201d&#8220; font_container=&#8220;tag:h3|text_align:center&#8220; use_theme_fonts=&#8220;yes&#8220;][\/vc_column][vc_column width=&#8220;1\/3&#8243; rt_bg_effect=&#8220;classic&#8220; rt_bg_image_repeat=&#8220;repeat&#8220; rt_bg_size=&#8220;auto auto&#8220; rt_bg_position=&#8220;right top&#8220; rt_bg_attachment=&#8220;scroll&#8220;][vc_gallery interval=&#8220;3&#8243; images=&#8220;5823,5822,5821&#8243;][vc_custom_heading text=&#8220;WEISS (RAL 9010)&#8220; font_container=&#8220;tag:h3|text_align:center&#8220; use_theme_fonts=&#8220;yes&#8220;][\/vc_column][vc_column width=&#8220;1\/3&#8243; rt_bg_effect=&#8220;classic&#8220; rt_bg_image_repeat=&#8220;repeat&#8220; rt_bg_size=&#8220;auto auto&#8220; rt_bg_position=&#8220;right top&#8220; rt_bg_attachment=&#8220;scroll&#8220;][vc_gallery interval=&#8220;3&#8243; images=&#8220;5817&#8243;][vc_custom_heading text=&#8220;Platinum grey (RAL 7036)&#8220; font_container=&#8220;tag:h3|text_align:center&#8220; use_theme_fonts=&#8220;yes&#8220;][\/vc_column][\/vc_row][vc_row rt_row_background_width=&#8220;fullwidth&#8220; rt_row_content_width=&#8220;default&#8220; rt_row_style=&#8220;default-style&#8220; rt_row_height=&#8220;&#8220; rt_column_gaps=&#8220;&#8220; rt_row_shadows=&#8220;&#8220; rt_row_borders=&#8220;&#8220; rt_bg_effect=&#8220;classic&#8220; rt_bg_image_repeat=&#8220;repeat&#8220; rt_bg_size=&#8220;cover&#8220; rt_bg_position=&#8220;right top&#8220; rt_bg_attachment=&#8220;scroll&#8220; rt_bg_layer=&#8220;&#8220; rt_bg_video_format=&#8220;self-hosted&#8220;][vc_column width=&#8220;1\/3&#8243; rt_bg_effect=&#8220;classic&#8220; rt_bg_image_repeat=&#8220;repeat&#8220; rt_bg_size=&#8220;auto auto&#8220; rt_bg_position=&#8220;right top&#8220; rt_bg_attachment=&#8220;scroll&#8220;][vc_gallery interval=&#8220;3&#8243; images=&#8220;5815,5814&#8243;][vc_custom_heading text=&#8220;HELLGR\u00dcN (RAL 6005)&#8220; font_container=&#8220;tag:h3|text_align:center&#8220; use_theme_fonts=&#8220;yes&#8220;][\/vc_column][vc_column width=&#8220;1\/3&#8243; rt_bg_effect=&#8220;classic&#8220; rt_bg_image_repeat=&#8220;repeat&#8220; rt_bg_size=&#8220;auto auto&#8220; rt_bg_position=&#8220;right top&#8220; rt_bg_attachment=&#8220;scroll&#8220;][vc_gallery interval=&#8220;3&#8243; images=&#8220;5816,5811,5812,5813&#8243;][vc_custom_heading text=&#8220;DUNKELGR\u00dcN (Punto verde) &#8220; font_container=&#8220;tag:h3|text_align:center&#8220; use_theme_fonts=&#8220;yes&#8220;][\/vc_column][vc_column width=&#8220;1\/3&#8243; rt_bg_effect=&#8220;classic&#8220; rt_bg_image_repeat=&#8220;repeat&#8220; rt_bg_size=&#8220;auto auto&#8220; rt_bg_position=&#8220;right top&#8220; rt_bg_attachment=&#8220;scroll&#8220;][vc_gallery interval=&#8220;3&#8243; images=&#8220;5810,5809,5808&#8243;][vc_custom_heading text=&#8220;HOLZIMITATION (Goldeiche)&#8220; font_container=&#8220;tag:h3|text_align:center&#8220; use_theme_fonts=&#8220;yes&#8220;][\/vc_column][\/vc_row][vc_row rt_row_background_width=&#8220;fullwidth&#8220; rt_row_content_width=&#8220;default&#8220; rt_row_style=&#8220;default-style&#8220; rt_row_height=&#8220;&#8220; rt_column_gaps=&#8220;&#8220; rt_row_shadows=&#8220;&#8220; rt_row_borders=&#8220;&#8220; rt_bg_effect=&#8220;classic&#8220; rt_bg_image_repeat=&#8220;repeat&#8220; rt_bg_size=&#8220;cover&#8220; rt_bg_position=&#8220;right top&#8220; rt_bg_attachment=&#8220;scroll&#8220; rt_bg_layer=&#8220;&#8220; rt_bg_video_format=&#8220;self-hosted&#8220;][vc_column width=&#8220;1\/3&#8243; rt_bg_effect=&#8220;classic&#8220; rt_bg_image_repeat=&#8220;repeat&#8220; rt_bg_size=&#8220;auto auto&#8220; rt_bg_position=&#8220;right top&#8220; rt_bg_attachment=&#8220;scroll&#8220;][vc_gallery interval=&#8220;3&#8243; images=&#8220;5828&#8243; img_size=&#8220;300&#215;300&#8243;][vc_custom_heading text=&#8220;ALU JALOUSIEN&#8220; font_container=&#8220;tag:h3|text_align:center&#8220; use_theme_fonts=&#8220;yes&#8220;][\/vc_column][vc_column width=&#8220;1\/3&#8243; rt_bg_effect=&#8220;classic&#8220; rt_bg_image_repeat=&#8220;repeat&#8220; rt_bg_size=&#8220;auto auto&#8220; rt_bg_position=&#8220;right top&#8220; rt_bg_attachment=&#8220;scroll&#8220;][\/vc_column][vc_column width=&#8220;1\/3&#8243; rt_bg_effect=&#8220;classic&#8220; rt_bg_image_repeat=&#8220;repeat&#8220; rt_bg_size=&#8220;auto auto&#8220; rt_bg_position=&#8220;right top&#8220; rt_bg_attachment=&#8220;scroll&#8220;][\/vc_column][\/vc_row][vc_row disable_element=&#8220;yes&#8220; rt_row_background_width=&#8220;fullwidth&#8220; rt_row_content_width=&#8220;default&#8220; rt_row_style=&#8220;default-style&#8220; rt_row_height=&#8220;&#8220; rt_column_gaps=&#8220;&#8220; rt_row_shadows=&#8220;&#8220; rt_row_borders=&#8220;&#8220; rt_bg_effect=&#8220;classic&#8220; rt_bg_image_repeat=&#8220;repeat&#8220; rt_bg_size=&#8220;cover&#8220; rt_bg_position=&#8220;right top&#8220; rt_bg_attachment=&#8220;scroll&#8220; rt_bg_layer=&#8220;&#8220; rt_bg_video_format=&#8220;self-hosted&#8220; rt_class=&#8220;rt-8875730&#8243; rt_paddings=&#8220;,,,&#8220; rt_margins=&#8220;,,,&#8220; rt_content_margins=&#8220;,,,&#8220; rt_tablet_paddings=&#8220;,,,&#8220; rt_tablet_margins=&#8220;,,,&#8220; rt_tablet_content_margins=&#8220;,,,&#8220; rt_sp_paddings=&#8220;,,,&#8220; rt_sp_margins=&#8220;,,,&#8220; rt_sp_content_margins=&#8220;,,,&#8220;][vc_column rt_bg_effect=&#8220;classic&#8220; rt_bg_image_repeat=&#8220;repeat&#8220; rt_bg_size=&#8220;auto auto&#8220; rt_bg_position=&#8220;right top&#8220; rt_bg_attachment=&#8220;scroll&#8220;][vc_media_grid element_width=&#8220;2&#8243; initial_loading_animation=&#8220;none&#8220; grid_id=&#8220;vc_gid:1579255146875-c179e8df-a5c5-1&#8243; include=&#8220;5831,5830,5829&#8243; el_class=&#8220;gallery_override&#8220;][vc_column_text]<\/p>\n<h3>Folding ALU shutters<\/h3>\n<p>[\/vc_column_text][vc_media_grid element_width=&#8220;2&#8243; grid_id=&#8220;vc_gid:1579255146882-4638e4e2-b3c3-7&#8243; include=&#8220;5824,5825,5826,5827&#8243;][vc_column_text]<\/p>\n<h3>ALU shutters without frame<\/h3>\n<p>[\/vc_column_text][vc_media_grid element_width=&#8220;2&#8243; grid_id=&#8220;vc_gid:1579255146889-e17cdac4-4e71-10&#8243; include=&#8220;6286,6285,6284&#8243;][vc_column_text]The choice of colours for alu shutters: according to the RAL colour chart !!!<\/p>\n<h3>Chocolate brown (RAL 8017)<\/h3>\n<p>[\/vc_column_text][vc_media_grid element_width=&#8220;2&#8243; grid_id=&#8220;vc_gid:1579255146894-aafe5083-c9c6-9&#8243; include=&#8220;5818,5819,5820&#8243;][vc_column_text]<\/p>\n<h3>Pure white (RAL 9010)<\/h3>\n<p>[\/vc_column_text][vc_media_grid element_width=&#8220;2&#8243; grid_id=&#8220;vc_gid:1579255146903-3f7d4e13-9173-1&#8243; include=&#8220;5821,5822,5823&#8243;][vc_column_text]<\/p>\n<h3>Dark green (Punto verde)<\/h3>\n<p>[\/vc_column_text][vc_media_grid element_width=&#8220;2&#8243; grid_id=&#8220;vc_gid:1579255146910-e30e8a8e-f8b2-8&#8243; include=&#8220;5811,5813,5812,5816&#8243;][vc_column_text]<\/p>\n<h3>Mosk green (RAL 6005)<\/h3>\n<p>[\/vc_column_text][vc_media_grid element_width=&#8220;2&#8243; grid_id=&#8220;vc_gid:1579255146917-a6702c5e-e7dc-1&#8243; include=&#8220;5814,5815&#8243;][vc_column_text]<\/p>\n<h3>Platinum grey (RAL 7036)<\/h3>\n<p>[\/vc_column_text][vc_media_grid element_width=&#8220;2&#8243; grid_id=&#8220;vc_gid:1579255146922-4b70104b-fcd5-1&#8243; include=&#8220;5817&#8243;][vc_column_text]<\/p>\n<h3>Wood colour (golden oak)<\/h3>\n<p>[\/vc_column_text][vc_media_grid element_width=&#8220;2&#8243; grid_id=&#8220;vc_gid:1579255146925-de1a327d-b564-0&#8243; include=&#8220;5808,5809,5810&#8243;][vc_column_text]<\/p>\n<h3>ALU SHUTTERS<\/h3>\n<p>[\/vc_column_text][vc_media_grid element_width=&#8220;2&#8243; grid_id=&#8220;vc_gid:1579255146932-38b99ae2-247f-10&#8243; include=&#8220;5828&#8243;][\/vc_column][\/vc_row]<\/p>\n<\/div>","protected":false},"excerpt":{"rendered":"<p>[vc_row rt_row_background_width=&#8220;fullwidth&#8220; rt_row_content_width=&#8220;default&#8220; rt_row_style=&#8220;default-style&#8220; rt_row_height=&#8220;&#8220; rt_column_gaps=&#8220;&#8220; rt_row_shadows=&#8220;&#8220; rt_row_borders=&#8220;&#8220; rt_bg_effect=&#8220;classic&#8220; rt_bg_image_repeat=&#8220;repeat&#8220; rt_bg_size=&#8220;cover&#8220; rt_bg_position=&#8220;right top&#8220; rt_bg_attachment=&#8220;scroll&#8220; rt_bg_layer=&#8220;&#8220; rt_bg_video_format=&#8220;self-hosted&#8220;][vc_column rt_bg_effect=&#8220;classic&#8220; rt_bg_image_repeat=&#8220;repeat&#8220; rt_bg_size=&#8220;auto auto&#8220; rt_bg_position=&#8220;right top&#8220; rt_bg_attachment=&#8220;scroll&#8220;][vc_column_text] Fensterl\u00e4den k\u00f6nnen ein Zierzusatz dem \u00e4u\u00dferen Aussehen des Objektes sein, und dazu bieten sie effektive Raumverdunkelung und gro\u00dfen Schutz vor Unwetter. Alufensterl\u00e4den\u00a0k\u00f6nnen mit bewegenden und feststehenden Lamellen, in\u00a0einer Farbe nach Ihrer Wahl\u00a0gefertigt [&hellip;]<\/p>\n","protected":false},"author":1,"featured_media":5821,"parent":0,"menu_order":0,"comment_status":"closed","ping_status":"closed","template":"","meta":{"footnotes":""},"class_list":["post-5864","page","type-page","status-publish","has-post-thumbnail","hentry"],"yoast_head":"<!-- This site is optimized with the Yoast SEO plugin v27.3 - https:\/\/yoast.com\/product\/yoast-seo-wordpress\/ -->\n<title>Alufensterl\u00e4den - Ponistra Biorine<\/title>\n<meta name=\"description\" content=\"Fensterl\u00e4den k\u00f6nnen ein Zierzusatz dem \u00e4u\u00dferen Aussehen des Objektes sein, und dazu bieten sie effektive Raumverdunkelung und gro\u00dfen Schutz vor Unwetter.\" \/>\n<meta name=\"robots\" content=\"index, follow, max-snippet:-1, max-image-preview:large, max-video-preview:-1\" \/>\n<link rel=\"canonical\" href=\"https:\/\/ponistra.hr\/de\/alufensterlaeden\/\" \/>\n<meta property=\"og:locale\" content=\"de_DE\" \/>\n<meta property=\"og:type\" content=\"article\" \/>\n<meta property=\"og:title\" content=\"Alufensterl\u00e4den - Ponistra Biorine\" \/>\n<meta property=\"og:description\" content=\"Fensterl\u00e4den k\u00f6nnen ein Zierzusatz dem \u00e4u\u00dferen Aussehen des Objektes sein, und dazu bieten sie effektive Raumverdunkelung und gro\u00dfen Schutz vor Unwetter.\" \/>\n<meta property=\"og:url\" content=\"https:\/\/ponistra.hr\/de\/alufensterlaeden\/\" \/>\n<meta property=\"og:site_name\" content=\"Ponistra Biorine\" \/>\n<meta property=\"article:modified_time\" content=\"2024-06-11T16:44:48+00:00\" \/>\n<meta property=\"og:image\" content=\"https:\/\/ponistra.hr\/wp-content\/uploads\/2018\/04\/alu-grilje-RAL-9010-1.jpg\" \/>\n\t<meta property=\"og:image:width\" content=\"460\" \/>\n\t<meta property=\"og:image:height\" content=\"450\" \/>\n\t<meta property=\"og:image:type\" content=\"image\/jpeg\" \/>\n<meta name=\"twitter:card\" content=\"summary_large_image\" \/>\n<meta name=\"twitter:label1\" content=\"Gesch\u00e4tzte Lesezeit\" \/>\n\t<meta name=\"twitter:data1\" content=\"3\u00a0Minuten\" \/>\n<script type=\"application\/ld+json\" class=\"yoast-schema-graph\">{\"@context\":\"https:\\\/\\\/schema.org\",\"@graph\":[{\"@type\":\"WebPage\",\"@id\":\"https:\\\/\\\/ponistra.hr\\\/de\\\/alufensterlaeden\\\/\",\"url\":\"https:\\\/\\\/ponistra.hr\\\/de\\\/alufensterlaeden\\\/\",\"name\":\"Alufensterl\u00e4den - Ponistra Biorine\",\"isPartOf\":{\"@id\":\"https:\\\/\\\/ponistra.hr\\\/#website\"},\"primaryImageOfPage\":{\"@id\":\"https:\\\/\\\/ponistra.hr\\\/de\\\/alufensterlaeden\\\/#primaryimage\"},\"image\":{\"@id\":\"https:\\\/\\\/ponistra.hr\\\/de\\\/alufensterlaeden\\\/#primaryimage\"},\"thumbnailUrl\":\"https:\\\/\\\/ponistra.hr\\\/wp-content\\\/uploads\\\/2018\\\/04\\\/alu-grilje-RAL-9010-1.jpg\",\"datePublished\":\"2018-04-25T02:00:44+00:00\",\"dateModified\":\"2024-06-11T16:44:48+00:00\",\"description\":\"Fensterl\u00e4den k\u00f6nnen ein Zierzusatz dem \u00e4u\u00dferen Aussehen des Objektes sein, und dazu bieten sie effektive Raumverdunkelung und gro\u00dfen Schutz vor Unwetter.\",\"breadcrumb\":{\"@id\":\"https:\\\/\\\/ponistra.hr\\\/de\\\/alufensterlaeden\\\/#breadcrumb\"},\"inLanguage\":\"de\",\"potentialAction\":[{\"@type\":\"ReadAction\",\"target\":[\"https:\\\/\\\/ponistra.hr\\\/de\\\/alufensterlaeden\\\/\"]}]},{\"@type\":\"ImageObject\",\"inLanguage\":\"de\",\"@id\":\"https:\\\/\\\/ponistra.hr\\\/de\\\/alufensterlaeden\\\/#primaryimage\",\"url\":\"https:\\\/\\\/ponistra.hr\\\/wp-content\\\/uploads\\\/2018\\\/04\\\/alu-grilje-RAL-9010-1.jpg\",\"contentUrl\":\"https:\\\/\\\/ponistra.hr\\\/wp-content\\\/uploads\\\/2018\\\/04\\\/alu-grilje-RAL-9010-1.jpg\",\"width\":460,\"height\":450,\"caption\":\"img\"},{\"@type\":\"BreadcrumbList\",\"@id\":\"https:\\\/\\\/ponistra.hr\\\/de\\\/alufensterlaeden\\\/#breadcrumb\",\"itemListElement\":[{\"@type\":\"ListItem\",\"position\":1,\"name\":\"Home\",\"item\":\"https:\\\/\\\/ponistra.hr\\\/de\\\/\"},{\"@type\":\"ListItem\",\"position\":2,\"name\":\"Alufensterl\u00e4den\"}]},{\"@type\":\"WebSite\",\"@id\":\"https:\\\/\\\/ponistra.hr\\\/#website\",\"url\":\"https:\\\/\\\/ponistra.hr\\\/\",\"name\":\"Ponistra Biorine\",\"description\":\"quality and innovation\",\"potentialAction\":[{\"@type\":\"SearchAction\",\"target\":{\"@type\":\"EntryPoint\",\"urlTemplate\":\"https:\\\/\\\/ponistra.hr\\\/?s={search_term_string}\"},\"query-input\":{\"@type\":\"PropertyValueSpecification\",\"valueRequired\":true,\"valueName\":\"search_term_string\"}}],\"inLanguage\":\"de\"}]}<\/script>\n<!-- \/ Yoast SEO plugin. -->","yoast_head_json":{"title":"Alufensterl\u00e4den - Ponistra Biorine","description":"Fensterl\u00e4den k\u00f6nnen ein Zierzusatz dem \u00e4u\u00dferen Aussehen des Objektes sein, und dazu bieten sie effektive Raumverdunkelung und gro\u00dfen Schutz vor Unwetter.","robots":{"index":"index","follow":"follow","max-snippet":"max-snippet:-1","max-image-preview":"max-image-preview:large","max-video-preview":"max-video-preview:-1"},"canonical":"https:\/\/ponistra.hr\/de\/alufensterlaeden\/","og_locale":"de_DE","og_type":"article","og_title":"Alufensterl\u00e4den - Ponistra Biorine","og_description":"Fensterl\u00e4den k\u00f6nnen ein Zierzusatz dem \u00e4u\u00dferen Aussehen des Objektes sein, und dazu bieten sie effektive Raumverdunkelung und gro\u00dfen Schutz vor Unwetter.","og_url":"https:\/\/ponistra.hr\/de\/alufensterlaeden\/","og_site_name":"Ponistra Biorine","article_modified_time":"2024-06-11T16:44:48+00:00","og_image":[{"width":460,"height":450,"url":"https:\/\/ponistra.hr\/wp-content\/uploads\/2018\/04\/alu-grilje-RAL-9010-1.jpg","type":"image\/jpeg"}],"twitter_card":"summary_large_image","twitter_misc":{"Gesch\u00e4tzte Lesezeit":"3\u00a0Minuten"},"schema":{"@context":"https:\/\/schema.org","@graph":[{"@type":"WebPage","@id":"https:\/\/ponistra.hr\/de\/alufensterlaeden\/","url":"https:\/\/ponistra.hr\/de\/alufensterlaeden\/","name":"Alufensterl\u00e4den - Ponistra Biorine","isPartOf":{"@id":"https:\/\/ponistra.hr\/#website"},"primaryImageOfPage":{"@id":"https:\/\/ponistra.hr\/de\/alufensterlaeden\/#primaryimage"},"image":{"@id":"https:\/\/ponistra.hr\/de\/alufensterlaeden\/#primaryimage"},"thumbnailUrl":"https:\/\/ponistra.hr\/wp-content\/uploads\/2018\/04\/alu-grilje-RAL-9010-1.jpg","datePublished":"2018-04-25T02:00:44+00:00","dateModified":"2024-06-11T16:44:48+00:00","description":"Fensterl\u00e4den k\u00f6nnen ein Zierzusatz dem \u00e4u\u00dferen Aussehen des Objektes sein, und dazu bieten sie effektive Raumverdunkelung und gro\u00dfen Schutz vor Unwetter.","breadcrumb":{"@id":"https:\/\/ponistra.hr\/de\/alufensterlaeden\/#breadcrumb"},"inLanguage":"de","potentialAction":[{"@type":"ReadAction","target":["https:\/\/ponistra.hr\/de\/alufensterlaeden\/"]}]},{"@type":"ImageObject","inLanguage":"de","@id":"https:\/\/ponistra.hr\/de\/alufensterlaeden\/#primaryimage","url":"https:\/\/ponistra.hr\/wp-content\/uploads\/2018\/04\/alu-grilje-RAL-9010-1.jpg","contentUrl":"https:\/\/ponistra.hr\/wp-content\/uploads\/2018\/04\/alu-grilje-RAL-9010-1.jpg","width":460,"height":450,"caption":"img"},{"@type":"BreadcrumbList","@id":"https:\/\/ponistra.hr\/de\/alufensterlaeden\/#breadcrumb","itemListElement":[{"@type":"ListItem","position":1,"name":"Home","item":"https:\/\/ponistra.hr\/de\/"},{"@type":"ListItem","position":2,"name":"Alufensterl\u00e4den"}]},{"@type":"WebSite","@id":"https:\/\/ponistra.hr\/#website","url":"https:\/\/ponistra.hr\/","name":"Ponistra Biorine","description":"quality and innovation","potentialAction":[{"@type":"SearchAction","target":{"@type":"EntryPoint","urlTemplate":"https:\/\/ponistra.hr\/?s={search_term_string}"},"query-input":{"@type":"PropertyValueSpecification","valueRequired":true,"valueName":"search_term_string"}}],"inLanguage":"de"}]}},"_links":{"self":[{"href":"https:\/\/ponistra.hr\/de\/wp-json\/wp\/v2\/pages\/5864","targetHints":{"allow":["GET"]}}],"collection":[{"href":"https:\/\/ponistra.hr\/de\/wp-json\/wp\/v2\/pages"}],"about":[{"href":"https:\/\/ponistra.hr\/de\/wp-json\/wp\/v2\/types\/page"}],"author":[{"embeddable":true,"href":"https:\/\/ponistra.hr\/de\/wp-json\/wp\/v2\/users\/1"}],"replies":[{"embeddable":true,"href":"https:\/\/ponistra.hr\/de\/wp-json\/wp\/v2\/comments?post=5864"}],"version-history":[{"count":4,"href":"https:\/\/ponistra.hr\/de\/wp-json\/wp\/v2\/pages\/5864\/revisions"}],"predecessor-version":[{"id":5867,"href":"https:\/\/ponistra.hr\/de\/wp-json\/wp\/v2\/pages\/5864\/revisions\/5867"}],"wp:featuredmedia":[{"embeddable":true,"href":"https:\/\/ponistra.hr\/de\/wp-json\/wp\/v2\/media\/5821"}],"wp:attachment":[{"href":"https:\/\/ponistra.hr\/de\/wp-json\/wp\/v2\/media?parent=5864"}],"curies":[{"name":"wp","href":"https:\/\/api.w.org\/{rel}","templated":true}]}}