{"id":6076,"date":"2018-03-30T10:18:34","date_gmt":"2018-03-30T10:18:34","guid":{"rendered":"http:\/\/ponistra.hr\/usluge\/"},"modified":"2024-06-11T17:01:35","modified_gmt":"2024-06-11T17:01:35","slug":"dienstleistungen","status":"publish","type":"page","link":"https:\/\/ponistra.hr\/de\/dienstleistungen\/","title":{"rendered":"Dienstleistungen"},"content":{"rendered":"<div class=\"wpb-content-wrapper\"><p>[vc_row rt_row_background_width=&#8220;fullwidth&#8220; rt_row_content_width=&#8220;default&#8220; rt_row_style=&#8220;default-style&#8220; rt_row_height=&#8220;&#8220; rt_column_gaps=&#8220;&#8220; rt_row_shadows=&#8220;&#8220; rt_row_borders=&#8220;&#8220; rt_bg_effect=&#8220;classic&#8220; rt_bg_image_repeat=&#8220;repeat&#8220; rt_bg_size=&#8220;cover&#8220; rt_bg_position=&#8220;right top&#8220; rt_bg_attachment=&#8220;scroll&#8220; rt_bg_layer=&#8220;&#8220; rt_bg_video_format=&#8220;self-hosted&#8220;][vc_column width=&#8220;2\/3&#8243; rt_bg_effect=&#8220;classic&#8220; rt_bg_image_repeat=&#8220;repeat&#8220; rt_bg_size=&#8220;auto auto&#8220; rt_bg_position=&#8220;right top&#8220; rt_bg_attachment=&#8220;scroll&#8220;][vc_column_text]Einem erfolgreichen Einbau gehen richtig genommen Ma\u00dfen voraus. So wird f\u00fcr jede \u00d6ffnung nat\u00fcrliche Ma\u00dfen genommen, nach denen wir ein kostenloses Angebot ausstellen. In einer vereinbarten Frist lassen wir Fenster &amp; T\u00fcren fertigen, und danach werden diese von uns geliefert und eingebaut.<\/p>\n<p>Einbauverfahren von PVC Fenster &amp; T\u00fcren erfolgt wie bei Einbau von Holzfenster und -t\u00fcren, mit dem System von Expandierschaum und Montagefolie.<\/p>\n<p><strong>GARANTIE 5 JAHRE!!!<\/strong>[\/vc_column_text][\/vc_column][vc_column width=&#8220;1\/3&#8243; rt_bg_effect=&#8220;classic&#8220; rt_bg_image_repeat=&#8220;repeat&#8220; rt_bg_size=&#8220;auto auto&#8220; rt_bg_position=&#8220;right top&#8220; rt_bg_attachment=&#8220;scroll&#8220;][vc_single_image image=&#8220;4643&#8243; img_size=&#8220;full&#8220; alignment=&#8220;center&#8220;][\/vc_column][\/vc_row][vc_row rt_row_background_width=&#8220;fullwidth&#8220; rt_row_content_width=&#8220;default&#8220; rt_row_style=&#8220;default-style&#8220; rt_row_height=&#8220;&#8220; rt_column_gaps=&#8220;&#8220; rt_row_shadows=&#8220;&#8220; rt_row_borders=&#8220;&#8220; rt_bg_effect=&#8220;classic&#8220; rt_bg_image_repeat=&#8220;repeat&#8220; rt_bg_size=&#8220;cover&#8220; rt_bg_position=&#8220;right top&#8220; rt_bg_attachment=&#8220;scroll&#8220; rt_bg_layer=&#8220;&#8220; rt_bg_video_format=&#8220;self-hosted&#8220;][vc_column rt_bg_effect=&#8220;classic&#8220; rt_bg_image_repeat=&#8220;repeat&#8220; rt_bg_size=&#8220;auto auto&#8220; rt_bg_position=&#8220;right top&#8220; rt_bg_attachment=&#8220;scroll&#8220;][vc_custom_heading text=&#8220;Montage mit Folie&#8220; use_theme_fonts=&#8220;yes&#8220;][vc_media_grid element_width=&#8220;2&#8243; grid_id=&#8220;vc_gid:1524840470043-6a82af9d-c970-2&#8243; include=&#8220;4645,4644&#8243;][\/vc_column][\/vc_row]<\/p>\n<\/div>","protected":false},"excerpt":{"rendered":"<p>[vc_row rt_row_background_width=&#8220;fullwidth&#8220; rt_row_content_width=&#8220;default&#8220; rt_row_style=&#8220;default-style&#8220; rt_row_height=&#8220;&#8220; rt_column_gaps=&#8220;&#8220; rt_row_shadows=&#8220;&#8220; rt_row_borders=&#8220;&#8220; rt_bg_effect=&#8220;classic&#8220; rt_bg_image_repeat=&#8220;repeat&#8220; rt_bg_size=&#8220;cover&#8220; rt_bg_position=&#8220;right top&#8220; rt_bg_attachment=&#8220;scroll&#8220; rt_bg_layer=&#8220;&#8220; rt_bg_video_format=&#8220;self-hosted&#8220;][vc_column width=&#8220;2\/3&#8243; rt_bg_effect=&#8220;classic&#8220; rt_bg_image_repeat=&#8220;repeat&#8220; rt_bg_size=&#8220;auto auto&#8220; rt_bg_position=&#8220;right top&#8220; rt_bg_attachment=&#8220;scroll&#8220;][vc_column_text]Einem erfolgreichen Einbau gehen richtig genommen Ma\u00dfen voraus. So wird f\u00fcr jede \u00d6ffnung nat\u00fcrliche Ma\u00dfen genommen, nach denen wir ein kostenloses Angebot ausstellen. In einer vereinbarten Frist lassen wir Fenster &amp; T\u00fcren [&hellip;]<\/p>\n","protected":false},"author":1,"featured_media":0,"parent":0,"menu_order":0,"comment_status":"closed","ping_status":"closed","template":"","meta":{"footnotes":""},"class_list":["post-6076","page","type-page","status-publish","hentry"],"yoast_head":"<!-- This site is optimized with the Yoast SEO plugin v27.3 - https:\/\/yoast.com\/product\/yoast-seo-wordpress\/ -->\n<title>Dienstleistungen - Ponistra Biorine<\/title>\n<meta name=\"description\" content=\"Einem erfolgreichen Einbau gehen richtig genommen Ma\u00dfen voraus. So wird f\u00fcr jede \u00d6ffnung nat\u00fcrliche Ma\u00dfen genommen, nach denen wir ein kostenloses Angebot ausstellen. In einer vereinbarten Frist lassen wir Fenster &amp; T\u00fcren fertigen, und danach werden diese von uns geliefert und eingebaut.\" \/>\n<meta name=\"robots\" content=\"index, follow, max-snippet:-1, max-image-preview:large, max-video-preview:-1\" \/>\n<link rel=\"canonical\" href=\"https:\/\/ponistra.hr\/de\/dienstleistungen\/\" \/>\n<meta property=\"og:locale\" content=\"de_DE\" \/>\n<meta property=\"og:type\" content=\"article\" \/>\n<meta property=\"og:title\" content=\"Dienstleistungen - Ponistra Biorine\" \/>\n<meta property=\"og:description\" content=\"Einem erfolgreichen Einbau gehen richtig genommen Ma\u00dfen voraus. So wird f\u00fcr jede \u00d6ffnung nat\u00fcrliche Ma\u00dfen genommen, nach denen wir ein kostenloses Angebot ausstellen. In einer vereinbarten Frist lassen wir Fenster &amp; T\u00fcren fertigen, und danach werden diese von uns geliefert und eingebaut.\" \/>\n<meta property=\"og:url\" content=\"https:\/\/ponistra.hr\/de\/dienstleistungen\/\" \/>\n<meta property=\"og:site_name\" content=\"Ponistra Biorine\" \/>\n<meta property=\"article:modified_time\" content=\"2024-06-11T17:01:35+00:00\" \/>\n<meta name=\"twitter:card\" content=\"summary_large_image\" \/>\n<meta name=\"twitter:label1\" content=\"Gesch\u00e4tzte Lesezeit\" \/>\n\t<meta name=\"twitter:data1\" content=\"1\u00a0Minute\" \/>\n<script type=\"application\/ld+json\" class=\"yoast-schema-graph\">{\"@context\":\"https:\\\/\\\/schema.org\",\"@graph\":[{\"@type\":\"WebPage\",\"@id\":\"https:\\\/\\\/ponistra.hr\\\/de\\\/dienstleistungen\\\/\",\"url\":\"https:\\\/\\\/ponistra.hr\\\/de\\\/dienstleistungen\\\/\",\"name\":\"Dienstleistungen - Ponistra Biorine\",\"isPartOf\":{\"@id\":\"https:\\\/\\\/ponistra.hr\\\/#website\"},\"datePublished\":\"2018-03-30T10:18:34+00:00\",\"dateModified\":\"2024-06-11T17:01:35+00:00\",\"description\":\"Einem erfolgreichen Einbau gehen richtig genommen Ma\u00dfen voraus. So wird f\u00fcr jede \u00d6ffnung nat\u00fcrliche Ma\u00dfen genommen, nach denen wir ein kostenloses Angebot ausstellen. In einer vereinbarten Frist lassen wir Fenster & T\u00fcren fertigen, und danach werden diese von uns geliefert und eingebaut.\",\"breadcrumb\":{\"@id\":\"https:\\\/\\\/ponistra.hr\\\/de\\\/dienstleistungen\\\/#breadcrumb\"},\"inLanguage\":\"de\",\"potentialAction\":[{\"@type\":\"ReadAction\",\"target\":[\"https:\\\/\\\/ponistra.hr\\\/de\\\/dienstleistungen\\\/\"]}]},{\"@type\":\"BreadcrumbList\",\"@id\":\"https:\\\/\\\/ponistra.hr\\\/de\\\/dienstleistungen\\\/#breadcrumb\",\"itemListElement\":[{\"@type\":\"ListItem\",\"position\":1,\"name\":\"Home\",\"item\":\"https:\\\/\\\/ponistra.hr\\\/de\\\/\"},{\"@type\":\"ListItem\",\"position\":2,\"name\":\"Dienstleistungen\"}]},{\"@type\":\"WebSite\",\"@id\":\"https:\\\/\\\/ponistra.hr\\\/#website\",\"url\":\"https:\\\/\\\/ponistra.hr\\\/\",\"name\":\"Ponistra Biorine\",\"description\":\"quality and innovation\",\"potentialAction\":[{\"@type\":\"SearchAction\",\"target\":{\"@type\":\"EntryPoint\",\"urlTemplate\":\"https:\\\/\\\/ponistra.hr\\\/?s={search_term_string}\"},\"query-input\":{\"@type\":\"PropertyValueSpecification\",\"valueRequired\":true,\"valueName\":\"search_term_string\"}}],\"inLanguage\":\"de\"}]}<\/script>\n<!-- \/ Yoast SEO plugin. -->","yoast_head_json":{"title":"Dienstleistungen - Ponistra Biorine","description":"Einem erfolgreichen Einbau gehen richtig genommen Ma\u00dfen voraus. So wird f\u00fcr jede \u00d6ffnung nat\u00fcrliche Ma\u00dfen genommen, nach denen wir ein kostenloses Angebot ausstellen. In einer vereinbarten Frist lassen wir Fenster & T\u00fcren fertigen, und danach werden diese von uns geliefert und eingebaut.","robots":{"index":"index","follow":"follow","max-snippet":"max-snippet:-1","max-image-preview":"max-image-preview:large","max-video-preview":"max-video-preview:-1"},"canonical":"https:\/\/ponistra.hr\/de\/dienstleistungen\/","og_locale":"de_DE","og_type":"article","og_title":"Dienstleistungen - Ponistra Biorine","og_description":"Einem erfolgreichen Einbau gehen richtig genommen Ma\u00dfen voraus. So wird f\u00fcr jede \u00d6ffnung nat\u00fcrliche Ma\u00dfen genommen, nach denen wir ein kostenloses Angebot ausstellen. In einer vereinbarten Frist lassen wir Fenster & T\u00fcren fertigen, und danach werden diese von uns geliefert und eingebaut.","og_url":"https:\/\/ponistra.hr\/de\/dienstleistungen\/","og_site_name":"Ponistra Biorine","article_modified_time":"2024-06-11T17:01:35+00:00","twitter_card":"summary_large_image","twitter_misc":{"Gesch\u00e4tzte Lesezeit":"1\u00a0Minute"},"schema":{"@context":"https:\/\/schema.org","@graph":[{"@type":"WebPage","@id":"https:\/\/ponistra.hr\/de\/dienstleistungen\/","url":"https:\/\/ponistra.hr\/de\/dienstleistungen\/","name":"Dienstleistungen - Ponistra Biorine","isPartOf":{"@id":"https:\/\/ponistra.hr\/#website"},"datePublished":"2018-03-30T10:18:34+00:00","dateModified":"2024-06-11T17:01:35+00:00","description":"Einem erfolgreichen Einbau gehen richtig genommen Ma\u00dfen voraus. So wird f\u00fcr jede \u00d6ffnung nat\u00fcrliche Ma\u00dfen genommen, nach denen wir ein kostenloses Angebot ausstellen. In einer vereinbarten Frist lassen wir Fenster & T\u00fcren fertigen, und danach werden diese von uns geliefert und eingebaut.","breadcrumb":{"@id":"https:\/\/ponistra.hr\/de\/dienstleistungen\/#breadcrumb"},"inLanguage":"de","potentialAction":[{"@type":"ReadAction","target":["https:\/\/ponistra.hr\/de\/dienstleistungen\/"]}]},{"@type":"BreadcrumbList","@id":"https:\/\/ponistra.hr\/de\/dienstleistungen\/#breadcrumb","itemListElement":[{"@type":"ListItem","position":1,"name":"Home","item":"https:\/\/ponistra.hr\/de\/"},{"@type":"ListItem","position":2,"name":"Dienstleistungen"}]},{"@type":"WebSite","@id":"https:\/\/ponistra.hr\/#website","url":"https:\/\/ponistra.hr\/","name":"Ponistra Biorine","description":"quality and innovation","potentialAction":[{"@type":"SearchAction","target":{"@type":"EntryPoint","urlTemplate":"https:\/\/ponistra.hr\/?s={search_term_string}"},"query-input":{"@type":"PropertyValueSpecification","valueRequired":true,"valueName":"search_term_string"}}],"inLanguage":"de"}]}},"_links":{"self":[{"href":"https:\/\/ponistra.hr\/de\/wp-json\/wp\/v2\/pages\/6076","targetHints":{"allow":["GET"]}}],"collection":[{"href":"https:\/\/ponistra.hr\/de\/wp-json\/wp\/v2\/pages"}],"about":[{"href":"https:\/\/ponistra.hr\/de\/wp-json\/wp\/v2\/types\/page"}],"author":[{"embeddable":true,"href":"https:\/\/ponistra.hr\/de\/wp-json\/wp\/v2\/users\/1"}],"replies":[{"embeddable":true,"href":"https:\/\/ponistra.hr\/de\/wp-json\/wp\/v2\/comments?post=6076"}],"version-history":[{"count":1,"href":"https:\/\/ponistra.hr\/de\/wp-json\/wp\/v2\/pages\/6076\/revisions"}],"predecessor-version":[{"id":6078,"href":"https:\/\/ponistra.hr\/de\/wp-json\/wp\/v2\/pages\/6076\/revisions\/6078"}],"wp:attachment":[{"href":"https:\/\/ponistra.hr\/de\/wp-json\/wp\/v2\/media?parent=6076"}],"curies":[{"name":"wp","href":"https:\/\/api.w.org\/{rel}","templated":true}]}}